{"id":162,"date":"2023-02-15T11:49:14","date_gmt":"2023-02-15T10:49:14","guid":{"rendered":"https:\/\/solum.hu\/?page_id=162"},"modified":"2026-02-27T13:23:48","modified_gmt":"2026-02-27T12:23:48","slug":"fooldal","status":"publish","type":"page","link":"https:\/\/solum.hu\/de","title":{"rendered":"F\u0151oldal"},"content":{"rendered":"<div data-elementor-type=\"wp-page\" data-elementor-id=\"162\" class=\"elementor elementor-162\" data-elementor-post-type=\"page\">\n\t\t\t\t\t\t<section class=\"elementor-section elementor-top-section elementor-element elementor-element-d9127c1 elementor-section-boxed elementor-section-height-default elementor-section-height-default\" data-id=\"d9127c1\" data-element_type=\"section\">\n\t\t\t\t\t\t<div class=\"elementor-container elementor-column-gap-default\">\n\t\t\t\t\t<div class=\"elementor-column elementor-col-100 elementor-top-column elementor-element elementor-element-b47029a\" data-id=\"b47029a\" data-element_type=\"column\" data-settings=\"{&quot;background_background&quot;:&quot;slideshow&quot;,&quot;background_slideshow_gallery&quot;:[{&quot;id&quot;:3078,&quot;url&quot;:&quot;https:\\\/\\\/solum.hu\\\/wp-content\\\/uploads\\\/2025\\\/07\\\/DJI_20241125143042_0082_D_web.jpg&quot;},{&quot;id&quot;:3096,&quot;url&quot;:&quot;https:\\\/\\\/solum.hu\\\/wp-content\\\/uploads\\\/2025\\\/07\\\/2560x960_cover.jpg&quot;},{&quot;id&quot;:3091,&quot;url&quot;:&quot;https:\\\/\\\/solum.hu\\\/wp-content\\\/uploads\\\/2025\\\/07\\\/2560x960_cover2.jpg&quot;},{&quot;id&quot;:3092,&quot;url&quot;:&quot;https:\\\/\\\/solum.hu\\\/wp-content\\\/uploads\\\/2025\\\/07\\\/2560x960_cover3.jpg&quot;},{&quot;id&quot;:3093,&quot;url&quot;:&quot;https:\\\/\\\/solum.hu\\\/wp-content\\\/uploads\\\/2025\\\/07\\\/2560x960_cover4.jpg&quot;},{&quot;id&quot;:3094,&quot;url&quot;:&quot;https:\\\/\\\/solum.hu\\\/wp-content\\\/uploads\\\/2025\\\/07\\\/2560x960_cover5.jpg&quot;},{&quot;id&quot;:3095,&quot;url&quot;:&quot;https:\\\/\\\/solum.hu\\\/wp-content\\\/uploads\\\/2025\\\/07\\\/2560x960_cover6.jpg&quot;}],&quot;background_slideshow_slide_duration&quot;:3000,&quot;background_slideshow_loop&quot;:&quot;yes&quot;,&quot;background_slideshow_slide_transition&quot;:&quot;fade&quot;,&quot;background_slideshow_transition_duration&quot;:500}\">\n\t\t\t<div class=\"elementor-widget-wrap elementor-element-populated\">\n\t\t\t\t\t\t<div class=\"elementor-element elementor-element-88f8870 elementor-widget elementor-widget-spacer\" data-id=\"88f8870\" data-element_type=\"widget\" data-widget_type=\"spacer.default\">\n\t\t\t\t<div class=\"elementor-widget-container\">\n\t\t\t\t\t\t\t<div class=\"elementor-spacer\">\n\t\t\t<div class=\"elementor-spacer-inner\"><\/div>\n\t\t<\/div>\n\t\t\t\t\t\t<\/div>\n\t\t\t\t<\/div>\n\t\t\t\t\t<\/div>\n\t\t<\/div>\n\t\t\t\t\t<\/div>\n\t\t<\/section>\n\t\t\t\t<section class=\"elementor-section elementor-top-section elementor-element elementor-element-c5f25a4 elementor-section-boxed elementor-section-height-default elementor-section-height-default\" data-id=\"c5f25a4\" data-element_type=\"section\" data-settings=\"{&quot;background_background&quot;:&quot;classic&quot;}\">\n\t\t\t\t\t\t<div class=\"elementor-container elementor-column-gap-default\">\n\t\t\t\t\t<div class=\"elementor-column elementor-col-100 elementor-top-column elementor-element elementor-element-9840ea1\" data-id=\"9840ea1\" data-element_type=\"column\" data-settings=\"{&quot;background_background&quot;:&quot;classic&quot;}\">\n\t\t\t<div class=\"elementor-widget-wrap elementor-element-populated\">\n\t\t\t\t\t\t<div class=\"elementor-element elementor-element-98aadb7 elementor-widget elementor-widget-heading\" data-id=\"98aadb7\" data-element_type=\"widget\" data-widget_type=\"heading.default\">\n\t\t\t\t<div class=\"elementor-widget-container\">\n\t\t\t\t\t<h1 class=\"elementor-heading-title elementor-size-default\">\u00dcber SOLUM<\/h1>\t\t\t\t<\/div>\n\t\t\t\t<\/div>\n\t\t\t\t<div class=\"elementor-element elementor-element-99562ff elementor-widget elementor-widget-text-editor\" data-id=\"99562ff\" data-element_type=\"widget\" data-widget_type=\"text-editor.default\">\n\t\t\t\t<div class=\"elementor-widget-container\">\n\t\t\t\t\t\t\t\t\t<p>Die SOLUM AG wurde 1991 als Nachfolger der Gy\u00f6rgy Klapka Agrargenossenschaft gegr\u00fcndet und vereint 170 Anteilseigner. Seit ihrer Gr\u00fcndung hat sich die Gesellschaft durch die parallele und harmonische Entwicklung von Tierzucht und Pflanzenbau erfolgreich etabliert. Schl\u00fcsselinvestitionen wie die Bew\u00e4sserungstechnologie, neue Anlagen in der Milchviehhaltung und Mechanisierung im Grundfutter- und Kartoffelanbau haben ma\u00dfgeblich zum Erfolg beigetragen.<\/p>\t\t\t\t\t\t\t\t<\/div>\n\t\t\t\t<\/div>\n\t\t\t\t<div class=\"elementor-element elementor-element-09a89b3 elementor-widget elementor-widget-tp-button\" data-id=\"09a89b3\" data-element_type=\"widget\" data-widget_type=\"tp-button.default\">\n\t\t\t\t<div class=\"elementor-widget-container\">\n\t\t\t\t\t<div class=\"pt-plus-button-wrapper   text-left\"><div class=\"button_parallax\" ><div id=\"button69e2e55e113d6\"  class=\"text-left ts-button content_hover_effect\" ><div class=\"pt_plus_button btn69e2e55e0e5e0 button-style-1\"  ><div class=\"animted-content-inner\"><a href=\"https:\/\/solum.hu\/de\/uber-solum\/\" class=\"button-link-wrap\" role=\"button\" data-hover=\"B\u0151vebben\"  ><i class=\"btn-icon button-before fa fa-chevron-right\"><\/i>Mehr erfahren<div class=\"button_line\"><\/div><\/a><\/div><\/div><\/div><\/div><\/div>\t\t\t\t<\/div>\n\t\t\t\t<\/div>\n\t\t\t\t\t<\/div>\n\t\t<\/div>\n\t\t\t\t\t<\/div>\n\t\t<\/section>\n\t\t\t\t<section class=\"elementor-section elementor-top-section elementor-element elementor-element-41e6628 elementor-section-boxed elementor-section-height-default elementor-section-height-default\" data-id=\"41e6628\" data-element_type=\"section\" data-settings=\"{&quot;background_background&quot;:&quot;classic&quot;}\">\n\t\t\t\t\t\t<div class=\"elementor-container elementor-column-gap-default\">\n\t\t\t\t\t<div class=\"elementor-column elementor-col-100 elementor-top-column elementor-element elementor-element-3ec4e1e\" data-id=\"3ec4e1e\" data-element_type=\"column\" data-settings=\"{&quot;background_background&quot;:&quot;classic&quot;}\">\n\t\t\t<div class=\"elementor-widget-wrap elementor-element-populated\">\n\t\t\t\t\t\t<div class=\"elementor-element elementor-element-a32acfb elementor-widget elementor-widget-heading\" data-id=\"a32acfb\" data-element_type=\"widget\" data-widget_type=\"heading.default\">\n\t\t\t\t<div class=\"elementor-widget-container\">\n\t\t\t\t\t<h2 class=\"elementor-heading-title elementor-size-default\">Nachrichten<\/h2>\t\t\t\t<\/div>\n\t\t\t\t<\/div>\n\t\t\t\t<div class=\"theplus-equal-height elementor-element elementor-element-6d28e28 elementor-widget elementor-widget-tp-blog-listout\" data-tp-equal-height-loadded=\".blog-list-content\" data-id=\"6d28e28\" data-element_type=\"widget\" data-widget_type=\"tp-blog-listout.default\">\n\t\t\t\t\t<div id=\"pt-plus-blog-post-list\" class=\"blog-list post69e2e55e1cc6c  list-isotope  blog-style-2 hover-image-style-1 layout-style-2\"  data-layout-type=\"fitRows\"   data-id=\"post69e2e55e1cc6c\" data-style=\"style-2\"   dir= \"data-enable-isotope=\"1\"\" filter-type = \"normal\"><div id=\"post69e2e55e1cc6c\" class=\"tp-row post-inner-loop post69e2e55e1cc6c text-left\" data-extparam= '{\"loading-opt\":\"skeleton\",\"URL-para\":\"\"}'  ><div class=\"grid-item metro-item  tp-col-lg-4 tp-col-md-4 tp-col-sm-12 tp-col-12\"><article id=\"post-3170\" class=\"post-3170 post type-post status-publish format-standard has-post-thumbnail hentry category-hirek-aktualitasok\">\n\t<div class=\"blog-list-content\">\n\t\t\t\t<div class=\"post-content-image\">\n\t\t\t<a href=\"https:\/\/solum.hu\/de\/die-verantwortlichen-der-welt-holstein-friesian-foederation-besuchten-das-sano-agrar-institut\/\">\n\t\t\t\t\t<div class=\"blog-featured-image\">\n\t<span class=\"thumb-wrap\">\n\t\t<img fetchpriority=\"high\" decoding=\"async\" width=\"768\" height=\"512\" src=\"https:\/\/solum.hu\/wp-content\/uploads\/2025\/09\/DSC_0386_web-768x512.jpg\" class=\"attachment-medium_large size-medium_large\" alt=\"\" srcset=\"https:\/\/solum.hu\/wp-content\/uploads\/2025\/09\/DSC_0386_web-768x512.jpg 768w, https:\/\/solum.hu\/wp-content\/uploads\/2025\/09\/DSC_0386_web-300x200.jpg 300w, https:\/\/solum.hu\/wp-content\/uploads\/2025\/09\/DSC_0386_web-1280x854.jpg 1280w, https:\/\/solum.hu\/wp-content\/uploads\/2025\/09\/DSC_0386_web-1536x1024.jpg 1536w, https:\/\/solum.hu\/wp-content\/uploads\/2025\/09\/DSC_0386_web-2048x1366.jpg 2048w, https:\/\/solum.hu\/wp-content\/uploads\/2025\/09\/DSC_0386_web-18x12.jpg 18w\" sizes=\"(max-width: 768px) 100vw, 768px\" \/>\t<\/span>\n\t<\/div>\n\t\t\t<\/a>\n\t\t\t\t\t<\/div>\n\t\t\t\t<div class=\"post-content-bottom\">\n\t\t\t\t\t\t<div class=\"post-metro-content\">\n\t\t\t\t<h3 class=\"post-title\">\n\t<a href=\"https:\/\/solum.hu\/de\/die-verantwortlichen-der-welt-holstein-friesian-foederation-besuchten-das-sano-agrar-institut\/\" class=\"normal\">Die Verantwortlichen der Welt-Holstein-Friesian-F\u00f6deration besuchten das Sano Agrar Institut<\/a>\n<\/h3>\n\t\t\t\t\t\t\t\t\t<div class=\"post-hover-content\">\n\t\t\t\t\t\t<div class=\"entry-content\">\n\t<p>Die Verantwortlichen der Welt-Holstein-Friesian-F\u00f6deration (WHFF) w\u00e4hlten in diesem Jahr Ungarn als Austragungsort ihres Jahrestreffens, bei dem sie sich \u00fcber das Zucht- und Leistungspotenzial der Rasse...<\/p>\n<\/div>\n\t\t\t\t\t<\/div>\n\t\t\t\t\t\t\t\t\t\t\t\t\t<div class=\"post-meta-info style-2\"><span class=\"meta-date\"><a href=\"https:\/\/solum.hu\/de\/die-verantwortlichen-der-welt-holstein-friesian-foederation-besuchten-das-sano-agrar-institut\/\"><span class=\"entry-date\">2025.09.05.<\/span><\/a><\/span>\n<\/div>\t\t\t\t\t\t\t<\/div>\n\t\t<\/div>\n\t\t\t\t\t<\/div>\n<\/article>\n<\/div><div class=\"grid-item metro-item  tp-col-lg-4 tp-col-md-4 tp-col-sm-12 tp-col-12\"><article id=\"post-2990\" class=\"post-2990 post type-post status-publish format-standard has-post-thumbnail hentry category-hirek-aktualitasok\">\n\t<div class=\"blog-list-content\">\n\t\t\t\t<div class=\"post-content-image\">\n\t\t\t<a href=\"https:\/\/solum.hu\/de\/der-neue-farsenstall-standort-komarom-wurde-fertiggestellt\/\">\n\t\t\t\t\t<div class=\"blog-featured-image\">\n\t<span class=\"thumb-wrap\">\n\t\t<img decoding=\"async\" width=\"768\" height=\"578\" src=\"https:\/\/solum.hu\/wp-content\/uploads\/2025\/02\/PXL_20250203_111106044_2-768x578.jpg\" class=\"attachment-medium_large size-medium_large\" alt=\"\" srcset=\"https:\/\/solum.hu\/wp-content\/uploads\/2025\/02\/PXL_20250203_111106044_2-768x578.jpg 768w, https:\/\/solum.hu\/wp-content\/uploads\/2025\/02\/PXL_20250203_111106044_2-300x226.jpg 300w, https:\/\/solum.hu\/wp-content\/uploads\/2025\/02\/PXL_20250203_111106044_2-1280x964.jpg 1280w, https:\/\/solum.hu\/wp-content\/uploads\/2025\/02\/PXL_20250203_111106044_2-1536x1157.jpg 1536w, https:\/\/solum.hu\/wp-content\/uploads\/2025\/02\/PXL_20250203_111106044_2-2048x1542.jpg 2048w, https:\/\/solum.hu\/wp-content\/uploads\/2025\/02\/PXL_20250203_111106044_2-16x12.jpg 16w\" sizes=\"(max-width: 768px) 100vw, 768px\" \/>\t<\/span>\n\t<\/div>\n\t\t\t<\/a>\n\t\t\t\t\t<\/div>\n\t\t\t\t<div class=\"post-content-bottom\">\n\t\t\t\t\t\t<div class=\"post-metro-content\">\n\t\t\t\t<h3 class=\"post-title\">\n\t<a href=\"https:\/\/solum.hu\/de\/der-neue-farsenstall-standort-komarom-wurde-fertiggestellt\/\" class=\"normal\">Der neue F\u00e4rsenstall Standort Kom\u00e1rom wurde fertiggestellt<\/a>\n<\/h3>\n\t\t\t\t\t\t\t\t\t<div class=\"post-hover-content\">\n\t\t\t\t\t\t<div class=\"entry-content\">\n\t<p>Der Bau des 2. F\u00e4rsenstalls Standort Kom\u00e1rom ist abgeschlossen, die bereits von den Tieren \u00fcbernommen wurde.<\/p>\n<\/div>\n\t\t\t\t\t<\/div>\n\t\t\t\t\t\t\t\t\t\t\t\t\t<div class=\"post-meta-info style-2\"><span class=\"meta-date\"><a href=\"https:\/\/solum.hu\/de\/der-neue-farsenstall-standort-komarom-wurde-fertiggestellt\/\"><span class=\"entry-date\">2025.02.04.<\/span><\/a><\/span>\n<\/div>\t\t\t\t\t\t\t<\/div>\n\t\t<\/div>\n\t\t\t\t\t<\/div>\n<\/article>\n<\/div><div class=\"grid-item metro-item  tp-col-lg-4 tp-col-md-4 tp-col-sm-12 tp-col-12\"><article id=\"post-2774\" class=\"post-2774 post type-post status-publish format-standard has-post-thumbnail hentry category-hirek-aktualitasok\">\n\t<div class=\"blog-list-content\">\n\t\t\t\t<div class=\"post-content-image\">\n\t\t\t<a href=\"https:\/\/solum.hu\/de\/platin-und-gold-stammbaumubergabe-auf-dem-milchviehbetrieb-standort-csem\/\">\n\t\t\t\t\t<div class=\"blog-featured-image\">\n\t<span class=\"thumb-wrap\">\n\t\t<img decoding=\"async\" width=\"768\" height=\"576\" src=\"https:\/\/solum.hu\/wp-content\/uploads\/2023\/11\/dscn6083-ret-web-768x576.jpg\" class=\"attachment-medium_large size-medium_large\" alt=\"\" srcset=\"https:\/\/solum.hu\/wp-content\/uploads\/2023\/11\/dscn6083-ret-web-768x576.jpg 768w, https:\/\/solum.hu\/wp-content\/uploads\/2023\/11\/dscn6083-ret-web-300x225.jpg 300w, https:\/\/solum.hu\/wp-content\/uploads\/2023\/11\/dscn6083-ret-web-1280x960.jpg 1280w, https:\/\/solum.hu\/wp-content\/uploads\/2023\/11\/dscn6083-ret-web-1536x1152.jpg 1536w, https:\/\/solum.hu\/wp-content\/uploads\/2023\/11\/dscn6083-ret-web-2048x1536.jpg 2048w, https:\/\/solum.hu\/wp-content\/uploads\/2023\/11\/dscn6083-ret-web-16x12.jpg 16w\" sizes=\"(max-width: 768px) 100vw, 768px\" \/>\t<\/span>\n\t<\/div>\n\t\t\t<\/a>\n\t\t\t\t\t<\/div>\n\t\t\t\t<div class=\"post-content-bottom\">\n\t\t\t\t\t\t<div class=\"post-metro-content\">\n\t\t\t\t<h3 class=\"post-title\">\n\t<a href=\"https:\/\/solum.hu\/de\/platin-und-gold-stammbaumubergabe-auf-dem-milchviehbetrieb-standort-csem\/\" class=\"normal\">Platin- und Gold-Stammbaum\u00fcbergabe auf dem Milchviehbetrieb Standort Cs\u00e9m<\/a>\n<\/h3>\n\t\t\t\t\t\t\t\t\t<div class=\"post-hover-content\">\n\t\t\t\t\t\t<div class=\"entry-content\">\n\t<p>Am 16.11.2023 wurde der 40. Platin-Pedigree Ungarns der 12-j\u00e4hrigen B\u00e1r\u00e1ny auf dem Milchviehbetrieb Cs\u00e9m \u00fcbergeben, der Perle des erfolgreichen MAGOR-Programms.<\/p>\n<\/div>\n\t\t\t\t\t<\/div>\n\t\t\t\t\t\t\t\t\t\t\t\t\t<div class=\"post-meta-info style-2\"><span class=\"meta-date\"><a href=\"https:\/\/solum.hu\/de\/platin-und-gold-stammbaumubergabe-auf-dem-milchviehbetrieb-standort-csem\/\"><span class=\"entry-date\">2023.11.16.<\/span><\/a><\/span>\n<\/div>\t\t\t\t\t\t\t<\/div>\n\t\t<\/div>\n\t\t\t\t\t<\/div>\n<\/article>\n<\/div><\/div><\/div>\t\t\t\t<\/div>\n\t\t\t\t\t<\/div>\n\t\t<\/div>\n\t\t\t\t\t<\/div>\n\t\t<\/section>\n\t\t\t\t<section class=\"elementor-section elementor-top-section elementor-element elementor-element-e67a5f0 elementor-section-boxed elementor-section-height-default elementor-section-height-default\" data-id=\"e67a5f0\" data-element_type=\"section\">\n\t\t\t\t\t\t<div class=\"elementor-container elementor-column-gap-default\">\n\t\t\t\t\t<div class=\"elementor-column elementor-col-100 elementor-top-column elementor-element elementor-element-444f2e8\" data-id=\"444f2e8\" data-element_type=\"column\">\n\t\t\t<div class=\"elementor-widget-wrap elementor-element-populated\">\n\t\t\t\t\t\t<div class=\"elementor-element elementor-element-18e9c84 elementor-widget elementor-widget-tp-gallery-listout\" data-id=\"18e9c84\" data-element_type=\"widget\" data-widget_type=\"tp-gallery-listout.default\">\n\t\t\t\t<div class=\"elementor-widget-container\">\n\t\t\t\t\t<div id=\"pt-plus-gallery-list\" class=\"gallery-list post69e2e55e277dc  list-isotope  gallery-style-3 hover-image-style-1  tp-gal-fc\"  data-layout-type=\"masonry\"   data-id=\"post69e2e55e277dc\" data-style=\"style-3\"   dir= \"data-enable-isotope=\"1\"\"><div id=\"post69e2e55e277dc\" class=\"tp-row post-inner-loop post69e2e55e277dc\"><div class=\"grid-item metro-item0 tp-col-lg-4 tp-col-md-4 tp-col-sm-12 tp-col-12\"  ><div>\n\t\t<a href=\"https:\/\/solum.hu\/de\/tierhaltung\/kalberaufzucht\/\"   class=\"gallery-list-content\" >\n\t\t\t\t<div class=\"post-content-image\">\n\t\t\n<div class=\"gallery-image\">\n\t<span class=\"thumb-wrap\">\n\t\t<img loading=\"lazy\" decoding=\"async\" width=\"768\" height=\"586\" src=\"https:\/\/solum.hu\/wp-content\/uploads\/2025\/01\/387x295_Kalberaufzucht.jpg\" class=\"attachment-medium_large size-medium_large\" alt=\"\" srcset=\"https:\/\/solum.hu\/wp-content\/uploads\/2025\/01\/387x295_Kalberaufzucht.jpg 806w, https:\/\/solum.hu\/wp-content\/uploads\/2025\/01\/387x295_Kalberaufzucht-300x229.jpg 300w, https:\/\/solum.hu\/wp-content\/uploads\/2025\/01\/387x295_Kalberaufzucht-768x586.jpg 768w, https:\/\/solum.hu\/wp-content\/uploads\/2025\/01\/387x295_Kalberaufzucht-16x12.jpg 16w\" sizes=\"(max-width: 768px) 100vw, 768px\" \/>\t<\/span>\n<\/div>\n\t<\/div>\n\t\t\t<div class=\"post-content-center\">\n\t\t<div class=\"post-hover-content\">\n\t\t\t<div class=\"meta-search-icon\">\n\t\t\t<div ><i aria-hidden=\"true\" class=\"fas fa-external-link-alt\"><\/i><\/div>\n\t<\/div>\n\t\t\t\t\t\t\n<h3 class=\"post-title\">\n\t\n\t\t\t\t<div>\n\t\t\t\t\t\t\t<\/div>\n\t\t\n<\/h3>\n\t\t\t\t\t<\/div>\n\t<\/div>\n\t<\/a>\n<\/div>\n<\/div><div class=\"grid-item metro-item0 tp-col-lg-4 tp-col-md-4 tp-col-sm-12 tp-col-12\"  ><div>\n\t\t<a href=\"https:\/\/solum.hu\/de\/tierhaltung\/farsenaufzucht\/\"   class=\"gallery-list-content\" >\n\t\t\t\t<div class=\"post-content-image\">\n\t\t\n<div class=\"gallery-image\">\n\t<span class=\"thumb-wrap\">\n\t\t<img loading=\"lazy\" decoding=\"async\" width=\"768\" height=\"586\" src=\"https:\/\/solum.hu\/wp-content\/uploads\/2025\/01\/387x295_Farsenaufzucht.jpg\" class=\"attachment-medium_large size-medium_large\" alt=\"\" srcset=\"https:\/\/solum.hu\/wp-content\/uploads\/2025\/01\/387x295_Farsenaufzucht.jpg 806w, https:\/\/solum.hu\/wp-content\/uploads\/2025\/01\/387x295_Farsenaufzucht-300x229.jpg 300w, https:\/\/solum.hu\/wp-content\/uploads\/2025\/01\/387x295_Farsenaufzucht-768x586.jpg 768w, https:\/\/solum.hu\/wp-content\/uploads\/2025\/01\/387x295_Farsenaufzucht-16x12.jpg 16w\" sizes=\"(max-width: 768px) 100vw, 768px\" \/>\t<\/span>\n<\/div>\n\t<\/div>\n\t\t\t<div class=\"post-content-center\">\n\t\t<div class=\"post-hover-content\">\n\t\t\t<div class=\"meta-search-icon\">\n\t\t\t<div ><i aria-hidden=\"true\" class=\"fas fa-external-link-alt\"><\/i><\/div>\n\t<\/div>\n\t\t\t\t\t\t\n<h3 class=\"post-title\">\n\t\n\t\t\t\t<div>\n\t\t\t\t\t\t\t<\/div>\n\t\t\n<\/h3>\n\t\t\t\t\t<\/div>\n\t<\/div>\n\t<\/a>\n<\/div>\n<\/div><div class=\"grid-item metro-item0 tp-col-lg-4 tp-col-md-4 tp-col-sm-12 tp-col-12\"  ><div>\n\t\t<a href=\"https:\/\/solum.hu\/de\/tierhaltung\/futterung\/\"   class=\"gallery-list-content\" >\n\t\t\t\t<div class=\"post-content-image\">\n\t\t\n<div class=\"gallery-image\">\n\t<span class=\"thumb-wrap\">\n\t\t<img loading=\"lazy\" decoding=\"async\" width=\"768\" height=\"586\" src=\"https:\/\/solum.hu\/wp-content\/uploads\/2025\/01\/387x295_Die-Futterung-der-Milchkuhe.jpg\" class=\"attachment-medium_large size-medium_large\" alt=\"\" srcset=\"https:\/\/solum.hu\/wp-content\/uploads\/2025\/01\/387x295_Die-Futterung-der-Milchkuhe.jpg 806w, https:\/\/solum.hu\/wp-content\/uploads\/2025\/01\/387x295_Die-Futterung-der-Milchkuhe-300x229.jpg 300w, https:\/\/solum.hu\/wp-content\/uploads\/2025\/01\/387x295_Die-Futterung-der-Milchkuhe-768x586.jpg 768w, https:\/\/solum.hu\/wp-content\/uploads\/2025\/01\/387x295_Die-Futterung-der-Milchkuhe-16x12.jpg 16w\" sizes=\"(max-width: 768px) 100vw, 768px\" \/>\t<\/span>\n<\/div>\n\t<\/div>\n\t\t\t<div class=\"post-content-center\">\n\t\t<div class=\"post-hover-content\">\n\t\t\t<div class=\"meta-search-icon\">\n\t\t\t<div ><i aria-hidden=\"true\" class=\"fas fa-external-link-alt\"><\/i><\/div>\n\t<\/div>\n\t\t\t\t\t\t\n<h3 class=\"post-title\">\n\t\n\t\t\t\t<div>\n\t\t\t\t\t\t\t<\/div>\n\t\t\n<\/h3>\n\t\t\t\t\t<\/div>\n\t<\/div>\n\t<\/a>\n<\/div>\n<\/div><div class=\"grid-item metro-item0 tp-col-lg-4 tp-col-md-4 tp-col-sm-12 tp-col-12\"  ><div>\n\t\t<a href=\"https:\/\/solum.hu\/de\/pflanzenbau\/\"   class=\"gallery-list-content\" >\n\t\t\t\t<div class=\"post-content-image\">\n\t\t\n<div class=\"gallery-image\">\n\t<span class=\"thumb-wrap\">\n\t\t<img loading=\"lazy\" decoding=\"async\" width=\"768\" height=\"586\" src=\"https:\/\/solum.hu\/wp-content\/uploads\/2025\/01\/387x295_Pflanzenbau.jpg\" class=\"attachment-medium_large size-medium_large\" alt=\"\" srcset=\"https:\/\/solum.hu\/wp-content\/uploads\/2025\/01\/387x295_Pflanzenbau.jpg 806w, https:\/\/solum.hu\/wp-content\/uploads\/2025\/01\/387x295_Pflanzenbau-300x229.jpg 300w, https:\/\/solum.hu\/wp-content\/uploads\/2025\/01\/387x295_Pflanzenbau-768x586.jpg 768w, https:\/\/solum.hu\/wp-content\/uploads\/2025\/01\/387x295_Pflanzenbau-16x12.jpg 16w\" sizes=\"(max-width: 768px) 100vw, 768px\" \/>\t<\/span>\n<\/div>\n\t<\/div>\n\t\t\t<div class=\"post-content-center\">\n\t\t<div class=\"post-hover-content\">\n\t\t\t<div class=\"meta-search-icon\">\n\t\t\t<div ><i aria-hidden=\"true\" class=\"fas fa-external-link-alt\"><\/i><\/div>\n\t<\/div>\n\t\t\t\t\t\t\n<h3 class=\"post-title\">\n\t\n\t\t\t\t<div>\n\t\t\t\t\t\t\t<\/div>\n\t\t\n<\/h3>\n\t\t\t\t\t<\/div>\n\t<\/div>\n\t<\/a>\n<\/div>\n<\/div><div class=\"grid-item metro-item0 tp-col-lg-4 tp-col-md-4 tp-col-sm-12 tp-col-12\"  ><div>\n\t\t<a href=\"https:\/\/solum.hu\/de\/pflanzenbau\/bewasserung\/\"   class=\"gallery-list-content\" >\n\t\t\t\t<div class=\"post-content-image\">\n\t\t\n<div class=\"gallery-image\">\n\t<span class=\"thumb-wrap\">\n\t\t<img loading=\"lazy\" decoding=\"async\" width=\"768\" height=\"586\" src=\"https:\/\/solum.hu\/wp-content\/uploads\/2025\/01\/387x295_Bewasserung.jpg\" class=\"attachment-medium_large size-medium_large\" alt=\"\" srcset=\"https:\/\/solum.hu\/wp-content\/uploads\/2025\/01\/387x295_Bewasserung.jpg 806w, https:\/\/solum.hu\/wp-content\/uploads\/2025\/01\/387x295_Bewasserung-300x229.jpg 300w, https:\/\/solum.hu\/wp-content\/uploads\/2025\/01\/387x295_Bewasserung-768x586.jpg 768w, https:\/\/solum.hu\/wp-content\/uploads\/2025\/01\/387x295_Bewasserung-16x12.jpg 16w\" sizes=\"(max-width: 768px) 100vw, 768px\" \/>\t<\/span>\n<\/div>\n\t<\/div>\n\t\t\t<div class=\"post-content-center\">\n\t\t<div class=\"post-hover-content\">\n\t\t\t<div class=\"meta-search-icon\">\n\t\t\t<div ><i aria-hidden=\"true\" class=\"fas fa-external-link-alt\"><\/i><\/div>\n\t<\/div>\n\t\t\t\t\t\t\n<h3 class=\"post-title\">\n\t\n\t\t\t\t<div>\n\t\t\t\t\t\t\t<\/div>\n\t\t\n<\/h3>\n\t\t\t\t\t<\/div>\n\t<\/div>\n\t<\/a>\n<\/div>\n<\/div><div class=\"grid-item metro-item0 tp-col-lg-4 tp-col-md-4 tp-col-sm-12 tp-col-12\"  ><div>\n\t\t<a href=\"https:\/\/solum.hu\/de\/kartoffelanbau\/\"   class=\"gallery-list-content\" >\n\t\t\t\t<div class=\"post-content-image\">\n\t\t\n<div class=\"gallery-image\">\n\t<span class=\"thumb-wrap\">\n\t\t<img loading=\"lazy\" decoding=\"async\" width=\"768\" height=\"586\" src=\"https:\/\/solum.hu\/wp-content\/uploads\/2025\/01\/387x295_Kartoffelanbau.jpg\" class=\"attachment-medium_large size-medium_large\" alt=\"\" srcset=\"https:\/\/solum.hu\/wp-content\/uploads\/2025\/01\/387x295_Kartoffelanbau.jpg 806w, https:\/\/solum.hu\/wp-content\/uploads\/2025\/01\/387x295_Kartoffelanbau-300x229.jpg 300w, https:\/\/solum.hu\/wp-content\/uploads\/2025\/01\/387x295_Kartoffelanbau-768x586.jpg 768w, https:\/\/solum.hu\/wp-content\/uploads\/2025\/01\/387x295_Kartoffelanbau-16x12.jpg 16w\" sizes=\"(max-width: 768px) 100vw, 768px\" \/>\t<\/span>\n<\/div>\n\t<\/div>\n\t\t\t<div class=\"post-content-center\">\n\t\t<div class=\"post-hover-content\">\n\t\t\t<div class=\"meta-search-icon\">\n\t\t\t<div ><i aria-hidden=\"true\" class=\"fas fa-external-link-alt\"><\/i><\/div>\n\t<\/div>\n\t\t\t\t\t\t\n<h3 class=\"post-title\">\n\t\n\t\t\t\t<div>\n\t\t\t\t\t\t\t<\/div>\n\t\t\n<\/h3>\n\t\t\t\t\t<\/div>\n\t<\/div>\n\t<\/a>\n<\/div>\n<\/div><\/div><\/div>\t\t\t\t<\/div>\n\t\t\t\t<\/div>\n\t\t\t\t\t<\/div>\n\t\t<\/div>\n\t\t\t\t\t<\/div>\n\t\t<\/section>\n\t\t\t\t<\/div>","protected":false},"excerpt":{"rendered":"<p>A SOLUM-r\u00f3l A SOLUM Mez\u0151gazdas\u00e1gi Ipari \u00e9s Kereskedelmi Zrt. a rendszerv\u00e1lt\u00e1s ut\u00e1n 1991-ben alakult a Kom\u00e1romi Klapka Gy\u00f6rgy Mez\u0151gazdas\u00e1gi Termel\u0151sz\u00f6vetkezet jogut\u00f3djak\u00e9nt, az \u00e1talakul\u00e1si t\u00f6rv\u00e9nyek adta lehet\u0151s\u00e9gek kihaszn\u00e1l\u00e1s\u00e1val, 170 sz\u00f6vetkezeti \u00fczletr\u00e9szes \u00f6sszefog\u00e1s\u00e1val. A t\u00e1rsas\u00e1g az alakul\u00e1sa \u00f3ta eredm\u00e9nyesen gazd\u00e1lkodik. Az el\u00e9rt gazdas\u00e1gi sikerek titka, a n\u00f6v\u00e9nytermeszt\u00e9si \u00e9s \u00e1llatteny\u00e9szt\u00e9si f\u0151\u00e1gazatok egym\u00e1sra \u00e9p\u00fcl\u0151 harmonikus fejleszt\u00e9se, melynek legfontosabb elemei [&hellip;]<\/p>","protected":false},"author":1,"featured_media":0,"parent":0,"menu_order":0,"comment_status":"closed","ping_status":"closed","template":"","meta":{"footnotes":""},"class_list":["post-162","page","type-page","status-publish","hentry"],"_links":{"self":[{"href":"https:\/\/solum.hu\/de\/wp-json\/wp\/v2\/pages\/162","targetHints":{"allow":["GET"]}}],"collection":[{"href":"https:\/\/solum.hu\/de\/wp-json\/wp\/v2\/pages"}],"about":[{"href":"https:\/\/solum.hu\/de\/wp-json\/wp\/v2\/types\/page"}],"author":[{"embeddable":true,"href":"https:\/\/solum.hu\/de\/wp-json\/wp\/v2\/users\/1"}],"replies":[{"embeddable":true,"href":"https:\/\/solum.hu\/de\/wp-json\/wp\/v2\/comments?post=162"}],"version-history":[{"count":4,"href":"https:\/\/solum.hu\/de\/wp-json\/wp\/v2\/pages\/162\/revisions"}],"predecessor-version":[{"id":3244,"href":"https:\/\/solum.hu\/de\/wp-json\/wp\/v2\/pages\/162\/revisions\/3244"}],"wp:attachment":[{"href":"https:\/\/solum.hu\/de\/wp-json\/wp\/v2\/media?parent=162"}],"curies":[{"name":"wp","href":"https:\/\/api.w.org\/{rel}","templated":true}]}}