{"id":2,"date":"2023-02-02T17:06:42","date_gmt":"2023-02-02T16:06:42","guid":{"rendered":"https:\/\/solum.hu\/?page_id=2"},"modified":"2025-07-29T14:51:26","modified_gmt":"2025-07-29T12:51:26","slug":"die-geschichte-des-unternehmens","status":"publish","type":"page","link":"https:\/\/solum.hu\/de\/uber-solum\/die-geschichte-des-unternehmens\/","title":{"rendered":"Die Geschichte des Unternehmens"},"content":{"rendered":"<div data-elementor-type=\"wp-page\" data-elementor-id=\"2\" class=\"elementor elementor-2\" data-elementor-post-type=\"page\">\n\t\t\t\t\t\t<section class=\"elementor-section elementor-top-section elementor-element elementor-element-dc8128c elementor-section-boxed elementor-section-height-default elementor-section-height-default\" data-id=\"dc8128c\" data-element_type=\"section\">\n\t\t\t\t\t\t<div class=\"elementor-container elementor-column-gap-default\">\n\t\t\t\t\t<div class=\"elementor-column elementor-col-100 elementor-top-column elementor-element elementor-element-b7a3713\" data-id=\"b7a3713\" data-element_type=\"column\">\n\t\t\t<div class=\"elementor-widget-wrap elementor-element-populated\">\n\t\t\t\t\t\t\t<\/div>\n\t\t<\/div>\n\t\t\t\t\t<\/div>\n\t\t<\/section>\n\t\t\t\t<section class=\"elementor-section elementor-top-section elementor-element elementor-element-418487e0 elementor-section-boxed elementor-section-height-default elementor-section-height-default\" data-id=\"418487e0\" data-element_type=\"section\">\n\t\t\t\t\t\t<div class=\"elementor-container elementor-column-gap-default\">\n\t\t\t\t\t<div class=\"elementor-column elementor-col-100 elementor-top-column elementor-element elementor-element-46c25033\" data-id=\"46c25033\" data-element_type=\"column\">\n\t\t\t<div class=\"elementor-widget-wrap elementor-element-populated\">\n\t\t\t\t\t\t<div class=\"elementor-element elementor-element-9d00456 elementor-widget elementor-widget-text-editor\" data-id=\"9d00456\" data-element_type=\"widget\" data-widget_type=\"text-editor.default\">\n\t\t\t\t<div class=\"elementor-widget-container\">\n\t\t\t\t\t\t\t\t\t<p style=\"font-weight: 400;\">Die SOLUM AG wurde 1991 als Nachfolger der Gy\u00f6rgy Klapka Agrargenossenschaft gegr\u00fcndet und vereint 170 Anteilseigner. Seit ihrer Gr\u00fcndung hat sich die Gesellschaft durch die parallele und harmonische Entwicklung von Tierzucht und Pflanzenbau erfolgreich etabliert. Schl\u00fcsselinvestitionen wie die Bew\u00e4sserungstechnologie, neue Anlagen in der Milchviehhaltung und Mechanisierung im Grundfutter- und Kartoffelanbau haben ma\u00dfgeblich zum Erfolg beigetragen.<\/p><p style=\"font-weight: 400;\">Heute ist SOLUM AG der f\u00fchrende Kartoffelanbauer in Ungarn und z\u00e4hlt mit 2.600 Milchk\u00fchen und einer Herdenleistung von \u00fcber 14.000 kg zu den Top-5-Milchproduzenten des Landes. Die Einnahmen stammen zu gleichen Teilen aus der Milch- und Kartoffelproduktion, was zu einer intensiven Nutzung der Felder und einem steigenden Innovationsdruck f\u00fchrt.<\/p><p style=\"font-weight: 400;\">Investitionen in den Umweltschutz, wie wasserreduzierende Einstreu-Technologien und ortsspezifische D\u00fcngungsprotokolle, sowie die \u00dcbernahme durch Sano im Jahr 2020, haben SOLUM AG zu einem modernen Vorzeigebetrieb gemacht. Die \u00dcbernahme erm\u00f6glichte den Kauf des Kom\u00e1romer Landwirtschaftsbetriebs in Cs\u00e9m mit 1.200 Milchk\u00fchen, wo umfassende Modernisierungsarbeiten stattfinden.<\/p><p style=\"font-weight: 400;\">Sano nutzt sein umfangreiches Wissen aus der Futterproduktion in Verbindung mit SOLUMs Expertise in Zucht und Genetik, um das Sano Agrar Institut als Musterbetrieb und innovatives Versuchsgut weiterzuentwickeln. Dieses Projekt dient nicht nur der praktischen Landwirtschaft, sondern soll auch f\u00fcr Universit\u00e4ten und Ausbildungseinrichtungen von Interesse sein.<\/p>\t\t\t\t\t\t\t\t<\/div>\n\t\t\t\t<\/div>\n\t\t\t\t<div class=\"elementor-element elementor-element-03406a5 elementor-widget elementor-widget-text-editor\" data-id=\"03406a5\" data-element_type=\"widget\" data-widget_type=\"text-editor.default\">\n\t\t\t\t<div class=\"elementor-widget-container\">\n\t\t\t\t\t<style>.elementor-element-03406a5{display:none !important}<\/style>\t\t\t\t<\/div>\n\t\t\t\t<\/div>\n\t\t\t\t\t<\/div>\n\t\t<\/div>\n\t\t\t\t\t<\/div>\n\t\t<\/section>\n\t\t\t\t<\/div>","protected":false},"excerpt":{"rendered":"<p>A SOLUM Mez\u0151gazdas\u00e1gi Ipari \u00e9s Kereskedelmi Zrt. a rendszerv\u00e1lt\u00e1s ut\u00e1n 1991-ben alakult a Kom\u00e1romi Klapka Gy\u00f6rgy Mez\u0151gazdas\u00e1gi Termel\u0151sz\u00f6vetkezet jogut\u00f3djak\u00e9nt, az \u00e1talakul\u00e1si t\u00f6rv\u00e9nyek adta lehet\u0151s\u00e9gek kihaszn\u00e1l\u00e1s\u00e1val, 170 sz\u00f6vetkezeti \u00fczletr\u00e9szes \u00f6sszefog\u00e1s\u00e1val. A t\u00e1rsas\u00e1g az alakul\u00e1sa \u00f3ta eredm\u00e9nyesen gazd\u00e1lkodik. Az el\u00e9rt gazdas\u00e1gi sikerek titka, a n\u00f6v\u00e9nytermeszt\u00e9si \u00e9s \u00e1llatteny\u00e9szt\u00e9si f\u0151\u00e1gazatok egym\u00e1sra \u00e9p\u00fcl\u0151 harmonikus fejleszt\u00e9se, melynek legfontosabb elemei az \u00f6nt\u00f6z\u00e9sfejleszt\u00e9s, [&hellip;]<\/p>","protected":false},"author":1,"featured_media":0,"parent":637,"menu_order":0,"comment_status":"closed","ping_status":"closed","template":"","meta":{"footnotes":""},"class_list":["post-2","page","type-page","status-publish","hentry"],"_links":{"self":[{"href":"https:\/\/solum.hu\/de\/wp-json\/wp\/v2\/pages\/2","targetHints":{"allow":["GET"]}}],"collection":[{"href":"https:\/\/solum.hu\/de\/wp-json\/wp\/v2\/pages"}],"about":[{"href":"https:\/\/solum.hu\/de\/wp-json\/wp\/v2\/types\/page"}],"author":[{"embeddable":true,"href":"https:\/\/solum.hu\/de\/wp-json\/wp\/v2\/users\/1"}],"replies":[{"embeddable":true,"href":"https:\/\/solum.hu\/de\/wp-json\/wp\/v2\/comments?post=2"}],"version-history":[{"count":4,"href":"https:\/\/solum.hu\/de\/wp-json\/wp\/v2\/pages\/2\/revisions"}],"predecessor-version":[{"id":3068,"href":"https:\/\/solum.hu\/de\/wp-json\/wp\/v2\/pages\/2\/revisions\/3068"}],"up":[{"embeddable":true,"href":"https:\/\/solum.hu\/de\/wp-json\/wp\/v2\/pages\/637"}],"wp:attachment":[{"href":"https:\/\/solum.hu\/de\/wp-json\/wp\/v2\/media?parent=2"}],"curies":[{"name":"wp","href":"https:\/\/api.w.org\/{rel}","templated":true}]}}