{"id":336,"date":"2023-02-15T17:13:42","date_gmt":"2023-02-15T16:13:42","guid":{"rendered":"https:\/\/solum.hu\/?page_id=336"},"modified":"2026-02-27T13:20:47","modified_gmt":"2026-02-27T12:20:47","slug":"nachrichten","status":"publish","type":"page","link":"https:\/\/solum.hu\/de\/nachrichten\/","title":{"rendered":"Nachrichten"},"content":{"rendered":"<div data-elementor-type=\"wp-page\" data-elementor-id=\"336\" class=\"elementor elementor-336\" data-elementor-post-type=\"page\">\n\t\t\t\t\t\t<section class=\"elementor-section elementor-top-section elementor-element elementor-element-66750fb elementor-section-boxed elementor-section-height-default elementor-section-height-default\" data-id=\"66750fb\" data-element_type=\"section\">\n\t\t\t\t\t\t<div class=\"elementor-container elementor-column-gap-default\">\n\t\t\t\t\t<div class=\"elementor-column elementor-col-100 elementor-top-column elementor-element elementor-element-b2c4037\" data-id=\"b2c4037\" data-element_type=\"column\">\n\t\t\t<div class=\"elementor-widget-wrap elementor-element-populated\">\n\t\t\t\t\t\t\t<\/div>\n\t\t<\/div>\n\t\t\t\t\t<\/div>\n\t\t<\/section>\n\t\t\t\t<section class=\"elementor-section elementor-top-section elementor-element elementor-element-4198259 elementor-section-boxed elementor-section-height-default elementor-section-height-default\" data-id=\"4198259\" data-element_type=\"section\">\n\t\t\t\t\t\t<div class=\"elementor-container elementor-column-gap-default\">\n\t\t\t\t\t<div class=\"elementor-column elementor-col-100 elementor-top-column elementor-element elementor-element-d4bccf2\" data-id=\"d4bccf2\" data-element_type=\"column\">\n\t\t\t<div class=\"elementor-widget-wrap elementor-element-populated\">\n\t\t\t\t\t\t<div class=\"theplus-equal-height elementor-element elementor-element-881e447 elementor-widget elementor-widget-tp-blog-listout\" data-tp-equal-height-loadded=\".blog-list-content\" data-id=\"881e447\" data-element_type=\"widget\" data-widget_type=\"tp-blog-listout.default\">\n\t\t\t\t\t<div id=\"pt-plus-blog-post-list\" class=\"blog-list post69e3130f5fe0c  list-isotope  blog-style-2 hover-image-style-1 layout-style-2\"  data-layout-type=\"fitRows\"   data-id=\"post69e3130f5fe0c\" data-style=\"style-2\"   dir= \"data-enable-isotope=\"1\"\" filter-type = \"normal\"><div id=\"post69e3130f5fe0c\" class=\"tp-row post-inner-loop post69e3130f5fe0c text-left\" data-extparam= '{\"loading-opt\":\"skeleton\",\"URL-para\":\"\"}'   data-wooattr= '\"am5CaEVMQlJDeHRwSUFWZkFXWGhEMmNRNnBORjd2ZjM3d1NMb1NnYWFOVEc0aE41OFNJbDdraHo4UkY3WGRTc0FLc1BJQ1JrRVhObWo1VFB1eHNVVXRUcVgybGMrQWJ1bFpNK0owWUFkb1pyZkxNWXNIU2NRMGhMbmw4UHVvU1BsUFJjcmlVY0tjQTdiK0lKU3cwUmxrUldBL0c4VEVSZ3o0UFN2LzNET0hXanYvRzBCenllVkNsaGVmaTZ2YVI1dnc2bHRJM3ZTRWdMRTFYeCtOQ0VFNVhtaUMxMGdoc3VlTWQ2eThRdXJVOSt5WUdzWkV5bm1FdXQ4bXM1OXV1TURjSVBkUDZESElWRWZaYldyeW1nWHdheTUwc1NTNkl0TDFDWWRUcG1pRFNUM1YzNGx4VUhSZVdBc3YvTmt5eDVpMlVLTXZ5dVBoNkhiWi9YTHJRL0RkYTV4TG9LcXZkWGtvaEdjK2hQbmtodk9UbGh6b1c4YjVYenhiY3p6ZDJDRVBKMHM5b0RLR0YvTXpSVnd1M21LdmVjTDF5aWdxVVArNDRDSHZzYmk2RDEyTlBPZ05SakhsbDVUaVZhbVdpY21zeHVueThFNnV5NHdRSjZnWm5pckNkUGMyTkZtY2NyaksyMXk4U1dndUFjTzNlR3pLNEx2S0NZYmY0dE9qOTlHbCtROGhzVURYaW51MWk5YmorT1VLT29XR1NweXZia3ZFdHFxMGUwRXExMlJXaVhFdW9QdVVONXUyWEMySU1rRlE5eHBxTDdBdHNJUno2cmdXekU1YjRTQmpKWTF4ZnkvQmZvMmw5aTFOWE5XaCsycXhZQlEyeDcvQ1BMNnUrTmNzS1FhMHNZbnV4SFZoZWVUS3lDZ0I3cVFPNXdZd3RLOUFQMXMxZE80QnNJVkNZSXZyM0U5NGJGVDA4L2FsbisrVUM2M1NkaVFvQUNDcGpRS3Q3T0Z2eFMrcmF4eVp4K0NRUTdYc2hJVTBpa250amNPYUFyU2psM3d5Qm14QzlwMlB2OXlqeVVrc0daVWtaeUVsOW5zRUk0c09OK2tYUkp1alQzWGN2NmJOQWlWUU1DcjlLYWUrNXA4R29nMGVhZGs1TmkwQzNpdDN5NmlFYm1Sa3RUQlJxcE41bzFkSXc3SGJMYXpjTG9SNlJIbUt0QlhBcDNyOSthRUE1SzV5bnBWVklqK0RlTFpGTnJ2bFVhU09VYWR4NXY5ejUrQ2M2cjlmTlVJRk0wOWFHamFuY1VKRE5rQndRendoemt6cHpVMmFpZkwvWUNlMnZmTG0vdU1nU0V0WGw3QjRTOHpJZ2hLN1k4R042UFZ5Z2pPeU5BSGtiSklrZTBuc21DQXpBVTBNdC83cXFDU0ZXWVlYSXFFYzkyWWFNYndVWnlOUGZRZjdZTWFaZXJaZHNyTlA0OURibmVsVmt1NnNLeVRvWWs5U090c2R6Q0x0Q1BqY29MeEQ2SEtCWFA4S09MOXRVc1pkY0gwUzV6WDdBN01FVmUrOXBYQXhnQk52UWxRYnhWVDBaWmJiM0xjcjZVc0pkTDlqeHAxVjd0ckhURms1THJ1N3NPYnRrK1hucloveVdhSWRvcGtMWGpGMk1VRXN6TFFWRWxveEMvSkFhZlU1b3F5a296ZHY5VVRjM0pNNzE1NTM4VHN2QnBPUXNKT1FmU0s4aytRdUVOcWIrYnZyZ3N4UVhvN21IVExGbTFmWklzUjZHclh4eHk2eUFWS1luc1NWQ1VacElEZEgzV2RtVjMwcDZVTThyL2M4dFQyZ1lweTIxWjVtemlLL0FzODE2eitxTnNwSEt1clg3TW4veGcwRGtGUHMxRUpneEdUTHhlZVhGc1RDdlU2SlhFVWZaRlU1KzVDU2VGZ2lzYzVwOHV6SGxBN0VWdXBieWJFQjkzQjVFNDdaYk1NUldmRWxhUkNHRnhWNVd1YnAvMDJVWWJMRnI2emlSY2d1aVp0dXZpd0NZMVBtL0RVWW0zclB2ckdUUStPNmZ0QUY4SWM3OEhlaEpOdS94Zk5yNzdudGRBci9xVTJ2QkV0OEdiREpYcVY1dTFGVDZxSkhhai9Kc0NCK1RsU0w4SktoVGRqL0tUbXdvQjhsYk1KOUFaVjA0RjU1MyttWnhDVU9UWmYyR2VGRkk2bEFnMndDdnJwaUZBbU9tM2Vlbm9qMVM0V3M3cE1VejFoSjhYLzN5OFdKOERVRkc3WlpHNi91VHFlQXVRMFpRN0FBPT0=\"' ><div class=\"grid-item metro-item  tp-col-lg-4 tp-col-md-4 tp-col-sm-12 tp-col-12\"><article id=\"post-3170\" class=\"post-3170 post type-post status-publish format-standard has-post-thumbnail hentry category-hirek-aktualitasok\">\n\t<div class=\"blog-list-content\">\n\t\t\t\t<div class=\"post-content-image\">\n\t\t\t<a href=\"https:\/\/solum.hu\/de\/die-verantwortlichen-der-welt-holstein-friesian-foederation-besuchten-das-sano-agrar-institut\/\">\n\t\t\t\t\t<div class=\"blog-featured-image\">\n\t<span class=\"thumb-wrap\">\n\t\t<img fetchpriority=\"high\" decoding=\"async\" width=\"768\" height=\"512\" src=\"https:\/\/solum.hu\/wp-content\/uploads\/2025\/09\/DSC_0386_web-768x512.jpg\" class=\"attachment-medium_large size-medium_large\" alt=\"\" srcset=\"https:\/\/solum.hu\/wp-content\/uploads\/2025\/09\/DSC_0386_web-768x512.jpg 768w, https:\/\/solum.hu\/wp-content\/uploads\/2025\/09\/DSC_0386_web-300x200.jpg 300w, https:\/\/solum.hu\/wp-content\/uploads\/2025\/09\/DSC_0386_web-1280x854.jpg 1280w, https:\/\/solum.hu\/wp-content\/uploads\/2025\/09\/DSC_0386_web-1536x1024.jpg 1536w, https:\/\/solum.hu\/wp-content\/uploads\/2025\/09\/DSC_0386_web-2048x1366.jpg 2048w, https:\/\/solum.hu\/wp-content\/uploads\/2025\/09\/DSC_0386_web-18x12.jpg 18w\" sizes=\"(max-width: 768px) 100vw, 768px\" \/>\t<\/span>\n\t<\/div>\n\t\t\t<\/a>\n\t\t\t\t\t<\/div>\n\t\t\t\t<div class=\"post-content-bottom\">\n\t\t\t\t\t\t<div class=\"post-metro-content\">\n\t\t\t\t<h3 class=\"post-title\">\n\t<a href=\"https:\/\/solum.hu\/de\/die-verantwortlichen-der-welt-holstein-friesian-foederation-besuchten-das-sano-agrar-institut\/\" class=\"normal\">Die Verantwortlichen der Welt-Holstein-Friesian-F\u00f6deration besuchten das Sano Agrar Institut<\/a>\n<\/h3>\n\t\t\t\t\t\t\t\t\t<div class=\"post-hover-content\">\n\t\t\t\t\t\t<div class=\"entry-content\">\n\t<p>Die Verantwortlichen der Welt-Holstein-Friesian-F\u00f6deration (WHFF) w\u00e4hlten in diesem Jahr Ungarn als Austragungsort ihres Jahrestreffens, bei dem sie sich \u00fcber das Zucht- und Leistungspotenzial der Rasse...<\/p>\n<\/div>\n\t\t\t\t\t<\/div>\n\t\t\t\t\t\t\t\t\t\t\t\t\t<div class=\"post-meta-info style-2\"><span class=\"meta-date\"><a href=\"https:\/\/solum.hu\/de\/die-verantwortlichen-der-welt-holstein-friesian-foederation-besuchten-das-sano-agrar-institut\/\"><span class=\"entry-date\">2025.09.05.<\/span><\/a><\/span>\n<\/div>\t\t\t\t\t\t\t<\/div>\n\t\t<\/div>\n\t\t\t\t\t<\/div>\n<\/article>\n<\/div><div class=\"grid-item metro-item  tp-col-lg-4 tp-col-md-4 tp-col-sm-12 tp-col-12\"><article id=\"post-2990\" class=\"post-2990 post type-post status-publish format-standard has-post-thumbnail hentry category-hirek-aktualitasok\">\n\t<div class=\"blog-list-content\">\n\t\t\t\t<div class=\"post-content-image\">\n\t\t\t<a href=\"https:\/\/solum.hu\/de\/der-neue-farsenstall-standort-komarom-wurde-fertiggestellt\/\">\n\t\t\t\t\t<div class=\"blog-featured-image\">\n\t<span class=\"thumb-wrap\">\n\t\t<img decoding=\"async\" width=\"768\" height=\"578\" src=\"https:\/\/solum.hu\/wp-content\/uploads\/2025\/02\/PXL_20250203_111106044_2-768x578.jpg\" class=\"attachment-medium_large size-medium_large\" alt=\"\" srcset=\"https:\/\/solum.hu\/wp-content\/uploads\/2025\/02\/PXL_20250203_111106044_2-768x578.jpg 768w, https:\/\/solum.hu\/wp-content\/uploads\/2025\/02\/PXL_20250203_111106044_2-300x226.jpg 300w, https:\/\/solum.hu\/wp-content\/uploads\/2025\/02\/PXL_20250203_111106044_2-1280x964.jpg 1280w, https:\/\/solum.hu\/wp-content\/uploads\/2025\/02\/PXL_20250203_111106044_2-1536x1157.jpg 1536w, https:\/\/solum.hu\/wp-content\/uploads\/2025\/02\/PXL_20250203_111106044_2-2048x1542.jpg 2048w, https:\/\/solum.hu\/wp-content\/uploads\/2025\/02\/PXL_20250203_111106044_2-16x12.jpg 16w\" sizes=\"(max-width: 768px) 100vw, 768px\" \/>\t<\/span>\n\t<\/div>\n\t\t\t<\/a>\n\t\t\t\t\t<\/div>\n\t\t\t\t<div class=\"post-content-bottom\">\n\t\t\t\t\t\t<div class=\"post-metro-content\">\n\t\t\t\t<h3 class=\"post-title\">\n\t<a href=\"https:\/\/solum.hu\/de\/der-neue-farsenstall-standort-komarom-wurde-fertiggestellt\/\" class=\"normal\">Der neue F\u00e4rsenstall Standort Kom\u00e1rom wurde fertiggestellt<\/a>\n<\/h3>\n\t\t\t\t\t\t\t\t\t<div class=\"post-hover-content\">\n\t\t\t\t\t\t<div class=\"entry-content\">\n\t<p>Der Bau des 2. F\u00e4rsenstalls Standort Kom\u00e1rom ist abgeschlossen, die bereits von den Tieren \u00fcbernommen wurde.<\/p>\n<\/div>\n\t\t\t\t\t<\/div>\n\t\t\t\t\t\t\t\t\t\t\t\t\t<div class=\"post-meta-info style-2\"><span class=\"meta-date\"><a href=\"https:\/\/solum.hu\/de\/der-neue-farsenstall-standort-komarom-wurde-fertiggestellt\/\"><span class=\"entry-date\">2025.02.04.<\/span><\/a><\/span>\n<\/div>\t\t\t\t\t\t\t<\/div>\n\t\t<\/div>\n\t\t\t\t\t<\/div>\n<\/article>\n<\/div><div class=\"grid-item metro-item  tp-col-lg-4 tp-col-md-4 tp-col-sm-12 tp-col-12\"><article id=\"post-2774\" class=\"post-2774 post type-post status-publish format-standard has-post-thumbnail hentry category-hirek-aktualitasok\">\n\t<div class=\"blog-list-content\">\n\t\t\t\t<div class=\"post-content-image\">\n\t\t\t<a href=\"https:\/\/solum.hu\/de\/platin-und-gold-stammbaumubergabe-auf-dem-milchviehbetrieb-standort-csem\/\">\n\t\t\t\t\t<div class=\"blog-featured-image\">\n\t<span class=\"thumb-wrap\">\n\t\t<img decoding=\"async\" width=\"768\" height=\"576\" src=\"https:\/\/solum.hu\/wp-content\/uploads\/2023\/11\/dscn6083-ret-web-768x576.jpg\" class=\"attachment-medium_large size-medium_large\" alt=\"\" srcset=\"https:\/\/solum.hu\/wp-content\/uploads\/2023\/11\/dscn6083-ret-web-768x576.jpg 768w, https:\/\/solum.hu\/wp-content\/uploads\/2023\/11\/dscn6083-ret-web-300x225.jpg 300w, https:\/\/solum.hu\/wp-content\/uploads\/2023\/11\/dscn6083-ret-web-1280x960.jpg 1280w, https:\/\/solum.hu\/wp-content\/uploads\/2023\/11\/dscn6083-ret-web-1536x1152.jpg 1536w, https:\/\/solum.hu\/wp-content\/uploads\/2023\/11\/dscn6083-ret-web-2048x1536.jpg 2048w, https:\/\/solum.hu\/wp-content\/uploads\/2023\/11\/dscn6083-ret-web-16x12.jpg 16w\" sizes=\"(max-width: 768px) 100vw, 768px\" \/>\t<\/span>\n\t<\/div>\n\t\t\t<\/a>\n\t\t\t\t\t<\/div>\n\t\t\t\t<div class=\"post-content-bottom\">\n\t\t\t\t\t\t<div class=\"post-metro-content\">\n\t\t\t\t<h3 class=\"post-title\">\n\t<a href=\"https:\/\/solum.hu\/de\/platin-und-gold-stammbaumubergabe-auf-dem-milchviehbetrieb-standort-csem\/\" class=\"normal\">Platin- und Gold-Stammbaum\u00fcbergabe auf dem Milchviehbetrieb Standort Cs\u00e9m<\/a>\n<\/h3>\n\t\t\t\t\t\t\t\t\t<div class=\"post-hover-content\">\n\t\t\t\t\t\t<div class=\"entry-content\">\n\t<p>Am 16.11.2023 wurde der 40. Platin-Pedigree Ungarns der 12-j\u00e4hrigen B\u00e1r\u00e1ny auf dem Milchviehbetrieb Cs\u00e9m \u00fcbergeben, der Perle des erfolgreichen MAGOR-Programms.<\/p>\n<\/div>\n\t\t\t\t\t<\/div>\n\t\t\t\t\t\t\t\t\t\t\t\t\t<div class=\"post-meta-info style-2\"><span class=\"meta-date\"><a href=\"https:\/\/solum.hu\/de\/platin-und-gold-stammbaumubergabe-auf-dem-milchviehbetrieb-standort-csem\/\"><span class=\"entry-date\">2023.11.16.<\/span><\/a><\/span>\n<\/div>\t\t\t\t\t\t\t<\/div>\n\t\t<\/div>\n\t\t\t\t\t<\/div>\n<\/article>\n<\/div><\/div><div class=\"ajax_load_more\"><a class=\"post-load-more\" data-layout=\"grid\" data-offset-posts=\"\" data-load-class=\"post69e3130f5fe0c\" data-display_post=\"3\" data-post_load_more=\"3\" data-loaded_posts=\"Nincs t\u00f6bb megjelen\u00edthet\u0151 cikk!\" data-tp_loading_text=\"Bet\u00f6lt\u00e9s...\" data-page=\"1\" data-total_page=\"3\" data-loadattr= 'am5CaEVMQlJDeHRwSUFWZkFXWGhEMmNRNnBORjd2ZjM3d1NMb1NnYWFOVEc0aE41OFNJbDdraHo4UkY3WGRTc0FLc1BJQ1JrRVhObWo1VFB1eHNVVXRUcVgybGMrQWJ1bFpNK0owWUFkb1pyZkxNWXNIU2NRMGhMbmw4UHVvU1BsUFJjcmlVY0tjQTdiK0lKU3cwUmxrUldBL0c4VEVSZ3o0UFN2LzNET0hXanYvRzBCenllVkNsaGVmaTZ2YVI1dnc2bHRJM3ZTRWdMRTFYeCtOQ0VFNVhtaUMxMGdoc3VlTWQ2eThRdXJVOSt5WUdzWkV5bm1FdXQ4bXM1OXV1TURjSVBkUDZESElWRWZaYldyeW1nWHdheTUwc1NTNkl0TDFDWWRUcG1pRFNUM1YzNGx4VUhSZVdBc3YvTmt5eDVpMlVLTXZ5dVBoNkhiWi9YTHJRL0RkYTV4TG9LcXZkWGtvaEdjK2hQbmtodk9UbGh6b1c4YjVYenhiY3p6ZDJDRVBKMHM5b0RLR0YvTXpSVnd1M21LdmVjTDF5aWdxVVArNDRDSHZzYmk2RDEyTlBPZ05SakhsbDVUaVZhbVdpY21zeHVueThFNnV5NHdRSjZnWm5pckNkUGMyTkZtY2NyaksyMXk4U1dndUFjTzNlR3pLNEx2S0NZYmY0dE9qOTlHbCtROGhzVURYaW51MWk5YmorT1VLT29XR1NweXZia3ZFdHFxMGUwRXExMlJXaVhFdW9QdVVONXUyWEMySU1rRlE5eHBxTDdBdHNJUno2cmdXekU1YjRTQmpKWTF4ZnkvQmZvMmw5aTFOWE5XaCsycXhZQlEyeDcvQ1BMNnUrTmNzS1FhMHNZbnV4SFZoZWVUS3lDZ0I3cVFPNXdZd3RLOUFQMXMxZE80QnNJVkNZSXZyM0U5NGJGVDA4L2FsbisrVUM2M1NkaVFvQUNDcGpRS3Q3T0Z2eFMrcmF4eVp4K0NRUTdYc2hJVTBpa250amNPYUFyU2psM3d5Qm14QzlwMlB2OXlqeVVrc0daVWtaeUVsOW5zRUk0c09OK2tYUkp1alQzWGN2NmJOQWlWUU1DcjlLYWUrNXA4R29nMGVhZGs1TmkwQzNpdDN5NmlFYm1Sa3RUQlJxcE41bzFkSXc3SGJMYXpjTG9SNlJIbUt0QlhBcDNyOSthRUE1SzV5bnBWVklqK0RlTFpGTnJ2bFVhU09VYWR4NXY5ejUrQ2M2cjlmTlVJRk0wOWFHamFuY1VKRE5rQndRendoemt6cHpVMmFpZkwvWUNlMnZmTG0vdU1nU0V0WGw3QjRTOHpJZ2hLN1k4R042UFZ5Z2pPeU5BSGtiSklrZTBuc21DQXpBVTBNdC83cXFDU0ZXWVlYSXFFYzkyWWFNYndVWnlOUGZRZjdZTWFaZXJaZHNyTlA0OURibmVsVmt1NnNLeVRvWWs5U090c2R6Q0x0Q1BqY29MeEQ2SEtCWFA4S09MOXRVc1pkY0gwUzV6WDdBN01FVmUrOXBYQXhnQk52UWxRYnhWVDBaWmJiM0xjcjZVc0pkTDlqeHAxVjd0ckhURms1THJ1N3NPYnRrK1hucloveVdhSWRvcGtMWGpGMk1VRXN6TFFWRWxveEMvSkFhZlU1b3F5a296ZHY5VVRjM0pNNzE1NTM4VHN2QnBPUXNKT1FmU0s4aytRdUVOcWIrYnZyZ3N4UVhvN21IVExGbTFmWklzUjZHclh4eHk2eUFWS1luc1NWQ1VacElEZEgzV2RtVjMwcDZVTThyL2M4dFQyZ1lweTIxWjVtemlLL0FzODE2eitxTnNwSEt1clg3TW4veGcwRGtGUHMxRUpneEdUTHhlZVhGc1RDdlU2SlhFVWZaRlU1KzVDU2VGZ2lzYzVwOHV6SGxBN0VWdXBieWJFQjkzQjVFNDdaYk1NUldmRWxhUkNHRnhWNVd1YnAvMDJVWWJMRnI2emlSY2d1aVp0dXZpd0NZMVBtL0RVWW0zclB2ckdUUStPNmZ0QUY4SWM3OEhlaEpOdS94Zk5yNzdudGRBci9xVTJ2QkV0OEdiREpYcVY1dTFGVDZxSkhhai9Kc0NCK1RsU0w4SktoVGRqL0tUbXdvQjhsYk1KOUFaVjA0RjU1MyttWnhDVU9UWmYyR2VGRkk2bEFnMndDdnJwaUZBbU9tM2Vlbm9qMVM0V3M3cE1VejFoSjhYLzN5OFdKOERVRkc3WlpHNi91VHFlQXVRMFpRN0FBPT0='>Weitere Nachrichten<\/a><\/div><\/div>\t\t\t\t<\/div>\n\t\t\t\t\t<\/div>\n\t\t<\/div>\n\t\t\t\t\t<\/div>\n\t\t<\/section>\n\t\t\t\t<\/div>","protected":false},"excerpt":{"rendered":"<p>Sikeres \u00e9s p\u00e9ldamutat\u00f3 termel\u0151k a magyar \u00e1llatteny\u00e9szt\u00e9sben A Magyar \u00c1llatteny\u00e9szt\u0151k Sz\u00f6vets\u00e9ge a szeptember 29-i \u00c1llatteny\u00e9szt\u0151k Napja alkalm\u00e1b\u00f3l kit\u00fcntet\u00e9sben r\u00e9szes\u00edtette azokat az \u00e1llatteny\u00e9szt\u0151ket \u00e9s v\u00e1llalkoz\u00e1sokat, akik kiemelked\u0151 teljes\u00edtm\u00e9ny\u00fck \u00e9s \u00e1gazati szerepv\u00e1llal\u00e1suk alapj\u00e1n&#8230; 2021.09.29. Excellent min\u0151s\u00edt\u00e9st kaptak teheneink A tejtermel\u0151k t\u00f6bbs\u00e9ge f\u0151leg a termel\u00e9si mutat\u00f3k \u00e9s beltartalmi param\u00e9terek alapj\u00e1n m\u00e9ri egy \u00fczem teljes\u00edtm\u00e9ny\u00e9t, pedig vannak m\u00e1s indik\u00e1torok [&hellip;]<\/p>","protected":false},"author":1,"featured_media":0,"parent":0,"menu_order":0,"comment_status":"closed","ping_status":"closed","template":"","meta":{"footnotes":""},"class_list":["post-336","page","type-page","status-publish","hentry"],"_links":{"self":[{"href":"https:\/\/solum.hu\/de\/wp-json\/wp\/v2\/pages\/336","targetHints":{"allow":["GET"]}}],"collection":[{"href":"https:\/\/solum.hu\/de\/wp-json\/wp\/v2\/pages"}],"about":[{"href":"https:\/\/solum.hu\/de\/wp-json\/wp\/v2\/types\/page"}],"author":[{"embeddable":true,"href":"https:\/\/solum.hu\/de\/wp-json\/wp\/v2\/users\/1"}],"replies":[{"embeddable":true,"href":"https:\/\/solum.hu\/de\/wp-json\/wp\/v2\/comments?post=336"}],"version-history":[{"count":4,"href":"https:\/\/solum.hu\/de\/wp-json\/wp\/v2\/pages\/336\/revisions"}],"predecessor-version":[{"id":3241,"href":"https:\/\/solum.hu\/de\/wp-json\/wp\/v2\/pages\/336\/revisions\/3241"}],"wp:attachment":[{"href":"https:\/\/solum.hu\/de\/wp-json\/wp\/v2\/media?parent=336"}],"curies":[{"name":"wp","href":"https:\/\/api.w.org\/{rel}","templated":true}]}}