{"id":592,"date":"2023-02-16T07:15:17","date_gmt":"2023-02-16T06:15:17","guid":{"rendered":"https:\/\/solum.hu\/?page_id=592"},"modified":"2023-08-25T11:22:00","modified_gmt":"2023-08-25T09:22:00","slug":"farsenaufzucht","status":"publish","type":"page","link":"https:\/\/solum.hu\/de\/tierhaltung\/farsenaufzucht\/","title":{"rendered":"F\u00e4rsenaufzucht"},"content":{"rendered":"<div data-elementor-type=\"wp-page\" data-elementor-id=\"592\" class=\"elementor elementor-592\" data-elementor-post-type=\"page\">\n\t\t\t\t\t\t<section class=\"elementor-section elementor-top-section elementor-element elementor-element-b82f20b elementor-section-boxed elementor-section-height-default elementor-section-height-default\" data-id=\"b82f20b\" data-element_type=\"section\">\n\t\t\t\t\t\t<div class=\"elementor-container elementor-column-gap-default\">\n\t\t\t\t\t<div class=\"elementor-column elementor-col-100 elementor-top-column elementor-element elementor-element-e1a6160\" data-id=\"e1a6160\" data-element_type=\"column\">\n\t\t\t<div class=\"elementor-widget-wrap elementor-element-populated\">\n\t\t\t\t\t\t\t<\/div>\n\t\t<\/div>\n\t\t\t\t\t<\/div>\n\t\t<\/section>\n\t\t\t\t<section class=\"elementor-section elementor-top-section elementor-element elementor-element-ba72536 elementor-section-boxed elementor-section-height-default elementor-section-height-default\" data-id=\"ba72536\" data-element_type=\"section\">\n\t\t\t\t\t\t<div class=\"elementor-container elementor-column-gap-default\">\n\t\t\t\t\t<div class=\"elementor-column elementor-col-100 elementor-top-column elementor-element elementor-element-da092e8\" data-id=\"da092e8\" data-element_type=\"column\">\n\t\t\t<div class=\"elementor-widget-wrap elementor-element-populated\">\n\t\t\t\t\t\t<div class=\"elementor-element elementor-element-6a796e1 elementor-widget elementor-widget-text-editor\" data-id=\"6a796e1\" data-element_type=\"widget\" data-widget_type=\"text-editor.default\">\n\t\t\t\t<div class=\"elementor-widget-container\">\n\t\t\t\t\t\t\t\t\t<p><img fetchpriority=\"high\" decoding=\"async\" class=\"alignright wp-image-1882\" src=\"https:\/\/solum.hu\/wp-content\/uploads\/2023\/07\/DSCN4503-300x223.jpg\" alt=\"\" width=\"400\" height=\"298\" srcset=\"https:\/\/solum.hu\/wp-content\/uploads\/2023\/07\/DSCN4503-300x223.jpg 300w, https:\/\/solum.hu\/wp-content\/uploads\/2023\/07\/DSCN4503-1280x953.jpg 1280w, https:\/\/solum.hu\/wp-content\/uploads\/2023\/07\/DSCN4503-768x572.jpg 768w, https:\/\/solum.hu\/wp-content\/uploads\/2023\/07\/DSCN4503-1536x1143.jpg 1536w, https:\/\/solum.hu\/wp-content\/uploads\/2023\/07\/DSCN4503-2048x1525.jpg 2048w, https:\/\/solum.hu\/wp-content\/uploads\/2023\/07\/DSCN4503-16x12.jpg 16w\" sizes=\"(max-width: 400px) 100vw, 400px\" \/><\/p><p>Die F\u00e4rsen sind das Fundament f\u00fcr eine leistungsf\u00e4hige und gesunde Herde. Deswegen legen wir besonderen Wert auf eine durchdachte, nachhaltige Aufzucht in drei Phasen, die den Bed\u00fcrfnissen der Tiere gerecht wird und ihr volles Potenzial f\u00f6rdert.<\/p><p>Nach dem Absetzen ist eine hohe t\u00e4gliche Zunahme entscheidend. Unser Ziel: 1.000 g t\u00e4gliche Gewichtszunahme in den ersten neun Monaten. Dabei f\u00f6rdern wir eine gleichm\u00e4\u00dfige Entwicklung und optimales Euterwachstum, um die Grundlage f\u00fcr eine sp\u00e4tere hohe Milchleistung zu legen.<\/p><p>In der zweiten Phase, von neun bis 14 Monaten, fokussieren wir uns auf die Vorbereitung der F\u00e4rsen auf die erste Tr\u00e4chtigkeit. Es gilt, das ideale Gewicht f\u00fcr die erste Besamung zu erreichen, ohne die Tiere zu \u00fcberf\u00fcttern. Wir setzen auf eine ausgewogene F\u00fctterung, die eine Gewichtszunahme von 750-800 g pro Tag erm\u00f6glicht, um das Zielgewicht von 420 kg bis zum 14. Monat zu erreichen.<\/p><p>In der dritten Phase, von 14 bis 24 Monaten, wird das Wachstum bewusst verlangsamt. Eine Tageszunahme von 650-700 g stellt sicher, dass die F\u00e4rsen bei der ersten Abkalbung mit 24 Monaten ein optimales Gewicht von 620 kg erreichen. So legen wir den Grundstein f\u00fcr langlebige und leistungsstarke Milchk\u00fche.\nDurch diese gezielte F\u00fctterungsstrategie schaffen wir die besten Voraussetzungen f\u00fcr gesunde, produktive K\u00fche in Ihrer Herde.<\/p>\t\t\t\t\t\t\t\t<\/div>\n\t\t\t\t<\/div>\n\t\t\t\t\t<\/div>\n\t\t<\/div>\n\t\t\t\t\t<\/div>\n\t\t<\/section>\n\t\t\t\t<\/div>","protected":false},"excerpt":{"rendered":"<p>Az \u00fcsz\u0151k hat\u00e1rozz\u00e1k meg n\u00e9h\u00e1ny \u00e9ven bel\u00fcl az \u00e1llom\u00e1ny min\u0151s\u00e9g\u00e9t, ez\u00e9rt a nevel\u00e9s\u00fckre is fokozottan kell figyelni. Az \u00fcsz\u0151nevel\u00e9s alatt 3 f\u00e1zisra osztottuk a takarm\u00e1nyoz\u00e1st, hogy kiel\u00e9g\u00edtse az \u00e1llat sz\u00fcks\u00e9gleteit \u00e9s hozz\u00e1j\u00e1ruljon a magas tejtermel\u00e9si potenci\u00e1l kiakn\u00e1z\u00e1s\u00e1hoz. A neveld\u00e9be ker\u00fcl\u00e9st k\u00f6vet\u0151en az \u00e1llatoknak magas napi t\u00f6meggyarapod\u00e1st kell el\u00e9rni\u00fck, ugyanakkor eg\u00e9szs\u00e9gesnek, az egyes csoportoknak pedig egys\u00e9gesnek [&hellip;]<\/p>","protected":false},"author":1,"featured_media":1882,"parent":642,"menu_order":2,"comment_status":"closed","ping_status":"closed","template":"","meta":{"footnotes":""},"class_list":["post-592","page","type-page","status-publish","has-post-thumbnail","hentry"],"_links":{"self":[{"href":"https:\/\/solum.hu\/de\/wp-json\/wp\/v2\/pages\/592","targetHints":{"allow":["GET"]}}],"collection":[{"href":"https:\/\/solum.hu\/de\/wp-json\/wp\/v2\/pages"}],"about":[{"href":"https:\/\/solum.hu\/de\/wp-json\/wp\/v2\/types\/page"}],"author":[{"embeddable":true,"href":"https:\/\/solum.hu\/de\/wp-json\/wp\/v2\/users\/1"}],"replies":[{"embeddable":true,"href":"https:\/\/solum.hu\/de\/wp-json\/wp\/v2\/comments?post=592"}],"version-history":[{"count":4,"href":"https:\/\/solum.hu\/de\/wp-json\/wp\/v2\/pages\/592\/revisions"}],"predecessor-version":[{"id":2678,"href":"https:\/\/solum.hu\/de\/wp-json\/wp\/v2\/pages\/592\/revisions\/2678"}],"up":[{"embeddable":true,"href":"https:\/\/solum.hu\/de\/wp-json\/wp\/v2\/pages\/642"}],"wp:featuredmedia":[{"embeddable":true,"href":"https:\/\/solum.hu\/de\/wp-json\/wp\/v2\/media\/1882"}],"wp:attachment":[{"href":"https:\/\/solum.hu\/de\/wp-json\/wp\/v2\/media?parent=592"}],"curies":[{"name":"wp","href":"https:\/\/api.w.org\/{rel}","templated":true}]}}