{"id":597,"date":"2023-02-16T07:15:54","date_gmt":"2023-02-16T06:15:54","guid":{"rendered":"https:\/\/solum.hu\/?page_id=597"},"modified":"2025-07-29T15:09:04","modified_gmt":"2025-07-29T13:09:04","slug":"futterung","status":"publish","type":"page","link":"https:\/\/solum.hu\/de\/tierhaltung\/futterung\/","title":{"rendered":"Die F\u00fctterung der Milchk\u00fche"},"content":{"rendered":"<div data-elementor-type=\"wp-page\" data-elementor-id=\"597\" class=\"elementor elementor-597\" data-elementor-post-type=\"page\">\n\t\t\t\t\t\t<section class=\"elementor-section elementor-top-section elementor-element elementor-element-7888340 elementor-section-boxed elementor-section-height-default elementor-section-height-default\" data-id=\"7888340\" data-element_type=\"section\">\n\t\t\t\t\t\t<div class=\"elementor-container elementor-column-gap-default\">\n\t\t\t\t\t<div class=\"elementor-column elementor-col-100 elementor-top-column elementor-element elementor-element-b072e73\" data-id=\"b072e73\" data-element_type=\"column\">\n\t\t\t<div class=\"elementor-widget-wrap elementor-element-populated\">\n\t\t\t\t\t\t\t<\/div>\n\t\t<\/div>\n\t\t\t\t\t<\/div>\n\t\t<\/section>\n\t\t\t\t<section class=\"elementor-section elementor-top-section elementor-element elementor-element-867de91 elementor-section-boxed elementor-section-height-default elementor-section-height-default\" data-id=\"867de91\" data-element_type=\"section\">\n\t\t\t\t\t\t<div class=\"elementor-container elementor-column-gap-default\">\n\t\t\t\t\t<div class=\"elementor-column elementor-col-100 elementor-top-column elementor-element elementor-element-1ea2379\" data-id=\"1ea2379\" data-element_type=\"column\">\n\t\t\t<div class=\"elementor-widget-wrap elementor-element-populated\">\n\t\t\t\t\t\t<div class=\"elementor-element elementor-element-35be4b5 elementor-widget elementor-widget-text-editor\" data-id=\"35be4b5\" data-element_type=\"widget\" data-widget_type=\"text-editor.default\">\n\t\t\t\t<div class=\"elementor-widget-container\">\n\t\t\t\t\t\t\t\t\t<p><img fetchpriority=\"high\" decoding=\"async\" class=\"alignright wp-image-1861\" src=\"https:\/\/solum.hu\/wp-content\/uploads\/2023\/07\/DSCN4597-300x225.jpg\" alt=\"\" width=\"400\" height=\"300\" srcset=\"https:\/\/solum.hu\/wp-content\/uploads\/2023\/07\/DSCN4597-300x225.jpg 300w, https:\/\/solum.hu\/wp-content\/uploads\/2023\/07\/DSCN4597-1280x960.jpg 1280w, https:\/\/solum.hu\/wp-content\/uploads\/2023\/07\/DSCN4597-768x576.jpg 768w, https:\/\/solum.hu\/wp-content\/uploads\/2023\/07\/DSCN4597-1536x1152.jpg 1536w, https:\/\/solum.hu\/wp-content\/uploads\/2023\/07\/DSCN4597-2048x1536.jpg 2048w, https:\/\/solum.hu\/wp-content\/uploads\/2023\/07\/DSCN4597-16x12.jpg 16w\" sizes=\"(max-width: 400px) 100vw, 400px\" \/>In unseren zwei Milchviehbetrieben versorgen wir 2.600 Milchk\u00fche, die eine beeindruckende Jahresleistung von rund 14.000 kg Milch erzielen. Damit z\u00e4hlen unsere Betriebe zu den Spitzenreitern in Europa. Durch die Umstellung auf das bew\u00e4hrte Sano-F\u00fctterungskonzept, das wir den betrieblichen Gegebenheiten angepasst haben, sorgen wir daf\u00fcr, dass die speziellen Bed\u00fcrfnisse unserer Hochleistungsk\u00fche erf\u00fcllt werden.<\/p>\n<h3>Trockensteher<\/h3>\n<p>W\u00e4hrend der Trockenstehphase bereiten wir die K\u00fche optimal auf die n\u00e4chste Laktation vor. In dieser Phase entwickeln sich Embryo, Geb\u00e4rmutter und Plazenta intensiv, was viel Energie ben\u00f6tigt. Auch die Euterdr\u00fcsen regenerieren sich. Um diesen erh\u00f6hten Bedarf zu decken, setzen wir auf eine sorgf\u00e4ltig abgestimmte F\u00fctterung mit regelm\u00e4\u00dfig \u00fcberpr\u00fcften Rationen und einem hohen Anionengehalt, die den Energiebedarf decken und die betriebliche Effizienz unterst\u00fctzen.<\/p>\n<h3>Abkalbung<\/h3>\n<p>Nach der Abkalbung ist der Energiebedarf der K\u00fche besonders hoch, w\u00e4hrend die Futteraufnahme zun\u00e4chst gering bleibt. Um diesem Ungleichgewicht vorzubeugen, setzen wir auf hochverdauliches und schmackhaftes Futter, das die Trockenmasseaufnahme steigert und Stoffwechselst\u00f6rungen, wie Ketose, vorbeugt. So verhindern wir auch Labmagenverlagerungen und Nachgeburtsprobleme.<\/p>\n<h3>Laktation<\/h3>\n<p>In der Laktationsphase ist die N\u00e4hrstoffversorgung entscheidend f\u00fcr Milchleistung, Inhaltsstoffe und die allgemeine Gesundheit.<\/p>\n<p>Die Futterration basiert haupts\u00e4chlich auf selbst erzeugtem Grundfutter, dessen Verdaulichkeit wir im Sano Labor regelm\u00e4\u00dfig analysieren. Erg\u00e4nzend f\u00fcttern wir energie- und n\u00e4hrstoffreiches Kraftfutter sowie Sano Mineralfutter, um die Leistungsf\u00e4higkeit unserer K\u00fche zu unterst\u00fctzen.<\/p>\n<p>Wir bieten unseren laktierenden K\u00fchen zwei verschiedene Rationen an: eine Startration direkt nach dem Kalben und eine spezielle Ration f\u00fcr Hochleistungsk\u00fche. Beide Rationen sind so konzipiert, dass sie den spezifischen Anforderungen der Tiere gerecht werden. Unsere Milchk\u00fche erhalten zweimal t\u00e4glich Futter, um ihre Bed\u00fcrfnisse optimal abzudecken.<\/p>\t\t\t\t\t\t\t\t<\/div>\n\t\t\t\t<\/div>\n\t\t\t\t\t<\/div>\n\t\t<\/div>\n\t\t\t\t\t<\/div>\n\t\t<\/section>\n\t\t\t\t<\/div>","protected":false},"excerpt":{"rendered":"<p>A SOLUM Zrt. k\u00e9t tehen\u00e9szeti telep\u00e9n \u00f6sszesen 2.600 teh\u00e9n \u00e9s szaporulata tal\u00e1lhat\u00f3 14.000 kg feletti standard lakt\u00e1ci\u00f3s tejtermel\u00e9ssel. A tehen\u00e9szetek Magyarorsz\u00e1gon \u00e9s Eur\u00f3p\u00e1ban is kiemelked\u0151 teljes\u00edtm\u00e9ny\u0171 \u00fczemnek sz\u00e1m\u00edtanak. A takarm\u00e1nyoz\u00e1si rendszert a Sano takarm\u00e1nyoz\u00e1si koncepci\u00f3 alapj\u00e1n alak\u00edtottuk ki, figyelembe v\u00e9ve a telepi saj\u00e1toss\u00e1gokat \u00e9s a nagytej\u0171 tehenek ig\u00e9nyeit. Sz\u00e1razon\u00e1ll\u00e1s A sz\u00e1razon\u00e1ll\u00f3 id\u0151szakban a teheneket a [&hellip;]<\/p>","protected":false},"author":1,"featured_media":1861,"parent":642,"menu_order":3,"comment_status":"closed","ping_status":"closed","template":"","meta":{"footnotes":""},"class_list":["post-597","page","type-page","status-publish","has-post-thumbnail","hentry"],"_links":{"self":[{"href":"https:\/\/solum.hu\/de\/wp-json\/wp\/v2\/pages\/597","targetHints":{"allow":["GET"]}}],"collection":[{"href":"https:\/\/solum.hu\/de\/wp-json\/wp\/v2\/pages"}],"about":[{"href":"https:\/\/solum.hu\/de\/wp-json\/wp\/v2\/types\/page"}],"author":[{"embeddable":true,"href":"https:\/\/solum.hu\/de\/wp-json\/wp\/v2\/users\/1"}],"replies":[{"embeddable":true,"href":"https:\/\/solum.hu\/de\/wp-json\/wp\/v2\/comments?post=597"}],"version-history":[{"count":4,"href":"https:\/\/solum.hu\/de\/wp-json\/wp\/v2\/pages\/597\/revisions"}],"predecessor-version":[{"id":3074,"href":"https:\/\/solum.hu\/de\/wp-json\/wp\/v2\/pages\/597\/revisions\/3074"}],"up":[{"embeddable":true,"href":"https:\/\/solum.hu\/de\/wp-json\/wp\/v2\/pages\/642"}],"wp:featuredmedia":[{"embeddable":true,"href":"https:\/\/solum.hu\/de\/wp-json\/wp\/v2\/media\/1861"}],"wp:attachment":[{"href":"https:\/\/solum.hu\/de\/wp-json\/wp\/v2\/media?parent=597"}],"curies":[{"name":"wp","href":"https:\/\/api.w.org\/{rel}","templated":true}]}}