{"id":602,"date":"2023-02-16T07:17:40","date_gmt":"2023-02-16T06:17:40","guid":{"rendered":"https:\/\/solum.hu\/?page_id=602"},"modified":"2026-02-27T15:18:19","modified_gmt":"2026-02-27T14:18:19","slug":"pflanzenbau","status":"publish","type":"page","link":"https:\/\/solum.hu\/de\/pflanzenbau\/","title":{"rendered":"Pflanzenbau"},"content":{"rendered":"<div data-elementor-type=\"wp-page\" data-elementor-id=\"602\" class=\"elementor elementor-602\" data-elementor-post-type=\"page\">\n\t\t\t\t\t\t<section class=\"elementor-section elementor-top-section elementor-element elementor-element-8458fbd elementor-section-boxed elementor-section-height-default elementor-section-height-default\" data-id=\"8458fbd\" data-element_type=\"section\">\n\t\t\t\t\t\t<div class=\"elementor-container elementor-column-gap-default\">\n\t\t\t\t\t<div class=\"elementor-column elementor-col-100 elementor-top-column elementor-element elementor-element-d08436b\" data-id=\"d08436b\" data-element_type=\"column\">\n\t\t\t<div class=\"elementor-widget-wrap elementor-element-populated\">\n\t\t\t\t\t\t\t<\/div>\n\t\t<\/div>\n\t\t\t\t\t<\/div>\n\t\t<\/section>\n\t\t\t\t<section class=\"elementor-section elementor-top-section elementor-element elementor-element-040832d elementor-section-boxed elementor-section-height-default elementor-section-height-default\" data-id=\"040832d\" data-element_type=\"section\">\n\t\t\t\t\t\t<div class=\"elementor-container elementor-column-gap-default\">\n\t\t\t\t\t<div class=\"elementor-column elementor-col-100 elementor-top-column elementor-element elementor-element-46ac4ee\" data-id=\"46ac4ee\" data-element_type=\"column\">\n\t\t\t<div class=\"elementor-widget-wrap elementor-element-populated\">\n\t\t\t\t\t\t<div class=\"elementor-element elementor-element-b6572de elementor-widget elementor-widget-text-editor\" data-id=\"b6572de\" data-element_type=\"widget\" data-widget_type=\"text-editor.default\">\n\t\t\t\t<div class=\"elementor-widget-container\">\n\t\t\t\t\t\t\t\t\t<p style=\"font-weight: 400;\"><img fetchpriority=\"high\" decoding=\"async\" class=\"alignright wp-image-1118\" src=\"https:\/\/solum.hu\/wp-content\/uploads\/2023\/02\/pic87_kukorica-300x225.jpg\" alt=\"\" width=\"400\" height=\"300\" srcset=\"https:\/\/solum.hu\/wp-content\/uploads\/2023\/02\/pic87_kukorica-300x225.jpg 300w, https:\/\/solum.hu\/wp-content\/uploads\/2023\/02\/pic87_kukorica.jpg 547w\" sizes=\"(max-width: 400px) 100vw, 400px\" \/>Die SOLUM AG bewirtschaftet 3.100 Hektar Ackerfl\u00e4che, \u00fcberwiegend s\u00fcdwestlich von Kom\u00e1rom. Dank der N\u00e4he zur Donau k\u00f6nnen wir 1.100 Hektar unserer Fl\u00e4chen bew\u00e4ssern. Seit 1994 wurde das Bew\u00e4sserungssystem stetig ausgebaut und verbessert, um optimale Wachstumsbedingungen f\u00fcr unsere Kulturen zu schaffen. Unsere B\u00f6den, sogenannte Donau-Auenb\u00f6den, zeichnen sich durch einen geringen Humusgehalt und hohen Kalkanteil aus, was zu leicht alkalischen Bedingungen f\u00fchrt. Diese sandigen Lehmb\u00f6den weisen eine hohe Wasserdurchl\u00e4ssigkeit, jedoch ein schwaches Wasserhalteverm\u00f6gen auf.<\/p><p style=\"font-weight: 400;\"><span style=\"font-size: 1rem; background-color: var( --e-global-color-9a94c7e );\">Das Klima der ungarischen Tiefebene ist gepr\u00e4gt von hei\u00dfen Sommern, milden Wintern, viel Sonnenschein und relativ wenig Niederschlag. Die j\u00e4hrliche Niederschlagsmenge betr\u00e4gt etwa 400 Liter pro Quadratmeter. Dank der Bew\u00e4sserung schaffen wir jedoch g\u00fcnstige Bedingungen f\u00fcr das gesunde Wachstum unserer Kulturen.<\/span><\/p><p style=\"font-weight: 400;\"><span style=\"font-size: 1rem; background-color: var( --e-global-color-9a94c7e );\">Unser Pflanzenbau ist f\u00fcr die gesamte Bewirtschaftung der Fl\u00e4chen verantwortlich, von der Bodenvorbereitung bis hin zur Ernte. <\/span><strong style=\"font-size: 1rem;\">Das prim\u00e4re Ziel ist die Produktion von hochwertigem Grundfutter f\u00fcr unsere Milchviehbetriebe in Cs\u00e9m und Kom\u00e1rom.<\/strong><\/p><p style=\"font-weight: 400;\"><span style=\"font-size: 1rem; background-color: var( --e-global-color-9a94c7e );\">Durch eine effiziente Kombination von Kartoffelanbau und Futterpflanzen entsteht eine abwechslungsreiche Fruchtfolge, die den Boden schont und nachhaltige Ertr\u00e4ge sichert.<\/span><\/p><p style=\"font-weight: 400;\"><span style=\"font-size: 1rem; background-color: var( --e-global-color-9a94c7e );\">Die Einf\u00fchrung von Pr\u00e4zisionstechnologien erm\u00f6glicht es uns, die Ertragsf\u00e4higkeit unserer Fl\u00e4chen optimal zu nutzen. Wir erkennen unterschiedliche Zonen innerhalb eines Feldes und k\u00f6nnen dank digitaler Systeme eine standortspezifische Landwirtschaft betreiben. So passen wir den Anbau individuell an die Gegebenheiten jeder Parzelle an.<\/span><\/p><p style=\"font-weight: 400;\"><span style=\"font-size: 1rem; background-color: var( --e-global-color-9a94c7e );\">Neben der Erreichung unserer Produktionsziele legen wir gro\u00dfen Wert auf Nachhaltigkeit und die Verbesserung der Bodenfruchtbarkeit, insbesondere da unsere Fl\u00e4chen intensiv zur Grundfutterproduktion genutzt werden. Um die Bodenfruchtbarkeit langfristig zu erhalten, verzichten wir auf herk\u00f6mmliches Pfl\u00fcgen und setzen auf Technologien wie reduzierte Bodenbearbeitung und Direktsaat. Verschiedene Anbauverfahren werden regelm\u00e4\u00dfig getestet und evaluiert, um die optimalen Methoden f\u00fcr unsere spezifischen Betriebsziele zu entwickeln.<\/span><\/p><p style=\"font-weight: 400;\"><span style=\"font-size: 1rem; background-color: var( --e-global-color-9a94c7e );\">Die Hauptkulturen in unserer Fruchtfolge sind Silomais, Roggen (f\u00fcr Silage), Triticale (f\u00fcr Silage), Gras (f\u00fcr Silage), Sudangras, Gr\u00fcnd\u00fcngungspflanzen sowie K\u00f6rnertriticale und K\u00f6rnermais. <\/span><strong style=\"font-size: 1rem;\">Zudem bauen wir Speisekartoffeln an, was uns eine zus\u00e4tzliche Einkommensquelle sichert und die Fruchtfolge weiter diversifiziert.<\/strong><\/p><p style=\"font-weight: 400;\"><span style=\"font-size: 1rem; background-color: var( --e-global-color-9a94c7e );\">So stellen wir sicher, dass unsere B\u00f6den gesund bleiben und die Ertr\u00e4ge auch in Zukunft gesichert sind.<\/span><\/p>\t\t\t\t\t\t\t\t<\/div>\n\t\t\t\t<\/div>\n\t\t\t\t\t<\/div>\n\t\t<\/div>\n\t\t\t\t\t<\/div>\n\t\t<\/section>\n\t\t\t\t<section class=\"elementor-section elementor-top-section elementor-element elementor-element-82b6239 elementor-section-boxed elementor-section-height-default elementor-section-height-default\" data-id=\"82b6239\" data-element_type=\"section\" data-settings=\"{&quot;background_background&quot;:&quot;classic&quot;}\">\n\t\t\t\t\t\t<div class=\"elementor-container elementor-column-gap-default\">\n\t\t\t\t\t<div class=\"elementor-column elementor-col-100 elementor-top-column elementor-element elementor-element-239f708\" data-id=\"239f708\" data-element_type=\"column\" data-settings=\"{&quot;background_background&quot;:&quot;classic&quot;}\">\n\t\t\t<div class=\"elementor-widget-wrap elementor-element-populated\">\n\t\t\t\t\t\t<div class=\"elementor-element elementor-element-d28382e elementor-grid-3 elementor-grid-tablet-2 elementor-grid-mobile-1 elementor-posts--thumbnail-top elementor-card-shadow-yes elementor-posts__hover-gradient elementor-widget elementor-widget-posts\" data-id=\"d28382e\" data-element_type=\"widget\" data-settings=\"{&quot;cards_columns&quot;:&quot;3&quot;,&quot;cards_columns_tablet&quot;:&quot;2&quot;,&quot;cards_columns_mobile&quot;:&quot;1&quot;,&quot;cards_row_gap&quot;:{&quot;unit&quot;:&quot;px&quot;,&quot;size&quot;:35,&quot;sizes&quot;:[]},&quot;cards_row_gap_laptop&quot;:{&quot;unit&quot;:&quot;px&quot;,&quot;size&quot;:&quot;&quot;,&quot;sizes&quot;:[]},&quot;cards_row_gap_tablet_extra&quot;:{&quot;unit&quot;:&quot;px&quot;,&quot;size&quot;:&quot;&quot;,&quot;sizes&quot;:[]},&quot;cards_row_gap_tablet&quot;:{&quot;unit&quot;:&quot;px&quot;,&quot;size&quot;:&quot;&quot;,&quot;sizes&quot;:[]},&quot;cards_row_gap_mobile_extra&quot;:{&quot;unit&quot;:&quot;px&quot;,&quot;size&quot;:&quot;&quot;,&quot;sizes&quot;:[]},&quot;cards_row_gap_mobile&quot;:{&quot;unit&quot;:&quot;px&quot;,&quot;size&quot;:&quot;&quot;,&quot;sizes&quot;:[]}}\" data-widget_type=\"posts.cards\">\n\t\t\t\t<div class=\"elementor-widget-container\">\n\t\t\t\t\t\t\t<div class=\"elementor-posts-container elementor-posts elementor-posts--skin-cards elementor-grid\" role=\"list\">\n\t\t\t\t<article class=\"elementor-post elementor-grid-item post-607 page type-page status-publish has-post-thumbnail hentry\" role=\"listitem\">\n\t\t\t<div class=\"elementor-post__card\">\n\t\t\t\t<a class=\"elementor-post__thumbnail__link\" href=\"https:\/\/solum.hu\/de\/pflanzenbau\/grundfutteranbau\/\" tabindex=\"-1\" ><div class=\"elementor-post__thumbnail\"><img decoding=\"async\" width=\"768\" height=\"512\" src=\"https:\/\/solum.hu\/wp-content\/uploads\/2023\/07\/fields-2674177-768x512.jpg\" class=\"attachment-medium_large size-medium_large wp-image-1929\" alt=\"\" srcset=\"https:\/\/solum.hu\/wp-content\/uploads\/2023\/07\/fields-2674177-768x512.jpg 768w, https:\/\/solum.hu\/wp-content\/uploads\/2023\/07\/fields-2674177-300x200.jpg 300w, https:\/\/solum.hu\/wp-content\/uploads\/2023\/07\/fields-2674177-1280x853.jpg 1280w, https:\/\/solum.hu\/wp-content\/uploads\/2023\/07\/fields-2674177-1536x1024.jpg 1536w, https:\/\/solum.hu\/wp-content\/uploads\/2023\/07\/fields-2674177-2048x1365.jpg 2048w, https:\/\/solum.hu\/wp-content\/uploads\/2023\/07\/fields-2674177-18x12.jpg 18w, https:\/\/solum.hu\/wp-content\/uploads\/2023\/07\/fields-2674177-scaled.jpg 1600w\" sizes=\"(max-width: 768px) 100vw, 768px\" \/><\/div><\/a>\n\t\t\t\t<div class=\"elementor-post__text\">\n\t\t\t\t<h3 class=\"elementor-post__title\">\n\t\t\t<a href=\"https:\/\/solum.hu\/de\/pflanzenbau\/grundfutteranbau\/\" >\n\t\t\t\tGrundfutteranbau\t\t\t<\/a>\n\t\t<\/h3>\n\t\t\t\t<div class=\"elementor-post__excerpt\">\n\t\t\t<p>Unser wichtigstes Futtermittel ist Silomais, der j\u00e4hrlich etwa 30.000 Tonnen f\u00fcr unsere Rinderherden liefert. Durch Bew\u00e4sserung garantieren wir stabile Ertr\u00e4ge auch in trockenen Jahren.<\/p>\n\t\t<\/div>\n\t\t\n\t\t<a class=\"elementor-post__read-more\" href=\"https:\/\/solum.hu\/de\/pflanzenbau\/grundfutteranbau\/\" aria-label=\"Read more about Takarm\u00e1nyn\u00f6v\u00e9ny termeszt\u00e9s\" tabindex=\"-1\" >\n\t\t\t<i class=\"btn-icon button-before fa fa-chevron-right\"><\/i>&nbsp;Mehr erfahren\t\t<\/a>\n\n\t\t\t\t<\/div>\n\t\t\t\t\t<\/div>\n\t\t<\/article>\n\t\t\t\t<article class=\"elementor-post elementor-grid-item post-617 page type-page status-publish has-post-thumbnail hentry\" role=\"listitem\">\n\t\t\t<div class=\"elementor-post__card\">\n\t\t\t\t<a class=\"elementor-post__thumbnail__link\" href=\"https:\/\/solum.hu\/de\/pflanzenbau\/bewasserung\/\" tabindex=\"-1\" ><div class=\"elementor-post__thumbnail\"><img decoding=\"async\" width=\"768\" height=\"574\" src=\"https:\/\/solum.hu\/wp-content\/uploads\/2023\/07\/ontozes-768x574.png\" class=\"attachment-medium_large size-medium_large wp-image-1925\" alt=\"\" srcset=\"https:\/\/solum.hu\/wp-content\/uploads\/2023\/07\/ontozes-768x574.png 768w, https:\/\/solum.hu\/wp-content\/uploads\/2023\/07\/ontozes-300x224.png 300w, https:\/\/solum.hu\/wp-content\/uploads\/2023\/07\/ontozes-1280x957.png 1280w, https:\/\/solum.hu\/wp-content\/uploads\/2023\/07\/ontozes-16x12.png 16w, https:\/\/solum.hu\/wp-content\/uploads\/2023\/07\/ontozes.png 1364w\" sizes=\"(max-width: 768px) 100vw, 768px\" \/><\/div><\/a>\n\t\t\t\t<div class=\"elementor-post__text\">\n\t\t\t\t<h3 class=\"elementor-post__title\">\n\t\t\t<a href=\"https:\/\/solum.hu\/de\/pflanzenbau\/bewasserung\/\" >\n\t\t\t\tBew\u00e4sserung\t\t\t<\/a>\n\t\t<\/h3>\n\t\t\t\t<div class=\"elementor-post__excerpt\">\n\t\t\t<p>Die Bew\u00e4sserung ist ein essenzieller Bestandteil unserer landwirtschaftlichen Produktion und wurde seit 1994 kontinuierlich weiterentwickelt.<\/p>\n\t\t<\/div>\n\t\t\n\t\t<a class=\"elementor-post__read-more\" href=\"https:\/\/solum.hu\/de\/pflanzenbau\/bewasserung\/\" aria-label=\"Read more about \u00d6nt\u00f6z\u00e9s\" tabindex=\"-1\" >\n\t\t\t<i class=\"btn-icon button-before fa fa-chevron-right\"><\/i>&nbsp;Mehr erfahren\t\t<\/a>\n\n\t\t\t\t<\/div>\n\t\t\t\t\t<\/div>\n\t\t<\/article>\n\t\t\t\t<article class=\"elementor-post elementor-grid-item post-622 page type-page status-publish has-post-thumbnail hentry\" role=\"listitem\">\n\t\t\t<div class=\"elementor-post__card\">\n\t\t\t\t<a class=\"elementor-post__thumbnail__link\" href=\"https:\/\/solum.hu\/de\/pflanzenbau\/gullemanagement\/\" tabindex=\"-1\" ><div class=\"elementor-post__thumbnail\"><img loading=\"lazy\" decoding=\"async\" width=\"768\" height=\"512\" src=\"https:\/\/solum.hu\/wp-content\/uploads\/2023\/07\/tragya-menedzsment-768x512.png\" class=\"attachment-medium_large size-medium_large wp-image-1927\" alt=\"\" srcset=\"https:\/\/solum.hu\/wp-content\/uploads\/2023\/07\/tragya-menedzsment-768x512.png 768w, https:\/\/solum.hu\/wp-content\/uploads\/2023\/07\/tragya-menedzsment-300x200.png 300w, https:\/\/solum.hu\/wp-content\/uploads\/2023\/07\/tragya-menedzsment-1280x853.png 1280w, https:\/\/solum.hu\/wp-content\/uploads\/2023\/07\/tragya-menedzsment-18x12.png 18w, https:\/\/solum.hu\/wp-content\/uploads\/2023\/07\/tragya-menedzsment.png 1492w\" sizes=\"(max-width: 768px) 100vw, 768px\" \/><\/div><\/a>\n\t\t\t\t<div class=\"elementor-post__text\">\n\t\t\t\t<h3 class=\"elementor-post__title\">\n\t\t\t<a href=\"https:\/\/solum.hu\/de\/pflanzenbau\/gullemanagement\/\" >\n\t\t\t\tG\u00fcllemanagement\t\t\t<\/a>\n\t\t<\/h3>\n\t\t\t\t<div class=\"elementor-post__excerpt\">\n\t\t\t<p>In dem Standort Kom\u00e1rom der erste Kuhstall mit Wassersp\u00fchlung wurde in 2015 aufgebaut. Dank f\u00fcr diese Investition die Umstellung auf modernes G\u00fcllemanagement hat schrittweise begonnen.<\/p>\n\t\t<\/div>\n\t\t\n\t\t<a class=\"elementor-post__read-more\" href=\"https:\/\/solum.hu\/de\/pflanzenbau\/gullemanagement\/\" aria-label=\"Read more about Tr\u00e1gya menedzsment\" tabindex=\"-1\" >\n\t\t\t<i class=\"btn-icon button-before fa fa-chevron-right\"><\/i>&nbsp;Mehr erfahren\t\t<\/a>\n\n\t\t\t\t<\/div>\n\t\t\t\t\t<\/div>\n\t\t<\/article>\n\t\t\t\t<article class=\"elementor-post elementor-grid-item post-627 page type-page status-publish has-post-thumbnail hentry\" role=\"listitem\">\n\t\t\t<div class=\"elementor-post__card\">\n\t\t\t\t<a class=\"elementor-post__thumbnail__link\" href=\"https:\/\/solum.hu\/de\/pflanzenbau\/der-maschinenpark\/\" tabindex=\"-1\" ><div class=\"elementor-post__thumbnail\"><img loading=\"lazy\" decoding=\"async\" width=\"768\" height=\"440\" src=\"https:\/\/solum.hu\/wp-content\/uploads\/2023\/07\/DSCN5442-2-768x440.jpg\" class=\"attachment-medium_large size-medium_large wp-image-1931\" alt=\"\" srcset=\"https:\/\/solum.hu\/wp-content\/uploads\/2023\/07\/DSCN5442-2-768x440.jpg 768w, https:\/\/solum.hu\/wp-content\/uploads\/2023\/07\/DSCN5442-2-300x172.jpg 300w, https:\/\/solum.hu\/wp-content\/uploads\/2023\/07\/DSCN5442-2-1280x733.jpg 1280w, https:\/\/solum.hu\/wp-content\/uploads\/2023\/07\/DSCN5442-2-1536x880.jpg 1536w, https:\/\/solum.hu\/wp-content\/uploads\/2023\/07\/DSCN5442-2-2048x1173.jpg 2048w, https:\/\/solum.hu\/wp-content\/uploads\/2023\/07\/DSCN5442-2-18x10.jpg 18w\" sizes=\"(max-width: 768px) 100vw, 768px\" \/><\/div><\/a>\n\t\t\t\t<div class=\"elementor-post__text\">\n\t\t\t\t<h3 class=\"elementor-post__title\">\n\t\t\t<a href=\"https:\/\/solum.hu\/de\/pflanzenbau\/der-maschinenpark\/\" >\n\t\t\t\tDer Maschinenpark\t\t\t<\/a>\n\t\t<\/h3>\n\t\t\t\t<div class=\"elementor-post__excerpt\">\n\t\t\t<p>Unser Maschinenpark wird kontinuierlich modernisiert und ist mit fortschrittlicher digitaler Technologie ausgestattet, um den Anforderungen der Pr\u00e4zisionslandwirtschaft gerecht zu werden.<\/p>\n\t\t<\/div>\n\t\t\n\t\t<a class=\"elementor-post__read-more\" href=\"https:\/\/solum.hu\/de\/pflanzenbau\/der-maschinenpark\/\" aria-label=\"Read more about G\u00e9ppark\" tabindex=\"-1\" >\n\t\t\t<i class=\"btn-icon button-before fa fa-chevron-right\"><\/i>&nbsp;Mehr erfahren\t\t<\/a>\n\n\t\t\t\t<\/div>\n\t\t\t\t\t<\/div>\n\t\t<\/article>\n\t\t\t\t<\/div>\n\t\t\n\t\t\t\t\t\t<\/div>\n\t\t\t\t<\/div>\n\t\t\t\t\t<\/div>\n\t\t<\/div>\n\t\t\t\t\t<\/div>\n\t\t<\/section>\n\t\t\t\t<\/div>","protected":false},"excerpt":{"rendered":"<p>A SOLUM Zrt. Kom\u00e1rom v\u00e1ros d\u00e9l-nyugati r\u00e9szen tal\u00e1lhat\u00f3 f\u00f6ldeken folytat n\u00f6v\u00e9nytermeszt\u00e9st. A v\u00e1llalkoz\u00e1s \u00e1ltal m\u0171velt sz\u00e1nt\u00f3ter\u00fclet nagys\u00e1ga 3.100 hekt\u00e1r. A gazdas\u00e1gban a Duna k\u00f6zels\u00e9g\u00e9re alapozva 1994 \u00f3ta folyamatos \u00f6nt\u00f6z\u00e9sfejleszt\u00e9s val\u00f3sult meg. Jelenleg a korszer\u0171 \u00f6nt\u00f6z\u0151g\u00e9pekkel 1.100 hekt\u00e1ron tudunk \u00f6nt\u00f6zni. Sz\u00e1nt\u00f3f\u00f6ldjeink dunai \u00f6nt\u00e9stalajok, hordal\u00e9kk\u00fapok. Jellemz\u0151 a talajaink adotts\u00e1gra az alacsony humusztartalom, a k\u00f6z\u00e9p k\u00f6t\u00f6tt homokos v\u00e1lyogtalaj, [&hellip;]<\/p>","protected":false},"author":1,"featured_media":0,"parent":0,"menu_order":0,"comment_status":"closed","ping_status":"closed","template":"","meta":{"footnotes":""},"class_list":["post-602","page","type-page","status-publish","hentry"],"_links":{"self":[{"href":"https:\/\/solum.hu\/de\/wp-json\/wp\/v2\/pages\/602","targetHints":{"allow":["GET"]}}],"collection":[{"href":"https:\/\/solum.hu\/de\/wp-json\/wp\/v2\/pages"}],"about":[{"href":"https:\/\/solum.hu\/de\/wp-json\/wp\/v2\/types\/page"}],"author":[{"embeddable":true,"href":"https:\/\/solum.hu\/de\/wp-json\/wp\/v2\/users\/1"}],"replies":[{"embeddable":true,"href":"https:\/\/solum.hu\/de\/wp-json\/wp\/v2\/comments?post=602"}],"version-history":[{"count":4,"href":"https:\/\/solum.hu\/de\/wp-json\/wp\/v2\/pages\/602\/revisions"}],"predecessor-version":[{"id":3249,"href":"https:\/\/solum.hu\/de\/wp-json\/wp\/v2\/pages\/602\/revisions\/3249"}],"wp:attachment":[{"href":"https:\/\/solum.hu\/de\/wp-json\/wp\/v2\/media?parent=602"}],"curies":[{"name":"wp","href":"https:\/\/api.w.org\/{rel}","templated":true}]}}