{"id":617,"date":"2023-02-16T07:21:20","date_gmt":"2023-02-16T06:21:20","guid":{"rendered":"https:\/\/solum.hu\/?page_id=617"},"modified":"2023-08-25T14:41:41","modified_gmt":"2023-08-25T12:41:41","slug":"bewasserung","status":"publish","type":"page","link":"https:\/\/solum.hu\/de\/pflanzenbau\/bewasserung\/","title":{"rendered":"Bew\u00e4sserung"},"content":{"rendered":"<div data-elementor-type=\"wp-page\" data-elementor-id=\"617\" class=\"elementor elementor-617\" data-elementor-post-type=\"page\">\n\t\t\t\t\t\t<section class=\"elementor-section elementor-top-section elementor-element elementor-element-22081c4 elementor-section-boxed elementor-section-height-default elementor-section-height-default\" data-id=\"22081c4\" data-element_type=\"section\">\n\t\t\t\t\t\t<div class=\"elementor-container elementor-column-gap-default\">\n\t\t\t\t\t<div class=\"elementor-column elementor-col-100 elementor-top-column elementor-element elementor-element-094efa4\" data-id=\"094efa4\" data-element_type=\"column\">\n\t\t\t<div class=\"elementor-widget-wrap elementor-element-populated\">\n\t\t\t\t\t\t\t<\/div>\n\t\t<\/div>\n\t\t\t\t\t<\/div>\n\t\t<\/section>\n\t\t\t\t<section class=\"elementor-section elementor-top-section elementor-element elementor-element-5494c18 elementor-section-boxed elementor-section-height-default elementor-section-height-default\" data-id=\"5494c18\" data-element_type=\"section\">\n\t\t\t\t\t\t<div class=\"elementor-container elementor-column-gap-default\">\n\t\t\t\t\t<div class=\"elementor-column elementor-col-100 elementor-top-column elementor-element elementor-element-7375654\" data-id=\"7375654\" data-element_type=\"column\">\n\t\t\t<div class=\"elementor-widget-wrap elementor-element-populated\">\n\t\t\t\t\t\t<div class=\"elementor-element elementor-element-12f6286 elementor-widget elementor-widget-text-editor\" data-id=\"12f6286\" data-element_type=\"widget\" data-widget_type=\"text-editor.default\">\n\t\t\t\t<div class=\"elementor-widget-container\">\n\t\t\t\t\t\t\t\t\t<p style=\"font-weight: 400;\"><img fetchpriority=\"high\" decoding=\"async\" class=\"alignright wp-image-1925\" src=\"https:\/\/solum.hu\/wp-content\/uploads\/2023\/07\/ontozes-300x224.png\" alt=\"\" width=\"400\" height=\"299\" srcset=\"https:\/\/solum.hu\/wp-content\/uploads\/2023\/07\/ontozes-300x224.png 300w, https:\/\/solum.hu\/wp-content\/uploads\/2023\/07\/ontozes-1280x957.png 1280w, https:\/\/solum.hu\/wp-content\/uploads\/2023\/07\/ontozes-768x574.png 768w, https:\/\/solum.hu\/wp-content\/uploads\/2023\/07\/ontozes-16x12.png 16w, https:\/\/solum.hu\/wp-content\/uploads\/2023\/07\/ontozes.png 1364w\" sizes=\"(max-width: 400px) 100vw, 400px\" \/>Die Bew\u00e4sserung ist ein essenzieller Bestandteil unserer landwirtschaftlichen Produktion und wurde seit 1994 kontinuierlich weiterentwickelt. Unsere eigene Pumpstation am Ufer der Donau erm\u00f6glicht es uns, j\u00e4hrlich \u00fcber 2,1 Millionen Kubikmeter Wasser zu entnehmen und in die 3,5 Kilometer entfernten Lagunen zu leiten. Diese Lagunen haben ein Fassungsverm\u00f6gen von 40.000 m\u00b3. Von dort wird das Wasser \u00fcber ein Druckzentrum in unterirdische Leitungen eingespeist, die unsere 8 Linearanlagen, eine Center-Pivot-Maschine und 8 Trommeln versorgen. Mit diesem System bew\u00e4ssern wir 1.100 Hektar und k\u00f6nnen alle Maschinen gleichzeitig betreiben, was uns eine verl\u00e4ssliche Wasserversorgung auch in trockenen Jahren sichert.<\/p>\t\t\t\t\t\t\t\t<\/div>\n\t\t\t\t<\/div>\n\t\t\t\t\t<\/div>\n\t\t<\/div>\n\t\t\t\t\t<\/div>\n\t\t<\/section>\n\t\t\t\t<\/div>","protected":false},"excerpt":{"rendered":"<p>Az \u00f6nt\u00f6z\u0151rendszer ki\u00e9p\u00edt\u00e9se 1994-ben kezd\u0151d\u00f6tt. Saj\u00e1t v\u00edzkiemel\u0151 m\u0171vel rendelkez\u00fcnk a Dun\u00e1n. \u00c9vente t\u00f6bb mint 2,1 milli\u00f3 k\u00f6bm\u00e9ter Duna vizet tudunk kiemelni a foly\u00f3b\u00f3l \u00e9s tov\u00e1bb\u00edtani a 3,5 kilom\u00e9terre tal\u00e1lhat\u00f3 v\u00edzt\u00e1roz\u00f3kba. Az \u00f6nt\u00f6z\u0151 v\u00edzt\u00e1roz\u00f3ink 40 ezer k\u00f6bm\u00e9ter vizet tudnak befogadni. A v\u00edzt\u00e1roz\u00f3kn\u00e1l tal\u00e1lhat\u00f3 az \u00f6nt\u00f6z\u0151szivatty\u00fa nyom\u00e1sk\u00f6zpont, ahol a v\u00edz \u00f6nt\u00f6z\u0151g\u00e9pekhez t\u00f6rt\u00e9n\u0151 bet\u00e1pl\u00e1l\u00e1sa t\u00f6rt\u00e9nik. Az \u00f6nt\u00f6z\u0151g\u00e9pekhez f\u00f6ldalatti [&hellip;]<\/p>","protected":false},"author":1,"featured_media":1925,"parent":602,"menu_order":2,"comment_status":"closed","ping_status":"closed","template":"","meta":{"footnotes":""},"class_list":["post-617","page","type-page","status-publish","has-post-thumbnail","hentry"],"_links":{"self":[{"href":"https:\/\/solum.hu\/de\/wp-json\/wp\/v2\/pages\/617","targetHints":{"allow":["GET"]}}],"collection":[{"href":"https:\/\/solum.hu\/de\/wp-json\/wp\/v2\/pages"}],"about":[{"href":"https:\/\/solum.hu\/de\/wp-json\/wp\/v2\/types\/page"}],"author":[{"embeddable":true,"href":"https:\/\/solum.hu\/de\/wp-json\/wp\/v2\/users\/1"}],"replies":[{"embeddable":true,"href":"https:\/\/solum.hu\/de\/wp-json\/wp\/v2\/comments?post=617"}],"version-history":[{"count":4,"href":"https:\/\/solum.hu\/de\/wp-json\/wp\/v2\/pages\/617\/revisions"}],"predecessor-version":[{"id":2708,"href":"https:\/\/solum.hu\/de\/wp-json\/wp\/v2\/pages\/617\/revisions\/2708"}],"up":[{"embeddable":true,"href":"https:\/\/solum.hu\/de\/wp-json\/wp\/v2\/pages\/602"}],"wp:featuredmedia":[{"embeddable":true,"href":"https:\/\/solum.hu\/de\/wp-json\/wp\/v2\/media\/1925"}],"wp:attachment":[{"href":"https:\/\/solum.hu\/de\/wp-json\/wp\/v2\/media?parent=617"}],"curies":[{"name":"wp","href":"https:\/\/api.w.org\/{rel}","templated":true}]}}