{"id":622,"date":"2023-02-16T07:22:27","date_gmt":"2023-02-16T06:22:27","guid":{"rendered":"https:\/\/solum.hu\/?page_id=622"},"modified":"2023-08-25T14:46:15","modified_gmt":"2023-08-25T12:46:15","slug":"gullemanagement","status":"publish","type":"page","link":"https:\/\/solum.hu\/de\/pflanzenbau\/gullemanagement\/","title":{"rendered":"G\u00fcllemanagement"},"content":{"rendered":"<div data-elementor-type=\"wp-page\" data-elementor-id=\"622\" class=\"elementor elementor-622\" data-elementor-post-type=\"page\">\n\t\t\t\t\t\t<section class=\"elementor-section elementor-top-section elementor-element elementor-element-dfccf2b elementor-section-boxed elementor-section-height-default elementor-section-height-default\" data-id=\"dfccf2b\" data-element_type=\"section\">\n\t\t\t\t\t\t<div class=\"elementor-container elementor-column-gap-default\">\n\t\t\t\t\t<div class=\"elementor-column elementor-col-100 elementor-top-column elementor-element elementor-element-adafb54\" data-id=\"adafb54\" data-element_type=\"column\">\n\t\t\t<div class=\"elementor-widget-wrap elementor-element-populated\">\n\t\t\t\t\t\t\t<\/div>\n\t\t<\/div>\n\t\t\t\t\t<\/div>\n\t\t<\/section>\n\t\t\t\t<section class=\"elementor-section elementor-top-section elementor-element elementor-element-a6db995 elementor-section-boxed elementor-section-height-default elementor-section-height-default\" data-id=\"a6db995\" data-element_type=\"section\">\n\t\t\t\t\t\t<div class=\"elementor-container elementor-column-gap-default\">\n\t\t\t\t\t<div class=\"elementor-column elementor-col-100 elementor-top-column elementor-element elementor-element-40fdede\" data-id=\"40fdede\" data-element_type=\"column\">\n\t\t\t<div class=\"elementor-widget-wrap elementor-element-populated\">\n\t\t\t\t\t\t<div class=\"elementor-element elementor-element-9c0020f elementor-widget elementor-widget-text-editor\" data-id=\"9c0020f\" data-element_type=\"widget\" data-widget_type=\"text-editor.default\">\n\t\t\t\t<div class=\"elementor-widget-container\">\n\t\t\t\t\t\t\t\t\t<p style=\"font-weight: 400;\"><img fetchpriority=\"high\" decoding=\"async\" class=\"alignright wp-image-1927\" src=\"https:\/\/solum.hu\/wp-content\/uploads\/2023\/07\/tragya-menedzsment-300x200.png\" alt=\"\" width=\"400\" height=\"266\" srcset=\"https:\/\/solum.hu\/wp-content\/uploads\/2023\/07\/tragya-menedzsment-300x200.png 300w, https:\/\/solum.hu\/wp-content\/uploads\/2023\/07\/tragya-menedzsment-1280x853.png 1280w, https:\/\/solum.hu\/wp-content\/uploads\/2023\/07\/tragya-menedzsment-768x512.png 768w, https:\/\/solum.hu\/wp-content\/uploads\/2023\/07\/tragya-menedzsment-18x12.png 18w, https:\/\/solum.hu\/wp-content\/uploads\/2023\/07\/tragya-menedzsment.png 1492w\" sizes=\"(max-width: 400px) 100vw, 400px\" \/>In dem Standort Kom\u00e1rom der erste Kuhstall mit Wassersp\u00fchlung wurde in 2015 aufgebaut. Dank f\u00fcr diese Investition die Umstellung auf modernes G\u00fcllemanagement hat schrittweise begonnen. Momentan in 6 St\u00e4lle entmisten wir mit Wassersp\u00fchlung und es wird auch so sein in weitere 3 unter Bau stehende St\u00e4lle.<\/p><p style=\"font-weight: 400;\"><strong>Der Lauf der System<br \/><\/strong>Aus einer Lagune mit 40.000 m3 K\u00e4p\u00e4zit\u00e4t wird das Sp\u00fchlwasser nach den Standort gepumpt. F\u00fcr jeden Stall geh\u00f6rt eine 300 m3 Lagune woraus der Stall durchgesp\u00fchlt ist. Die entstehende G\u00fclle fliesst in einer Grube und von dort wird in einem Beckensystem gepumpt wo die sich ablagert. Hier wird die fl\u00fcssige Phase getrennt und zur\u00fcckgepumt in die 40.000 m3 Lagune. Danach wird separiert.<\/p><p style=\"font-weight: 400;\">In der Saison der Bewasserung die mit Wasser verd\u00fcnnte G\u00fclle kommt auf die Felder. Die 40.000 m3 Lagune funktioniert auch als Puffer der Bewasserung.<\/p><p style=\"font-weight: 400;\">Die separierte G\u00fclle nach Kompostierung kommt auf die Felder. Die fl\u00fcssige Phase kommt durch der Linearberegnung heraus.<\/p>\t\t\t\t\t\t\t\t<\/div>\n\t\t\t\t<\/div>\n\t\t\t\t\t<\/div>\n\t\t<\/div>\n\t\t\t\t\t<\/div>\n\t\t<\/section>\n\t\t\t\t<\/div>","protected":false},"excerpt":{"rendered":"<p>A kom\u00e1romi tehen\u00e9szeti telepen 2015-ben \u00e9p\u00fclt meg az els\u0151 v\u00edz\u00f6bl\u00edt\u00e9ses ist\u00e1ll\u00f3, aminek k\u00f6sz\u00f6nhet\u0151en a hagyom\u00e1nyos tr\u00e1gyakezel\u00e9s fokozatosan kezdett \u00e1talakulni. Jelenleg 6 db ist\u00e1ll\u00f3b\u00f3l v\u00edz\u00f6bl\u00edt\u00e9ssel t\u00e1vol\u00edtjuk el a tr\u00e1gy\u00e1t \u00e9s a tov\u00e1bbi 3 \u00e9p\u00fcl\u0151 ist\u00e1ll\u00f3ba is ilyen rendszer ker\u00fcl be\u00e9p\u00edt\u00e9sre. A rendszer m\u0171k\u00f6d\u00e9seA 40.000 m3-es v\u00edzt\u00e1roz\u00f3 medenc\u00e9\u00e9b\u0151l szivatty\u00faval juttatjuk el az \u00f6bl\u00edt\u0151vizet a telepre. Minden ist\u00e1ll\u00f3hoz [&hellip;]<\/p>","protected":false},"author":1,"featured_media":1927,"parent":602,"menu_order":3,"comment_status":"closed","ping_status":"closed","template":"","meta":{"footnotes":""},"class_list":["post-622","page","type-page","status-publish","has-post-thumbnail","hentry"],"_links":{"self":[{"href":"https:\/\/solum.hu\/de\/wp-json\/wp\/v2\/pages\/622","targetHints":{"allow":["GET"]}}],"collection":[{"href":"https:\/\/solum.hu\/de\/wp-json\/wp\/v2\/pages"}],"about":[{"href":"https:\/\/solum.hu\/de\/wp-json\/wp\/v2\/types\/page"}],"author":[{"embeddable":true,"href":"https:\/\/solum.hu\/de\/wp-json\/wp\/v2\/users\/1"}],"replies":[{"embeddable":true,"href":"https:\/\/solum.hu\/de\/wp-json\/wp\/v2\/comments?post=622"}],"version-history":[{"count":4,"href":"https:\/\/solum.hu\/de\/wp-json\/wp\/v2\/pages\/622\/revisions"}],"predecessor-version":[{"id":2711,"href":"https:\/\/solum.hu\/de\/wp-json\/wp\/v2\/pages\/622\/revisions\/2711"}],"up":[{"embeddable":true,"href":"https:\/\/solum.hu\/de\/wp-json\/wp\/v2\/pages\/602"}],"wp:featuredmedia":[{"embeddable":true,"href":"https:\/\/solum.hu\/de\/wp-json\/wp\/v2\/media\/1927"}],"wp:attachment":[{"href":"https:\/\/solum.hu\/de\/wp-json\/wp\/v2\/media?parent=622"}],"curies":[{"name":"wp","href":"https:\/\/api.w.org\/{rel}","templated":true}]}}