{"id":627,"date":"2023-02-16T07:23:32","date_gmt":"2023-02-16T06:23:32","guid":{"rendered":"https:\/\/solum.hu\/?page_id=627"},"modified":"2023-08-25T14:47:13","modified_gmt":"2023-08-25T12:47:13","slug":"der-maschinenpark","status":"publish","type":"page","link":"https:\/\/solum.hu\/de\/pflanzenbau\/der-maschinenpark\/","title":{"rendered":"Der Maschinenpark"},"content":{"rendered":"<div data-elementor-type=\"wp-page\" data-elementor-id=\"627\" class=\"elementor elementor-627\" data-elementor-post-type=\"page\">\n\t\t\t\t\t\t<section class=\"elementor-section elementor-top-section elementor-element elementor-element-ba5b746 elementor-section-boxed elementor-section-height-default elementor-section-height-default\" data-id=\"ba5b746\" data-element_type=\"section\">\n\t\t\t\t\t\t<div class=\"elementor-container elementor-column-gap-default\">\n\t\t\t\t\t<div class=\"elementor-column elementor-col-100 elementor-top-column elementor-element elementor-element-97acdd2\" data-id=\"97acdd2\" data-element_type=\"column\">\n\t\t\t<div class=\"elementor-widget-wrap elementor-element-populated\">\n\t\t\t\t\t\t\t<\/div>\n\t\t<\/div>\n\t\t\t\t\t<\/div>\n\t\t<\/section>\n\t\t\t\t<section class=\"elementor-section elementor-top-section elementor-element elementor-element-6f522bb elementor-section-boxed elementor-section-height-default elementor-section-height-default\" data-id=\"6f522bb\" data-element_type=\"section\">\n\t\t\t\t\t\t<div class=\"elementor-container elementor-column-gap-default\">\n\t\t\t\t\t<div class=\"elementor-column elementor-col-100 elementor-top-column elementor-element elementor-element-86bb483\" data-id=\"86bb483\" data-element_type=\"column\">\n\t\t\t<div class=\"elementor-widget-wrap elementor-element-populated\">\n\t\t\t\t\t\t<div class=\"elementor-element elementor-element-9cf28ee elementor-widget elementor-widget-text-editor\" data-id=\"9cf28ee\" data-element_type=\"widget\" data-widget_type=\"text-editor.default\">\n\t\t\t\t<div class=\"elementor-widget-container\">\n\t\t\t\t\t\t\t\t\t<p style=\"font-weight: 400;\"><img fetchpriority=\"high\" decoding=\"async\" class=\"alignright wp-image-1931\" src=\"https:\/\/solum.hu\/wp-content\/uploads\/2023\/07\/DSCN5442-2-300x172.jpg\" alt=\"\" width=\"400\" height=\"229\" srcset=\"https:\/\/solum.hu\/wp-content\/uploads\/2023\/07\/DSCN5442-2-300x172.jpg 300w, https:\/\/solum.hu\/wp-content\/uploads\/2023\/07\/DSCN5442-2-1280x733.jpg 1280w, https:\/\/solum.hu\/wp-content\/uploads\/2023\/07\/DSCN5442-2-768x440.jpg 768w, https:\/\/solum.hu\/wp-content\/uploads\/2023\/07\/DSCN5442-2-1536x880.jpg 1536w, https:\/\/solum.hu\/wp-content\/uploads\/2023\/07\/DSCN5442-2-2048x1173.jpg 2048w, https:\/\/solum.hu\/wp-content\/uploads\/2023\/07\/DSCN5442-2-18x10.jpg 18w\" sizes=\"(max-width: 400px) 100vw, 400px\" \/>Unser Maschinenpark wird kontinuierlich modernisiert und ist mit fortschrittlicher digitaler Technologie ausgestattet, um den Anforderungen der Pr\u00e4zisionslandwirtschaft gerecht zu werden. Die Maschinen sind in der Lage, mithilfe von Geoinformatik und GPS-Technologie standortspezifisch zu arbeiten. Diese fortschrittlichen Maschinen erm\u00f6glichen No-Till-, Direktsaat- und pfluglose Verfahren und bieten durch multifunktionale Hochleistungsmaschinen eine effiziente und bodenschonende Bearbeitung. Digitale Technologien optimieren die Abl\u00e4ufe und sorgen f\u00fcr eine pr\u00e4zise Steuerung der Arbeitsmaschinen, was zu einer besseren Ertragsoptimierung f\u00fchrt und die Ressourcennutzung verbessert.<\/p>\t\t\t\t\t\t\t\t<\/div>\n\t\t\t\t<\/div>\n\t\t\t\t\t<\/div>\n\t\t<\/div>\n\t\t\t\t\t<\/div>\n\t\t<\/section>\n\t\t\t\t<\/div>","protected":false},"excerpt":{"rendered":"<p>A gazdas\u00e1g g\u00e9pparkja folyamatos fejleszt\u00e9s alatt \u00e1ll. Az er\u0151- \u00e9s munkag\u00e9pek technikai sz\u00ednvonala igazodik az \u00faj n\u00f6v\u00e9nytermeszt\u00e9si technol\u00f3gi\u00e1khoz, a korszer\u0171 takarm\u00e1nyn\u00f6v\u00e9ny termeszt\u00e9s elv\u00e1rt min\u0151s\u00e9gi ig\u00e9nyeihez. Fontos a g\u00e9pek meg\u00faj\u00edt\u00e1sa, a digit\u00e1lis technik\u00e1k alkalmaz\u00e1sa. A SOLUM Zrt. g\u00e9prendszere alkalmas a prec\u00edzi\u00f3s n\u00f6v\u00e9nytermeszt\u00e9s legmagasabb szint\u0171 megval\u00f3s\u00edt\u00e1s\u00e1ra. A helyspecifikus t\u00e9rinformatik\u00e1ra alapozott n\u00f6v\u00e9nytermeszt\u00e9si technol\u00f3gia alapjai a speci\u00e1lis er\u0151- \u00e9s [&hellip;]<\/p>","protected":false},"author":1,"featured_media":1931,"parent":602,"menu_order":4,"comment_status":"closed","ping_status":"closed","template":"","meta":{"footnotes":""},"class_list":["post-627","page","type-page","status-publish","has-post-thumbnail","hentry"],"_links":{"self":[{"href":"https:\/\/solum.hu\/de\/wp-json\/wp\/v2\/pages\/627","targetHints":{"allow":["GET"]}}],"collection":[{"href":"https:\/\/solum.hu\/de\/wp-json\/wp\/v2\/pages"}],"about":[{"href":"https:\/\/solum.hu\/de\/wp-json\/wp\/v2\/types\/page"}],"author":[{"embeddable":true,"href":"https:\/\/solum.hu\/de\/wp-json\/wp\/v2\/users\/1"}],"replies":[{"embeddable":true,"href":"https:\/\/solum.hu\/de\/wp-json\/wp\/v2\/comments?post=627"}],"version-history":[{"count":4,"href":"https:\/\/solum.hu\/de\/wp-json\/wp\/v2\/pages\/627\/revisions"}],"predecessor-version":[{"id":2714,"href":"https:\/\/solum.hu\/de\/wp-json\/wp\/v2\/pages\/627\/revisions\/2714"}],"up":[{"embeddable":true,"href":"https:\/\/solum.hu\/de\/wp-json\/wp\/v2\/pages\/602"}],"wp:featuredmedia":[{"embeddable":true,"href":"https:\/\/solum.hu\/de\/wp-json\/wp\/v2\/media\/1931"}],"wp:attachment":[{"href":"https:\/\/solum.hu\/de\/wp-json\/wp\/v2\/media?parent=627"}],"curies":[{"name":"wp","href":"https:\/\/api.w.org\/{rel}","templated":true}]}}