{"id":637,"date":"2023-02-16T07:26:59","date_gmt":"2023-02-16T06:26:59","guid":{"rendered":"https:\/\/solum.hu\/?page_id=637"},"modified":"2023-09-11T20:53:53","modified_gmt":"2023-09-11T18:53:53","slug":"uber-solum","status":"publish","type":"page","link":"https:\/\/solum.hu\/de\/uber-solum\/","title":{"rendered":"\u00dcber Solum"},"content":{"rendered":"<div data-elementor-type=\"wp-page\" data-elementor-id=\"637\" class=\"elementor elementor-637\" data-elementor-post-type=\"page\">\n\t\t\t\t\t\t<section class=\"elementor-section elementor-top-section elementor-element elementor-element-9a51579 elementor-section-boxed elementor-section-height-default elementor-section-height-default\" data-id=\"9a51579\" data-element_type=\"section\">\n\t\t\t\t\t\t<div class=\"elementor-container elementor-column-gap-default\">\n\t\t\t\t\t<div class=\"elementor-column elementor-col-100 elementor-top-column elementor-element elementor-element-21c417e\" data-id=\"21c417e\" data-element_type=\"column\">\n\t\t\t<div class=\"elementor-widget-wrap elementor-element-populated\">\n\t\t\t\t\t\t\t<\/div>\n\t\t<\/div>\n\t\t\t\t\t<\/div>\n\t\t<\/section>\n\t\t\t\t<section class=\"elementor-section elementor-top-section elementor-element elementor-element-fd418c5 elementor-section-boxed elementor-section-height-default elementor-section-height-default\" data-id=\"fd418c5\" data-element_type=\"section\">\n\t\t\t\t\t\t<div class=\"elementor-container elementor-column-gap-default\">\n\t\t\t\t\t<div class=\"elementor-column elementor-col-100 elementor-top-column elementor-element elementor-element-b07d276\" data-id=\"b07d276\" data-element_type=\"column\">\n\t\t\t<div class=\"elementor-widget-wrap elementor-element-populated\">\n\t\t\t\t\t\t<div class=\"elementor-element elementor-element-f82a64c elementor-widget elementor-widget-text-editor\" data-id=\"f82a64c\" data-element_type=\"widget\" data-widget_type=\"text-editor.default\">\n\t\t\t\t<div class=\"elementor-widget-container\">\n\t\t\t\t\t\t\t\t\t<p>Die SOLUM AG wurde 1991 als Nachfolger der Gy\u00f6rgy Klapka Agrargenossenschaft gegr\u00fcndet und vereint 170 Anteilseigner. Seit ihrer Gr\u00fcndung hat sich die Gesellschaft durch die parallele und harmonische Entwicklung von Tierzucht und Pflanzenbau erfolgreich etabliert. Schl\u00fcsselinvestitionen wie die Bew\u00e4sserungstechnologie, neue Anlagen in der Milchviehhaltung und Mechanisierung im Grundfutter- und Kartoffelanbau haben ma\u00dfgeblich zum Erfolg beigetragen.<\/p>\t\t\t\t\t\t\t\t<\/div>\n\t\t\t\t<\/div>\n\t\t\t\t\t<\/div>\n\t\t<\/div>\n\t\t\t\t\t<\/div>\n\t\t<\/section>\n\t\t\t\t<section class=\"elementor-section elementor-top-section elementor-element elementor-element-fef271f elementor-section-boxed elementor-section-height-default elementor-section-height-default\" data-id=\"fef271f\" data-element_type=\"section\" data-settings=\"{&quot;background_background&quot;:&quot;classic&quot;}\">\n\t\t\t\t\t\t<div class=\"elementor-container elementor-column-gap-default\">\n\t\t\t\t\t<div class=\"elementor-column elementor-col-100 elementor-top-column elementor-element elementor-element-67834f9\" data-id=\"67834f9\" data-element_type=\"column\" data-settings=\"{&quot;background_background&quot;:&quot;classic&quot;}\">\n\t\t\t<div class=\"elementor-widget-wrap elementor-element-populated\">\n\t\t\t\t\t\t<div class=\"elementor-element elementor-element-c36cfcb elementor-grid-3 elementor-grid-tablet-2 elementor-grid-mobile-1 elementor-posts--thumbnail-top elementor-card-shadow-yes elementor-posts__hover-gradient elementor-widget elementor-widget-posts\" data-id=\"c36cfcb\" data-element_type=\"widget\" data-settings=\"{&quot;cards_columns&quot;:&quot;3&quot;,&quot;cards_columns_tablet&quot;:&quot;2&quot;,&quot;cards_columns_mobile&quot;:&quot;1&quot;,&quot;cards_row_gap&quot;:{&quot;unit&quot;:&quot;px&quot;,&quot;size&quot;:35,&quot;sizes&quot;:[]},&quot;cards_row_gap_laptop&quot;:{&quot;unit&quot;:&quot;px&quot;,&quot;size&quot;:&quot;&quot;,&quot;sizes&quot;:[]},&quot;cards_row_gap_tablet_extra&quot;:{&quot;unit&quot;:&quot;px&quot;,&quot;size&quot;:&quot;&quot;,&quot;sizes&quot;:[]},&quot;cards_row_gap_tablet&quot;:{&quot;unit&quot;:&quot;px&quot;,&quot;size&quot;:&quot;&quot;,&quot;sizes&quot;:[]},&quot;cards_row_gap_mobile_extra&quot;:{&quot;unit&quot;:&quot;px&quot;,&quot;size&quot;:&quot;&quot;,&quot;sizes&quot;:[]},&quot;cards_row_gap_mobile&quot;:{&quot;unit&quot;:&quot;px&quot;,&quot;size&quot;:&quot;&quot;,&quot;sizes&quot;:[]}}\" data-widget_type=\"posts.cards\">\n\t\t\t\t<div class=\"elementor-widget-container\">\n\t\t\t\t\t\t\t<div class=\"elementor-posts-container elementor-posts elementor-posts--skin-cards elementor-grid\" role=\"list\">\n\t\t\t\t<article class=\"elementor-post elementor-grid-item post-2 page type-page status-publish hentry\" role=\"listitem\">\n\t\t\t<div class=\"elementor-post__card\">\n\t\t\t\t<div class=\"elementor-post__text\">\n\t\t\t\t<h3 class=\"elementor-post__title\">\n\t\t\t<a href=\"https:\/\/solum.hu\/de\/uber-solum\/die-geschichte-des-unternehmens\/\" >\n\t\t\t\tDie Geschichte des Unternehmens\t\t\t<\/a>\n\t\t<\/h3>\n\t\t\t\t<div class=\"elementor-post__excerpt\">\n\t\t\t<p>Die SOLUM AG wurde 1991 als Nachfolger der Gy\u00f6rgy Klapka Agrargenossenschaft gegr\u00fcndet und vereint 170 Anteilseigner.<\/p>\n\t\t<\/div>\n\t\t\n\t\t<a class=\"elementor-post__read-more\" href=\"https:\/\/solum.hu\/de\/uber-solum\/die-geschichte-des-unternehmens\/\" aria-label=\"Read more about A v\u00e1llalkoz\u00e1s t\u00f6rt\u00e9nete\" tabindex=\"-1\" >\n\t\t\t<i class=\"btn-icon button-before fa fa-chevron-right\"><\/i>&nbsp;Mehr erfahren\t\t<\/a>\n\n\t\t\t\t<\/div>\n\t\t\t\t\t<\/div>\n\t\t<\/article>\n\t\t\t\t<article class=\"elementor-post elementor-grid-item post-358 page type-page status-publish hentry\" role=\"listitem\">\n\t\t\t<div class=\"elementor-post__card\">\n\t\t\t\t<div class=\"elementor-post__text\">\n\t\t\t\t<h3 class=\"elementor-post__title\">\n\t\t\t<a href=\"https:\/\/solum.hu\/de\/uber-solum\/kontakt\/\" >\n\t\t\t\tKontakt\t\t\t<\/a>\n\t\t<\/h3>\n\t\t\t\t<div class=\"elementor-post__excerpt\">\n\t\t\t<p>K\u00f6zponti titk\u00e1rs\u00e1g 2900 Kom\u00e1rom, V\u00e1rosmajor u. 30. +36 34 540 670 +36 34 344 001 soluminfo@solum.hu GPS: 47.73388282161342, 18.11396598815918 Burgonya\u00fczem GPS: 47.70806181402437, 18.073669169209325 Nagyherk\u00e1lypusztai<\/p>\n\t\t<\/div>\n\t\t\n\t\t<a class=\"elementor-post__read-more\" href=\"https:\/\/solum.hu\/de\/uber-solum\/kontakt\/\" aria-label=\"Read more about Kapcsolat\" tabindex=\"-1\" >\n\t\t\t<i class=\"btn-icon button-before fa fa-chevron-right\"><\/i>&nbsp;Mehr erfahren\t\t<\/a>\n\n\t\t\t\t<\/div>\n\t\t\t\t\t<\/div>\n\t\t<\/article>\n\t\t\t\t<\/div>\n\t\t\n\t\t\t\t\t\t<\/div>\n\t\t\t\t<\/div>\n\t\t\t\t\t<\/div>\n\t\t<\/div>\n\t\t\t\t\t<\/div>\n\t\t<\/section>\n\t\t\t\t<\/div>","protected":false},"excerpt":{"rendered":"<p>A SOLUM Mez\u0151gazdas\u00e1gi Ipari \u00e9s Kereskedelmi Zrt. a rendszerv\u00e1lt\u00e1s ut\u00e1n 1991-ben alakult a Kom\u00e1romi Klapka Gy\u00f6rgy Mez\u0151gazdas\u00e1gi Termel\u0151sz\u00f6vetkezet jogut\u00f3djak\u00e9nt, az \u00e1talakul\u00e1si t\u00f6rv\u00e9nyek adta lehet\u0151s\u00e9gek kihaszn\u00e1l\u00e1s\u00e1val, 170 sz\u00f6vetkezeti \u00fczletr\u00e9szes \u00f6sszefog\u00e1s\u00e1val. A t\u00e1rsas\u00e1g az alakul\u00e1sa \u00f3ta eredm\u00e9nyesen gazd\u00e1lkodik. Az el\u00e9rt gazdas\u00e1gi sikerek titka, a n\u00f6v\u00e9nytermeszt\u00e9si \u00e9s \u00e1llatteny\u00e9szt\u00e9si f\u0151\u00e1gazatok egym\u00e1sra \u00e9p\u00fcl\u0151 harmonikus fejleszt\u00e9se, melynek legfontosabb elemei az \u00f6nt\u00f6z\u00e9sfejleszt\u00e9s, [&hellip;]<\/p>","protected":false},"author":1,"featured_media":0,"parent":0,"menu_order":0,"comment_status":"closed","ping_status":"closed","template":"","meta":{"footnotes":""},"class_list":["post-637","page","type-page","status-publish","hentry"],"_links":{"self":[{"href":"https:\/\/solum.hu\/de\/wp-json\/wp\/v2\/pages\/637","targetHints":{"allow":["GET"]}}],"collection":[{"href":"https:\/\/solum.hu\/de\/wp-json\/wp\/v2\/pages"}],"about":[{"href":"https:\/\/solum.hu\/de\/wp-json\/wp\/v2\/types\/page"}],"author":[{"embeddable":true,"href":"https:\/\/solum.hu\/de\/wp-json\/wp\/v2\/users\/1"}],"replies":[{"embeddable":true,"href":"https:\/\/solum.hu\/de\/wp-json\/wp\/v2\/comments?post=637"}],"version-history":[{"count":4,"href":"https:\/\/solum.hu\/de\/wp-json\/wp\/v2\/pages\/637\/revisions"}],"predecessor-version":[{"id":2737,"href":"https:\/\/solum.hu\/de\/wp-json\/wp\/v2\/pages\/637\/revisions\/2737"}],"wp:attachment":[{"href":"https:\/\/solum.hu\/de\/wp-json\/wp\/v2\/media?parent=637"}],"curies":[{"name":"wp","href":"https:\/\/api.w.org\/{rel}","templated":true}]}}