{"id":642,"date":"2023-02-16T07:29:54","date_gmt":"2023-02-16T06:29:54","guid":{"rendered":"https:\/\/solum.hu\/?page_id=642"},"modified":"2025-08-07T13:29:38","modified_gmt":"2025-08-07T11:29:38","slug":"tierhaltung","status":"publish","type":"page","link":"https:\/\/solum.hu\/de\/tierhaltung\/","title":{"rendered":"Tierhaltung"},"content":{"rendered":"<div data-elementor-type=\"wp-page\" data-elementor-id=\"642\" class=\"elementor elementor-642\" data-elementor-post-type=\"page\">\n\t\t\t\t\t\t<section class=\"elementor-section elementor-top-section elementor-element elementor-element-5454101 elementor-section-boxed elementor-section-height-default elementor-section-height-default\" data-id=\"5454101\" data-element_type=\"section\">\n\t\t\t\t\t\t<div class=\"elementor-container elementor-column-gap-default\">\n\t\t\t\t\t<div class=\"elementor-column elementor-col-100 elementor-top-column elementor-element elementor-element-816363e\" data-id=\"816363e\" data-element_type=\"column\">\n\t\t\t<div class=\"elementor-widget-wrap elementor-element-populated\">\n\t\t\t\t\t\t\t<\/div>\n\t\t<\/div>\n\t\t\t\t\t<\/div>\n\t\t<\/section>\n\t\t\t\t<section class=\"elementor-section elementor-top-section elementor-element elementor-element-164a86f elementor-section-boxed elementor-section-height-default elementor-section-height-default\" data-id=\"164a86f\" data-element_type=\"section\" data-settings=\"{&quot;background_background&quot;:&quot;classic&quot;}\">\n\t\t\t\t\t\t<div class=\"elementor-container elementor-column-gap-default\">\n\t\t\t\t\t<div class=\"elementor-column elementor-col-100 elementor-top-column elementor-element elementor-element-39cd421\" data-id=\"39cd421\" data-element_type=\"column\" data-settings=\"{&quot;background_background&quot;:&quot;classic&quot;}\">\n\t\t\t<div class=\"elementor-widget-wrap elementor-element-populated\">\n\t\t\t\t\t\t<div class=\"elementor-element elementor-element-9cf8d2d elementor-grid-3 elementor-grid-tablet-2 elementor-grid-mobile-1 elementor-posts--thumbnail-top elementor-card-shadow-yes elementor-posts__hover-gradient elementor-widget elementor-widget-posts\" data-id=\"9cf8d2d\" data-element_type=\"widget\" data-settings=\"{&quot;cards_columns&quot;:&quot;3&quot;,&quot;cards_columns_tablet&quot;:&quot;2&quot;,&quot;cards_columns_mobile&quot;:&quot;1&quot;,&quot;cards_row_gap&quot;:{&quot;unit&quot;:&quot;px&quot;,&quot;size&quot;:35,&quot;sizes&quot;:[]},&quot;cards_row_gap_laptop&quot;:{&quot;unit&quot;:&quot;px&quot;,&quot;size&quot;:&quot;&quot;,&quot;sizes&quot;:[]},&quot;cards_row_gap_tablet_extra&quot;:{&quot;unit&quot;:&quot;px&quot;,&quot;size&quot;:&quot;&quot;,&quot;sizes&quot;:[]},&quot;cards_row_gap_tablet&quot;:{&quot;unit&quot;:&quot;px&quot;,&quot;size&quot;:&quot;&quot;,&quot;sizes&quot;:[]},&quot;cards_row_gap_mobile_extra&quot;:{&quot;unit&quot;:&quot;px&quot;,&quot;size&quot;:&quot;&quot;,&quot;sizes&quot;:[]},&quot;cards_row_gap_mobile&quot;:{&quot;unit&quot;:&quot;px&quot;,&quot;size&quot;:&quot;&quot;,&quot;sizes&quot;:[]}}\" data-widget_type=\"posts.cards\">\n\t\t\t\t<div class=\"elementor-widget-container\">\n\t\t\t\t\t\t\t<div class=\"elementor-posts-container elementor-posts elementor-posts--skin-cards elementor-grid\" role=\"list\">\n\t\t\t\t<article class=\"elementor-post elementor-grid-item post-94 page type-page status-publish has-post-thumbnail hentry\" role=\"listitem\">\n\t\t\t<div class=\"elementor-post__card\">\n\t\t\t\t<a class=\"elementor-post__thumbnail__link\" href=\"https:\/\/solum.hu\/de\/tierhaltung\/viehzuchtbetriebe\/tierhaltung-standort-csem\/\" tabindex=\"-1\" ><div class=\"elementor-post__thumbnail\"><img fetchpriority=\"high\" decoding=\"async\" width=\"768\" height=\"346\" src=\"https:\/\/solum.hu\/wp-content\/uploads\/2025\/07\/4c-RET_20240514_165808_web-768x346.jpg\" class=\"attachment-medium_large size-medium_large wp-image-3058\" alt=\"\" srcset=\"https:\/\/solum.hu\/wp-content\/uploads\/2025\/07\/4c-RET_20240514_165808_web-768x346.jpg 768w, https:\/\/solum.hu\/wp-content\/uploads\/2025\/07\/4c-RET_20240514_165808_web-300x135.jpg 300w, https:\/\/solum.hu\/wp-content\/uploads\/2025\/07\/4c-RET_20240514_165808_web-1280x577.jpg 1280w, https:\/\/solum.hu\/wp-content\/uploads\/2025\/07\/4c-RET_20240514_165808_web-1536x692.jpg 1536w, https:\/\/solum.hu\/wp-content\/uploads\/2025\/07\/4c-RET_20240514_165808_web-2048x923.jpg 2048w, https:\/\/solum.hu\/wp-content\/uploads\/2025\/07\/4c-RET_20240514_165808_web-18x8.jpg 18w\" sizes=\"(max-width: 768px) 100vw, 768px\" \/><\/div><\/a>\n\t\t\t\t<div class=\"elementor-post__text\">\n\t\t\t\t<h3 class=\"elementor-post__title\">\n\t\t\t<a href=\"https:\/\/solum.hu\/de\/tierhaltung\/viehzuchtbetriebe\/tierhaltung-standort-csem\/\" >\n\t\t\t\tTierhaltung \u2013 Standort Cs\u00e9m\t\t\t<\/a>\n\t\t<\/h3>\n\t\t\t\t<div class=\"elementor-post__excerpt\">\n\t\t\t<p>Der Milchviehbetrieb in Cs\u00e9m wurde 1976 im \u201eCalifornia Style\u201c gebaut und erstreckt sich \u00fcber eine Fl\u00e4che von mehr als 10 Hektar und wurde mehrmals umgebaut.<\/p>\n\t\t<\/div>\n\t\t\n\t\t<a class=\"elementor-post__read-more\" href=\"https:\/\/solum.hu\/de\/tierhaltung\/viehzuchtbetriebe\/tierhaltung-standort-csem\/\" aria-label=\"Read more about \u00c1llatteny\u00e9szt\u00e9s \u2013 Cs\u00e9mi tehen\u00e9szet\" tabindex=\"-1\" >\n\t\t\t<i class=\"btn-icon button-before fa fa-chevron-right\"><\/i>&nbsp;Mehr erfahren\t\t<\/a>\n\n\t\t\t\t<\/div>\n\t\t\t\t\t<\/div>\n\t\t<\/article>\n\t\t\t\t<article class=\"elementor-post elementor-grid-item post-652 page type-page status-publish has-post-thumbnail hentry\" role=\"listitem\">\n\t\t\t<div class=\"elementor-post__card\">\n\t\t\t\t<a class=\"elementor-post__thumbnail__link\" href=\"https:\/\/solum.hu\/de\/tierhaltung\/viehzuchtbetriebe\/tierhaltung-standort-komarom\/\" tabindex=\"-1\" ><div class=\"elementor-post__thumbnail\"><img decoding=\"async\" width=\"768\" height=\"576\" src=\"https:\/\/solum.hu\/wp-content\/uploads\/2023\/07\/DSCN5537-768x576.jpg\" class=\"attachment-medium_large size-medium_large wp-image-1878\" alt=\"\" srcset=\"https:\/\/solum.hu\/wp-content\/uploads\/2023\/07\/DSCN5537-768x576.jpg 768w, https:\/\/solum.hu\/wp-content\/uploads\/2023\/07\/DSCN5537-300x225.jpg 300w, https:\/\/solum.hu\/wp-content\/uploads\/2023\/07\/DSCN5537-1280x960.jpg 1280w, https:\/\/solum.hu\/wp-content\/uploads\/2023\/07\/DSCN5537-1536x1152.jpg 1536w, https:\/\/solum.hu\/wp-content\/uploads\/2023\/07\/DSCN5537-2048x1536.jpg 2048w, https:\/\/solum.hu\/wp-content\/uploads\/2023\/07\/DSCN5537-16x12.jpg 16w\" sizes=\"(max-width: 768px) 100vw, 768px\" \/><\/div><\/a>\n\t\t\t\t<div class=\"elementor-post__text\">\n\t\t\t\t<h3 class=\"elementor-post__title\">\n\t\t\t<a href=\"https:\/\/solum.hu\/de\/tierhaltung\/viehzuchtbetriebe\/tierhaltung-standort-komarom\/\" >\n\t\t\t\tTierhaltung \u2013 Standort Kom\u00e1rom\t\t\t<\/a>\n\t\t<\/h3>\n\t\t\t\t<div class=\"elementor-post__excerpt\">\n\t\t\t<p>Der Kuhbetrieb von SOLUM in Nagyherk\u00e1lypuszta, einem Au\u00dfenort von Kom\u00e1rom, geh\u00f6rt zu den modernsten Milchviehbetrieben Ungarns. Hier leben 1.200 Milchk\u00fche und 1.400 Jungtiere.<\/p>\n\t\t<\/div>\n\t\t\n\t\t<a class=\"elementor-post__read-more\" href=\"https:\/\/solum.hu\/de\/tierhaltung\/viehzuchtbetriebe\/tierhaltung-standort-komarom\/\" aria-label=\"Read more about \u00c1llatteny\u00e9szt\u00e9s &#8211; Kom\u00e1romi tehen\u00e9szet\" tabindex=\"-1\" >\n\t\t\t<i class=\"btn-icon button-before fa fa-chevron-right\"><\/i>&nbsp;Mehr erfahren\t\t<\/a>\n\n\t\t\t\t<\/div>\n\t\t\t\t\t<\/div>\n\t\t<\/article>\n\t\t\t\t<article class=\"elementor-post elementor-grid-item post-587 page type-page status-publish has-post-thumbnail hentry\" role=\"listitem\">\n\t\t\t<div class=\"elementor-post__card\">\n\t\t\t\t<a class=\"elementor-post__thumbnail__link\" href=\"https:\/\/solum.hu\/de\/tierhaltung\/kalberaufzucht\/\" tabindex=\"-1\" ><div class=\"elementor-post__thumbnail\"><img decoding=\"async\" width=\"768\" height=\"576\" src=\"https:\/\/solum.hu\/wp-content\/uploads\/2023\/07\/DSCN4699-768x576.jpg\" class=\"attachment-medium_large size-medium_large wp-image-1865\" alt=\"\" srcset=\"https:\/\/solum.hu\/wp-content\/uploads\/2023\/07\/DSCN4699-768x576.jpg 768w, https:\/\/solum.hu\/wp-content\/uploads\/2023\/07\/DSCN4699-300x225.jpg 300w, https:\/\/solum.hu\/wp-content\/uploads\/2023\/07\/DSCN4699-1280x960.jpg 1280w, https:\/\/solum.hu\/wp-content\/uploads\/2023\/07\/DSCN4699-1536x1152.jpg 1536w, https:\/\/solum.hu\/wp-content\/uploads\/2023\/07\/DSCN4699-2048x1536.jpg 2048w, https:\/\/solum.hu\/wp-content\/uploads\/2023\/07\/DSCN4699-16x12.jpg 16w\" sizes=\"(max-width: 768px) 100vw, 768px\" \/><\/div><\/a>\n\t\t\t\t<div class=\"elementor-post__text\">\n\t\t\t\t<h3 class=\"elementor-post__title\">\n\t\t\t<a href=\"https:\/\/solum.hu\/de\/tierhaltung\/kalberaufzucht\/\" >\n\t\t\t\tK\u00e4lberaufzucht\t\t\t<\/a>\n\t\t<\/h3>\n\t\t\t\t<div class=\"elementor-post__excerpt\">\n\t\t\t<p>Die Grundlage f\u00fcr eine erfolgreiche Milchproduktion beginnt mit einer effektiven K\u00e4lberaufzucht. Denn das Kalb von heute ist die Kuh von morgen.<\/p>\n\t\t<\/div>\n\t\t\n\t\t<a class=\"elementor-post__read-more\" href=\"https:\/\/solum.hu\/de\/tierhaltung\/kalberaufzucht\/\" aria-label=\"Read more about Borj\u00fanevel\u00e9s\" tabindex=\"-1\" >\n\t\t\t<i class=\"btn-icon button-before fa fa-chevron-right\"><\/i>&nbsp;Mehr erfahren\t\t<\/a>\n\n\t\t\t\t<\/div>\n\t\t\t\t\t<\/div>\n\t\t<\/article>\n\t\t\t\t<article class=\"elementor-post elementor-grid-item post-592 page type-page status-publish has-post-thumbnail hentry\" role=\"listitem\">\n\t\t\t<div class=\"elementor-post__card\">\n\t\t\t\t<a class=\"elementor-post__thumbnail__link\" href=\"https:\/\/solum.hu\/de\/tierhaltung\/farsenaufzucht\/\" tabindex=\"-1\" ><div class=\"elementor-post__thumbnail\"><img loading=\"lazy\" decoding=\"async\" width=\"768\" height=\"572\" src=\"https:\/\/solum.hu\/wp-content\/uploads\/2023\/07\/DSCN4503-768x572.jpg\" class=\"attachment-medium_large size-medium_large wp-image-1882\" alt=\"\" srcset=\"https:\/\/solum.hu\/wp-content\/uploads\/2023\/07\/DSCN4503-768x572.jpg 768w, https:\/\/solum.hu\/wp-content\/uploads\/2023\/07\/DSCN4503-300x223.jpg 300w, https:\/\/solum.hu\/wp-content\/uploads\/2023\/07\/DSCN4503-1280x953.jpg 1280w, https:\/\/solum.hu\/wp-content\/uploads\/2023\/07\/DSCN4503-1536x1143.jpg 1536w, https:\/\/solum.hu\/wp-content\/uploads\/2023\/07\/DSCN4503-2048x1525.jpg 2048w, https:\/\/solum.hu\/wp-content\/uploads\/2023\/07\/DSCN4503-16x12.jpg 16w\" sizes=\"(max-width: 768px) 100vw, 768px\" \/><\/div><\/a>\n\t\t\t\t<div class=\"elementor-post__text\">\n\t\t\t\t<h3 class=\"elementor-post__title\">\n\t\t\t<a href=\"https:\/\/solum.hu\/de\/tierhaltung\/farsenaufzucht\/\" >\n\t\t\t\tF\u00e4rsenaufzucht\t\t\t<\/a>\n\t\t<\/h3>\n\t\t\t\t<div class=\"elementor-post__excerpt\">\n\t\t\t<p>Die F\u00e4rsen sind das Fundament f\u00fcr eine leistungsf\u00e4hige und gesunde Herde.<\/p>\n\t\t<\/div>\n\t\t\n\t\t<a class=\"elementor-post__read-more\" href=\"https:\/\/solum.hu\/de\/tierhaltung\/farsenaufzucht\/\" aria-label=\"Read more about \u00dcsz\u0151nevel\u00e9s\" tabindex=\"-1\" >\n\t\t\t<i class=\"btn-icon button-before fa fa-chevron-right\"><\/i>&nbsp;Mehr erfahren\t\t<\/a>\n\n\t\t\t\t<\/div>\n\t\t\t\t\t<\/div>\n\t\t<\/article>\n\t\t\t\t<article class=\"elementor-post elementor-grid-item post-597 page type-page status-publish has-post-thumbnail hentry\" role=\"listitem\">\n\t\t\t<div class=\"elementor-post__card\">\n\t\t\t\t<a class=\"elementor-post__thumbnail__link\" href=\"https:\/\/solum.hu\/de\/tierhaltung\/futterung\/\" tabindex=\"-1\" ><div class=\"elementor-post__thumbnail\"><img loading=\"lazy\" decoding=\"async\" width=\"768\" height=\"576\" src=\"https:\/\/solum.hu\/wp-content\/uploads\/2023\/07\/DSCN4597-768x576.jpg\" class=\"attachment-medium_large size-medium_large wp-image-1861\" alt=\"\" srcset=\"https:\/\/solum.hu\/wp-content\/uploads\/2023\/07\/DSCN4597-768x576.jpg 768w, https:\/\/solum.hu\/wp-content\/uploads\/2023\/07\/DSCN4597-300x225.jpg 300w, https:\/\/solum.hu\/wp-content\/uploads\/2023\/07\/DSCN4597-1280x960.jpg 1280w, https:\/\/solum.hu\/wp-content\/uploads\/2023\/07\/DSCN4597-1536x1152.jpg 1536w, https:\/\/solum.hu\/wp-content\/uploads\/2023\/07\/DSCN4597-2048x1536.jpg 2048w, https:\/\/solum.hu\/wp-content\/uploads\/2023\/07\/DSCN4597-16x12.jpg 16w\" sizes=\"(max-width: 768px) 100vw, 768px\" \/><\/div><\/a>\n\t\t\t\t<div class=\"elementor-post__text\">\n\t\t\t\t<h3 class=\"elementor-post__title\">\n\t\t\t<a href=\"https:\/\/solum.hu\/de\/tierhaltung\/futterung\/\" >\n\t\t\t\tDie F\u00fctterung der Milchk\u00fche\t\t\t<\/a>\n\t\t<\/h3>\n\t\t\t\t<div class=\"elementor-post__excerpt\">\n\t\t\t<p>In unseren zwei Milchviehbetrieben versorgen wir 2.600 Milchk\u00fche, die eine beeindruckende Jahresleistung von rund 14.000 kg Milch erzielen.<\/p>\n\t\t<\/div>\n\t\t\n\t\t<a class=\"elementor-post__read-more\" href=\"https:\/\/solum.hu\/de\/tierhaltung\/futterung\/\" aria-label=\"Read more about Tejel\u0151 teh\u00e9n takarm\u00e1nyoz\u00e1s\" tabindex=\"-1\" >\n\t\t\t<i class=\"btn-icon button-before fa fa-chevron-right\"><\/i>&nbsp;Mehr erfahren\t\t<\/a>\n\n\t\t\t\t<\/div>\n\t\t\t\t\t<\/div>\n\t\t<\/article>\n\t\t\t\t<\/div>\n\t\t\n\t\t\t\t\t\t<\/div>\n\t\t\t\t<\/div>\n\t\t\t\t\t<\/div>\n\t\t<\/div>\n\t\t\t\t\t<\/div>\n\t\t<\/section>\n\t\t\t\t<\/div>","protected":false},"excerpt":{"rendered":"","protected":false},"author":1,"featured_media":321,"parent":0,"menu_order":0,"comment_status":"closed","ping_status":"closed","template":"","meta":{"footnotes":""},"class_list":["post-642","page","type-page","status-publish","has-post-thumbnail","hentry"],"_links":{"self":[{"href":"https:\/\/solum.hu\/de\/wp-json\/wp\/v2\/pages\/642","targetHints":{"allow":["GET"]}}],"collection":[{"href":"https:\/\/solum.hu\/de\/wp-json\/wp\/v2\/pages"}],"about":[{"href":"https:\/\/solum.hu\/de\/wp-json\/wp\/v2\/types\/page"}],"author":[{"embeddable":true,"href":"https:\/\/solum.hu\/de\/wp-json\/wp\/v2\/users\/1"}],"replies":[{"embeddable":true,"href":"https:\/\/solum.hu\/de\/wp-json\/wp\/v2\/comments?post=642"}],"version-history":[{"count":4,"href":"https:\/\/solum.hu\/de\/wp-json\/wp\/v2\/pages\/642\/revisions"}],"predecessor-version":[{"id":3107,"href":"https:\/\/solum.hu\/de\/wp-json\/wp\/v2\/pages\/642\/revisions\/3107"}],"wp:featuredmedia":[{"embeddable":true,"href":"https:\/\/solum.hu\/de\/wp-json\/wp\/v2\/media\/321"}],"wp:attachment":[{"href":"https:\/\/solum.hu\/de\/wp-json\/wp\/v2\/media?parent=642"}],"curies":[{"name":"wp","href":"https:\/\/api.w.org\/{rel}","templated":true}]}}