{"id":647,"date":"2023-02-16T07:31:03","date_gmt":"2023-02-16T06:31:03","guid":{"rendered":"https:\/\/solum.hu\/?page_id=647"},"modified":"2023-02-24T16:17:00","modified_gmt":"2023-02-24T15:17:00","slug":"viehzuchtbetriebe","status":"publish","type":"page","link":"https:\/\/solum.hu\/de\/tierhaltung\/viehzuchtbetriebe\/","title":{"rendered":"Viehzuchtbetriebe"},"content":{"rendered":"<div data-elementor-type=\"wp-page\" data-elementor-id=\"647\" class=\"elementor elementor-647\" data-elementor-post-type=\"page\">\n\t\t\t\t\t\t<section class=\"elementor-section elementor-top-section elementor-element elementor-element-1c2b253 elementor-section-boxed elementor-section-height-default elementor-section-height-default\" data-id=\"1c2b253\" data-element_type=\"section\">\n\t\t\t\t\t\t<div class=\"elementor-container elementor-column-gap-default\">\n\t\t\t\t\t<div class=\"elementor-column elementor-col-100 elementor-top-column elementor-element elementor-element-d95035c\" data-id=\"d95035c\" data-element_type=\"column\">\n\t\t\t<div class=\"elementor-widget-wrap elementor-element-populated\">\n\t\t\t\t\t\t\t<\/div>\n\t\t<\/div>\n\t\t\t\t\t<\/div>\n\t\t<\/section>\n\t\t\t\t<section class=\"elementor-section elementor-top-section elementor-element elementor-element-ab23b14 elementor-section-boxed elementor-section-height-default elementor-section-height-default\" data-id=\"ab23b14\" data-element_type=\"section\" data-settings=\"{&quot;background_background&quot;:&quot;classic&quot;}\">\n\t\t\t\t\t\t<div class=\"elementor-container elementor-column-gap-default\">\n\t\t\t\t\t<div class=\"elementor-column elementor-col-100 elementor-top-column elementor-element elementor-element-d618e62\" data-id=\"d618e62\" data-element_type=\"column\" data-settings=\"{&quot;background_background&quot;:&quot;classic&quot;}\">\n\t\t\t<div class=\"elementor-widget-wrap elementor-element-populated\">\n\t\t\t\t\t\t<div class=\"elementor-element elementor-element-3e6033e elementor-grid-3 elementor-grid-tablet-2 elementor-grid-mobile-1 elementor-posts--thumbnail-top elementor-card-shadow-yes elementor-posts__hover-gradient elementor-widget elementor-widget-posts\" data-id=\"3e6033e\" data-element_type=\"widget\" data-settings=\"{&quot;cards_columns&quot;:&quot;3&quot;,&quot;cards_columns_tablet&quot;:&quot;2&quot;,&quot;cards_columns_mobile&quot;:&quot;1&quot;,&quot;cards_row_gap&quot;:{&quot;unit&quot;:&quot;px&quot;,&quot;size&quot;:35,&quot;sizes&quot;:[]},&quot;cards_row_gap_laptop&quot;:{&quot;unit&quot;:&quot;px&quot;,&quot;size&quot;:&quot;&quot;,&quot;sizes&quot;:[]},&quot;cards_row_gap_tablet_extra&quot;:{&quot;unit&quot;:&quot;px&quot;,&quot;size&quot;:&quot;&quot;,&quot;sizes&quot;:[]},&quot;cards_row_gap_tablet&quot;:{&quot;unit&quot;:&quot;px&quot;,&quot;size&quot;:&quot;&quot;,&quot;sizes&quot;:[]},&quot;cards_row_gap_mobile_extra&quot;:{&quot;unit&quot;:&quot;px&quot;,&quot;size&quot;:&quot;&quot;,&quot;sizes&quot;:[]},&quot;cards_row_gap_mobile&quot;:{&quot;unit&quot;:&quot;px&quot;,&quot;size&quot;:&quot;&quot;,&quot;sizes&quot;:[]}}\" data-widget_type=\"posts.cards\">\n\t\t\t\t<div class=\"elementor-widget-container\">\n\t\t\t\t\t\t\t<div class=\"elementor-posts-container elementor-posts elementor-posts--skin-cards elementor-grid\" role=\"list\">\n\t\t\t\t<article class=\"elementor-post elementor-grid-item post-94 page type-page status-publish has-post-thumbnail hentry\" role=\"listitem\">\n\t\t\t<div class=\"elementor-post__card\">\n\t\t\t\t<a class=\"elementor-post__thumbnail__link\" href=\"https:\/\/solum.hu\/de\/tierhaltung\/viehzuchtbetriebe\/tierhaltung-standort-csem\/\" tabindex=\"-1\" ><div class=\"elementor-post__thumbnail\"><img fetchpriority=\"high\" decoding=\"async\" width=\"768\" height=\"346\" src=\"https:\/\/solum.hu\/wp-content\/uploads\/2025\/07\/4c-RET_20240514_165808_web-768x346.jpg\" class=\"attachment-medium_large size-medium_large wp-image-3058\" alt=\"\" srcset=\"https:\/\/solum.hu\/wp-content\/uploads\/2025\/07\/4c-RET_20240514_165808_web-768x346.jpg 768w, https:\/\/solum.hu\/wp-content\/uploads\/2025\/07\/4c-RET_20240514_165808_web-300x135.jpg 300w, https:\/\/solum.hu\/wp-content\/uploads\/2025\/07\/4c-RET_20240514_165808_web-1280x577.jpg 1280w, https:\/\/solum.hu\/wp-content\/uploads\/2025\/07\/4c-RET_20240514_165808_web-1536x692.jpg 1536w, https:\/\/solum.hu\/wp-content\/uploads\/2025\/07\/4c-RET_20240514_165808_web-2048x923.jpg 2048w, https:\/\/solum.hu\/wp-content\/uploads\/2025\/07\/4c-RET_20240514_165808_web-18x8.jpg 18w\" sizes=\"(max-width: 768px) 100vw, 768px\" \/><\/div><\/a>\n\t\t\t\t<div class=\"elementor-post__text\">\n\t\t\t\t<h3 class=\"elementor-post__title\">\n\t\t\t<a href=\"https:\/\/solum.hu\/de\/tierhaltung\/viehzuchtbetriebe\/tierhaltung-standort-csem\/\" >\n\t\t\t\tTierhaltung \u2013 Standort Cs\u00e9m\t\t\t<\/a>\n\t\t<\/h3>\n\t\t\t\t<div class=\"elementor-post__excerpt\">\n\t\t\t<p>Der Milchviehbetrieb in Cs\u00e9m wurde 1976 im \u201eCalifornia Style\u201c gebaut und erstreckt sich \u00fcber eine Fl\u00e4che von mehr als 10 Hektar und wurde mehrmals umgebaut.<\/p>\n\t\t<\/div>\n\t\t\n\t\t<a class=\"elementor-post__read-more\" href=\"https:\/\/solum.hu\/de\/tierhaltung\/viehzuchtbetriebe\/tierhaltung-standort-csem\/\" aria-label=\"Read more about \u00c1llatteny\u00e9szt\u00e9s \u2013 Cs\u00e9mi tehen\u00e9szet\" tabindex=\"-1\" >\n\t\t\t<i class=\"btn-icon button-before fa fa-chevron-right\"><\/i>&nbsp;Mehr erfahren\t\t<\/a>\n\n\t\t\t\t<\/div>\n\t\t\t\t\t<\/div>\n\t\t<\/article>\n\t\t\t\t<article class=\"elementor-post elementor-grid-item post-652 page type-page status-publish has-post-thumbnail hentry\" role=\"listitem\">\n\t\t\t<div class=\"elementor-post__card\">\n\t\t\t\t<a class=\"elementor-post__thumbnail__link\" href=\"https:\/\/solum.hu\/de\/tierhaltung\/viehzuchtbetriebe\/tierhaltung-standort-komarom\/\" tabindex=\"-1\" ><div class=\"elementor-post__thumbnail\"><img decoding=\"async\" width=\"768\" height=\"576\" src=\"https:\/\/solum.hu\/wp-content\/uploads\/2023\/07\/DSCN5537-768x576.jpg\" class=\"attachment-medium_large size-medium_large wp-image-1878\" alt=\"\" srcset=\"https:\/\/solum.hu\/wp-content\/uploads\/2023\/07\/DSCN5537-768x576.jpg 768w, https:\/\/solum.hu\/wp-content\/uploads\/2023\/07\/DSCN5537-300x225.jpg 300w, https:\/\/solum.hu\/wp-content\/uploads\/2023\/07\/DSCN5537-1280x960.jpg 1280w, https:\/\/solum.hu\/wp-content\/uploads\/2023\/07\/DSCN5537-1536x1152.jpg 1536w, https:\/\/solum.hu\/wp-content\/uploads\/2023\/07\/DSCN5537-2048x1536.jpg 2048w, https:\/\/solum.hu\/wp-content\/uploads\/2023\/07\/DSCN5537-16x12.jpg 16w\" sizes=\"(max-width: 768px) 100vw, 768px\" \/><\/div><\/a>\n\t\t\t\t<div class=\"elementor-post__text\">\n\t\t\t\t<h3 class=\"elementor-post__title\">\n\t\t\t<a href=\"https:\/\/solum.hu\/de\/tierhaltung\/viehzuchtbetriebe\/tierhaltung-standort-komarom\/\" >\n\t\t\t\tTierhaltung \u2013 Standort Kom\u00e1rom\t\t\t<\/a>\n\t\t<\/h3>\n\t\t\t\t<div class=\"elementor-post__excerpt\">\n\t\t\t<p>Der Kuhbetrieb von SOLUM in Nagyherk\u00e1lypuszta, einem Au\u00dfenort von Kom\u00e1rom, geh\u00f6rt zu den modernsten Milchviehbetrieben Ungarns. Hier leben 1.200 Milchk\u00fche und 1.400 Jungtiere.<\/p>\n\t\t<\/div>\n\t\t\n\t\t<a class=\"elementor-post__read-more\" href=\"https:\/\/solum.hu\/de\/tierhaltung\/viehzuchtbetriebe\/tierhaltung-standort-komarom\/\" aria-label=\"Read more about \u00c1llatteny\u00e9szt\u00e9s &#8211; Kom\u00e1romi tehen\u00e9szet\" tabindex=\"-1\" >\n\t\t\t<i class=\"btn-icon button-before fa fa-chevron-right\"><\/i>&nbsp;Mehr erfahren\t\t<\/a>\n\n\t\t\t\t<\/div>\n\t\t\t\t\t<\/div>\n\t\t<\/article>\n\t\t\t\t<\/div>\n\t\t\n\t\t\t\t\t\t<\/div>\n\t\t\t\t<\/div>\n\t\t\t\t\t<\/div>\n\t\t<\/div>\n\t\t\t\t\t<\/div>\n\t\t<\/section>\n\t\t\t\t<\/div>","protected":false},"excerpt":{"rendered":"","protected":false},"author":1,"featured_media":0,"parent":642,"menu_order":0,"comment_status":"closed","ping_status":"closed","template":"","meta":{"footnotes":""},"class_list":["post-647","page","type-page","status-publish","hentry"],"_links":{"self":[{"href":"https:\/\/solum.hu\/de\/wp-json\/wp\/v2\/pages\/647","targetHints":{"allow":["GET"]}}],"collection":[{"href":"https:\/\/solum.hu\/de\/wp-json\/wp\/v2\/pages"}],"about":[{"href":"https:\/\/solum.hu\/de\/wp-json\/wp\/v2\/types\/page"}],"author":[{"embeddable":true,"href":"https:\/\/solum.hu\/de\/wp-json\/wp\/v2\/users\/1"}],"replies":[{"embeddable":true,"href":"https:\/\/solum.hu\/de\/wp-json\/wp\/v2\/comments?post=647"}],"version-history":[{"count":4,"href":"https:\/\/solum.hu\/de\/wp-json\/wp\/v2\/pages\/647\/revisions"}],"predecessor-version":[{"id":1117,"href":"https:\/\/solum.hu\/de\/wp-json\/wp\/v2\/pages\/647\/revisions\/1117"}],"up":[{"embeddable":true,"href":"https:\/\/solum.hu\/de\/wp-json\/wp\/v2\/pages\/642"}],"wp:attachment":[{"href":"https:\/\/solum.hu\/de\/wp-json\/wp\/v2\/media?parent=647"}],"curies":[{"name":"wp","href":"https:\/\/api.w.org\/{rel}","templated":true}]}}