{"id":657,"date":"2023-02-16T07:35:15","date_gmt":"2023-02-16T06:35:15","guid":{"rendered":"https:\/\/solum.hu\/?page_id=657"},"modified":"2023-08-22T15:34:20","modified_gmt":"2023-08-22T13:34:20","slug":"forschung-und-entwicklung","status":"publish","type":"page","link":"https:\/\/solum.hu\/de\/forschung-und-entwicklung\/","title":{"rendered":"Forschung und Entwicklung"},"content":{"rendered":"<div data-elementor-type=\"wp-page\" data-elementor-id=\"657\" class=\"elementor elementor-657\" data-elementor-post-type=\"page\">\n\t\t\t\t\t\t<section class=\"elementor-section elementor-top-section elementor-element elementor-element-3536e16 elementor-section-boxed elementor-section-height-default elementor-section-height-default\" data-id=\"3536e16\" data-element_type=\"section\">\n\t\t\t\t\t\t<div class=\"elementor-container elementor-column-gap-default\">\n\t\t\t\t\t<div class=\"elementor-column elementor-col-100 elementor-top-column elementor-element elementor-element-8e9eedd\" data-id=\"8e9eedd\" data-element_type=\"column\">\n\t\t\t<div class=\"elementor-widget-wrap elementor-element-populated\">\n\t\t\t\t\t\t\t<\/div>\n\t\t<\/div>\n\t\t\t\t\t<\/div>\n\t\t<\/section>\n\t\t\t\t<section class=\"elementor-section elementor-top-section elementor-element elementor-element-569d35b elementor-section-boxed elementor-section-height-default elementor-section-height-default\" data-id=\"569d35b\" data-element_type=\"section\">\n\t\t\t\t\t\t<div class=\"elementor-container elementor-column-gap-default\">\n\t\t\t\t\t<div class=\"elementor-column elementor-col-100 elementor-top-column elementor-element elementor-element-d06ccb5\" data-id=\"d06ccb5\" data-element_type=\"column\">\n\t\t\t<div class=\"elementor-widget-wrap elementor-element-populated\">\n\t\t\t\t\t\t<div class=\"elementor-element elementor-element-ddf826b elementor-widget elementor-widget-text-editor\" data-id=\"ddf826b\" data-element_type=\"widget\" data-widget_type=\"text-editor.default\">\n\t\t\t\t<div class=\"elementor-widget-container\">\n\t\t\t\t\t\t\t\t\t<h4>Das Sano Agrar Institut steht f\u00fcr Innovationen \u2013 Aus der Praxis f\u00fcr die Praxis<\/h4><p>Als Teil der Sano-Familie f\u00fchrt die SOLUM AG unter dem Namen Sano Agrar Institut zukunftsweisende Tests und Experimente durch, die sowohl der internationalen Unternehmensgruppe als auch ihren Partnern zugutekommen. Der Schwerpunkt der Forschungs- und Entwicklungsaktivit\u00e4ten liegt auf der K\u00e4lberaufzucht, Milchviehhaltung und dem Anbau von Futterpflanzen, die als Grundfutter f\u00fcr unsere Tierhaltung dienen.<\/p>\t\t\t\t\t\t\t\t<\/div>\n\t\t\t\t<\/div>\n\t\t\t\t\t<\/div>\n\t\t<\/div>\n\t\t\t\t\t<\/div>\n\t\t<\/section>\n\t\t\t\t<section class=\"elementor-section elementor-top-section elementor-element elementor-element-f8e7ba9 elementor-section-boxed elementor-section-height-default elementor-section-height-default\" data-id=\"f8e7ba9\" data-element_type=\"section\" data-settings=\"{&quot;background_background&quot;:&quot;classic&quot;}\">\n\t\t\t\t\t\t<div class=\"elementor-container elementor-column-gap-default\">\n\t\t\t\t\t<div class=\"elementor-column elementor-col-100 elementor-top-column elementor-element elementor-element-23a0a39\" data-id=\"23a0a39\" data-element_type=\"column\" data-settings=\"{&quot;background_background&quot;:&quot;classic&quot;}\">\n\t\t\t<div class=\"elementor-widget-wrap elementor-element-populated\">\n\t\t\t\t\t\t<div class=\"elementor-element elementor-element-2a914fe elementor-grid-3 elementor-grid-tablet-2 elementor-grid-mobile-1 elementor-posts--thumbnail-top elementor-card-shadow-yes elementor-posts__hover-gradient elementor-widget elementor-widget-posts\" data-id=\"2a914fe\" data-element_type=\"widget\" data-settings=\"{&quot;cards_columns&quot;:&quot;3&quot;,&quot;cards_columns_tablet&quot;:&quot;2&quot;,&quot;cards_columns_mobile&quot;:&quot;1&quot;,&quot;cards_row_gap&quot;:{&quot;unit&quot;:&quot;px&quot;,&quot;size&quot;:35,&quot;sizes&quot;:[]},&quot;cards_row_gap_laptop&quot;:{&quot;unit&quot;:&quot;px&quot;,&quot;size&quot;:&quot;&quot;,&quot;sizes&quot;:[]},&quot;cards_row_gap_tablet_extra&quot;:{&quot;unit&quot;:&quot;px&quot;,&quot;size&quot;:&quot;&quot;,&quot;sizes&quot;:[]},&quot;cards_row_gap_tablet&quot;:{&quot;unit&quot;:&quot;px&quot;,&quot;size&quot;:&quot;&quot;,&quot;sizes&quot;:[]},&quot;cards_row_gap_mobile_extra&quot;:{&quot;unit&quot;:&quot;px&quot;,&quot;size&quot;:&quot;&quot;,&quot;sizes&quot;:[]},&quot;cards_row_gap_mobile&quot;:{&quot;unit&quot;:&quot;px&quot;,&quot;size&quot;:&quot;&quot;,&quot;sizes&quot;:[]}}\" data-widget_type=\"posts.cards\">\n\t\t\t\t<div class=\"elementor-widget-container\">\n\t\t\t\t\t\t\t<div class=\"elementor-posts-container elementor-posts elementor-posts--skin-cards elementor-grid\" role=\"list\">\n\t\t\t\t<article class=\"elementor-post elementor-grid-item post-663 page type-page status-publish has-post-thumbnail hentry\" role=\"listitem\">\n\t\t\t<div class=\"elementor-post__card\">\n\t\t\t\t<a class=\"elementor-post__thumbnail__link\" href=\"https:\/\/solum.hu\/de\/forschung-und-entwicklung\/forschung-und-entwicklung-pflanzenbau\/\" tabindex=\"-1\" ><div class=\"elementor-post__thumbnail\"><img fetchpriority=\"high\" decoding=\"async\" width=\"547\" height=\"410\" src=\"https:\/\/solum.hu\/wp-content\/uploads\/2023\/02\/pic87_kukorica.jpg\" class=\"attachment-medium_large size-medium_large wp-image-1118\" alt=\"\" srcset=\"https:\/\/solum.hu\/wp-content\/uploads\/2023\/02\/pic87_kukorica.jpg 547w, https:\/\/solum.hu\/wp-content\/uploads\/2023\/02\/pic87_kukorica-300x225.jpg 300w\" sizes=\"(max-width: 547px) 100vw, 547px\" \/><\/div><\/a>\n\t\t\t\t<div class=\"elementor-post__text\">\n\t\t\t\t<h3 class=\"elementor-post__title\">\n\t\t\t<a href=\"https:\/\/solum.hu\/de\/forschung-und-entwicklung\/forschung-und-entwicklung-pflanzenbau\/\" >\n\t\t\t\tPflanzenbau\t\t\t<\/a>\n\t\t<\/h3>\n\t\t\t\t<div class=\"elementor-post__excerpt\">\n\t\t\t<p>Moderner Pflanzenbau f\u00fcr hochwertiges Grundfutter - Auf \u00fcber 3.100 Hektar baut die SOLUM AG Mais, Sorghum, Luzerne, Roggen, Triticale, Feldgras und Kartoffeln an.<\/p>\n\t\t<\/div>\n\t\t\n\t\t<a class=\"elementor-post__read-more\" href=\"https:\/\/solum.hu\/de\/forschung-und-entwicklung\/forschung-und-entwicklung-pflanzenbau\/\" aria-label=\"Read more about N\u00f6v\u00e9nytermeszt\u00e9s\" tabindex=\"-1\" >\n\t\t\t<i class=\"btn-icon button-before fa fa-chevron-right\"><\/i>&nbsp;Mehr erfahren\t\t<\/a>\n\n\t\t\t\t<\/div>\n\t\t\t\t\t<\/div>\n\t\t<\/article>\n\t\t\t\t<article class=\"elementor-post elementor-grid-item post-668 page type-page status-publish has-post-thumbnail hentry\" role=\"listitem\">\n\t\t\t<div class=\"elementor-post__card\">\n\t\t\t\t<a class=\"elementor-post__thumbnail__link\" href=\"https:\/\/solum.hu\/de\/forschung-und-entwicklung\/forschung-und-entwicklung-silierung\/\" tabindex=\"-1\" ><div class=\"elementor-post__thumbnail\"><img decoding=\"async\" width=\"768\" height=\"576\" src=\"https:\/\/solum.hu\/wp-content\/uploads\/2023\/07\/DSCN4692-768x576.jpg\" class=\"attachment-medium_large size-medium_large wp-image-1933\" alt=\"\" srcset=\"https:\/\/solum.hu\/wp-content\/uploads\/2023\/07\/DSCN4692-768x576.jpg 768w, https:\/\/solum.hu\/wp-content\/uploads\/2023\/07\/DSCN4692-300x225.jpg 300w, https:\/\/solum.hu\/wp-content\/uploads\/2023\/07\/DSCN4692-1280x960.jpg 1280w, https:\/\/solum.hu\/wp-content\/uploads\/2023\/07\/DSCN4692-1536x1152.jpg 1536w, https:\/\/solum.hu\/wp-content\/uploads\/2023\/07\/DSCN4692-2048x1536.jpg 2048w, https:\/\/solum.hu\/wp-content\/uploads\/2023\/07\/DSCN4692-16x12.jpg 16w\" sizes=\"(max-width: 768px) 100vw, 768px\" \/><\/div><\/a>\n\t\t\t\t<div class=\"elementor-post__text\">\n\t\t\t\t<h3 class=\"elementor-post__title\">\n\t\t\t<a href=\"https:\/\/solum.hu\/de\/forschung-und-entwicklung\/forschung-und-entwicklung-silierung\/\" >\n\t\t\t\tSilierung\t\t\t<\/a>\n\t\t<\/h3>\n\t\t\t\t<div class=\"elementor-post__excerpt\">\n\t\t\t<p>Optimierte Silierung f\u00fcr beste Futterqualit\u00e4t - Der Schl\u00fcssel zu hochwertigem Grundfutter liegt im Silierprozess.<\/p>\n\t\t<\/div>\n\t\t\n\t\t<a class=\"elementor-post__read-more\" href=\"https:\/\/solum.hu\/de\/forschung-und-entwicklung\/forschung-und-entwicklung-silierung\/\" aria-label=\"Read more about Tart\u00f3s\u00edt\u00e1s\" tabindex=\"-1\" >\n\t\t\t<i class=\"btn-icon button-before fa fa-chevron-right\"><\/i>&nbsp;Mehr erfahren\t\t<\/a>\n\n\t\t\t\t<\/div>\n\t\t\t\t\t<\/div>\n\t\t<\/article>\n\t\t\t\t<article class=\"elementor-post elementor-grid-item post-673 page type-page status-publish has-post-thumbnail hentry\" role=\"listitem\">\n\t\t\t<div class=\"elementor-post__card\">\n\t\t\t\t<a class=\"elementor-post__thumbnail__link\" href=\"https:\/\/solum.hu\/de\/forschung-und-entwicklung\/forschung-und-entwicklung-futterung\/\" tabindex=\"-1\" ><div class=\"elementor-post__thumbnail\"><img decoding=\"async\" width=\"768\" height=\"512\" src=\"https:\/\/solum.hu\/wp-content\/uploads\/2023\/07\/10_Gruppenfoto_144-768x512.jpg\" class=\"attachment-medium_large size-medium_large wp-image-1935\" alt=\"\" srcset=\"https:\/\/solum.hu\/wp-content\/uploads\/2023\/07\/10_Gruppenfoto_144-768x512.jpg 768w, https:\/\/solum.hu\/wp-content\/uploads\/2023\/07\/10_Gruppenfoto_144-300x200.jpg 300w, https:\/\/solum.hu\/wp-content\/uploads\/2023\/07\/10_Gruppenfoto_144-1280x853.jpg 1280w, https:\/\/solum.hu\/wp-content\/uploads\/2023\/07\/10_Gruppenfoto_144-1536x1024.jpg 1536w, https:\/\/solum.hu\/wp-content\/uploads\/2023\/07\/10_Gruppenfoto_144-2048x1366.jpg 2048w, https:\/\/solum.hu\/wp-content\/uploads\/2023\/07\/10_Gruppenfoto_144-18x12.jpg 18w\" sizes=\"(max-width: 768px) 100vw, 768px\" \/><\/div><\/a>\n\t\t\t\t<div class=\"elementor-post__text\">\n\t\t\t\t<h3 class=\"elementor-post__title\">\n\t\t\t<a href=\"https:\/\/solum.hu\/de\/forschung-und-entwicklung\/forschung-und-entwicklung-futterung\/\" >\n\t\t\t\tF\u00fctterung\t\t\t<\/a>\n\t\t<\/h3>\n\t\t\t\t<div class=\"elementor-post__excerpt\">\n\t\t\t<p>F\u00fctterungsforschung f\u00fcr nachhaltiges Wachstum - Um eine effiziente und nachhaltige Milchproduktion zu gew\u00e4hrleisten, setzen wir auf zukunftsweisende Innovationen und ern\u00e4hrungsphysiologische Erkenntnisse.<\/p>\n\t\t<\/div>\n\t\t\n\t\t<a class=\"elementor-post__read-more\" href=\"https:\/\/solum.hu\/de\/forschung-und-entwicklung\/forschung-und-entwicklung-futterung\/\" aria-label=\"Read more about Takarm\u00e1nyoz\u00e1s\" tabindex=\"-1\" >\n\t\t\t<i class=\"btn-icon button-before fa fa-chevron-right\"><\/i>&nbsp;Mehr erfahren\t\t<\/a>\n\n\t\t\t\t<\/div>\n\t\t\t\t\t<\/div>\n\t\t<\/article>\n\t\t\t\t<article class=\"elementor-post elementor-grid-item post-678 page type-page status-publish has-post-thumbnail hentry\" role=\"listitem\">\n\t\t\t<div class=\"elementor-post__card\">\n\t\t\t\t<a class=\"elementor-post__thumbnail__link\" href=\"https:\/\/solum.hu\/de\/forschung-und-entwicklung\/forschung-und-entwicklung-tierschutz\/\" tabindex=\"-1\" ><div class=\"elementor-post__thumbnail\"><img loading=\"lazy\" decoding=\"async\" width=\"768\" height=\"576\" src=\"https:\/\/solum.hu\/wp-content\/uploads\/2023\/07\/DSCN5806-768x576.jpg\" class=\"attachment-medium_large size-medium_large wp-image-1901\" alt=\"\" srcset=\"https:\/\/solum.hu\/wp-content\/uploads\/2023\/07\/DSCN5806-768x576.jpg 768w, https:\/\/solum.hu\/wp-content\/uploads\/2023\/07\/DSCN5806-300x225.jpg 300w, https:\/\/solum.hu\/wp-content\/uploads\/2023\/07\/DSCN5806-1280x960.jpg 1280w, https:\/\/solum.hu\/wp-content\/uploads\/2023\/07\/DSCN5806-1536x1152.jpg 1536w, https:\/\/solum.hu\/wp-content\/uploads\/2023\/07\/DSCN5806-2048x1536.jpg 2048w, https:\/\/solum.hu\/wp-content\/uploads\/2023\/07\/DSCN5806-16x12.jpg 16w\" sizes=\"(max-width: 768px) 100vw, 768px\" \/><\/div><\/a>\n\t\t\t\t<div class=\"elementor-post__text\">\n\t\t\t\t<h3 class=\"elementor-post__title\">\n\t\t\t<a href=\"https:\/\/solum.hu\/de\/forschung-und-entwicklung\/forschung-und-entwicklung-tierschutz\/\" >\n\t\t\t\tTierschutz\t\t\t<\/a>\n\t\t<\/h3>\n\t\t\t\t<div class=\"elementor-post__excerpt\">\n\t\t\t<p>Hervorragendes Tierwohl ist die Grundlage f\u00fcr hohe Milchleistung.<\/p>\n\t\t<\/div>\n\t\t\n\t\t<a class=\"elementor-post__read-more\" href=\"https:\/\/solum.hu\/de\/forschung-und-entwicklung\/forschung-und-entwicklung-tierschutz\/\" aria-label=\"Read more about \u00c1llatj\u00f3l\u00e9t\" tabindex=\"-1\" >\n\t\t\t<i class=\"btn-icon button-before fa fa-chevron-right\"><\/i>&nbsp;Mehr erfahren\t\t<\/a>\n\n\t\t\t\t<\/div>\n\t\t\t\t\t<\/div>\n\t\t<\/article>\n\t\t\t\t<article class=\"elementor-post elementor-grid-item post-684 page type-page status-publish has-post-thumbnail hentry\" role=\"listitem\">\n\t\t\t<div class=\"elementor-post__card\">\n\t\t\t\t<a class=\"elementor-post__thumbnail__link\" href=\"https:\/\/solum.hu\/de\/forschung-und-entwicklung\/forschung-und-entwicklung-tiergesundheit\/\" tabindex=\"-1\" ><div class=\"elementor-post__thumbnail\"><img loading=\"lazy\" decoding=\"async\" width=\"768\" height=\"576\" src=\"https:\/\/solum.hu\/wp-content\/uploads\/2023\/07\/IMG_0198-768x576.jpeg\" class=\"attachment-medium_large size-medium_large wp-image-1889\" alt=\"\" srcset=\"https:\/\/solum.hu\/wp-content\/uploads\/2023\/07\/IMG_0198-768x576.jpeg 768w, https:\/\/solum.hu\/wp-content\/uploads\/2023\/07\/IMG_0198-300x225.jpeg 300w, https:\/\/solum.hu\/wp-content\/uploads\/2023\/07\/IMG_0198-1280x960.jpeg 1280w, https:\/\/solum.hu\/wp-content\/uploads\/2023\/07\/IMG_0198-1536x1152.jpeg 1536w, https:\/\/solum.hu\/wp-content\/uploads\/2023\/07\/IMG_0198-2048x1536.jpeg 2048w, https:\/\/solum.hu\/wp-content\/uploads\/2023\/07\/IMG_0198-16x12.jpeg 16w\" sizes=\"(max-width: 768px) 100vw, 768px\" \/><\/div><\/a>\n\t\t\t\t<div class=\"elementor-post__text\">\n\t\t\t\t<h3 class=\"elementor-post__title\">\n\t\t\t<a href=\"https:\/\/solum.hu\/de\/forschung-und-entwicklung\/forschung-und-entwicklung-tiergesundheit\/\" >\n\t\t\t\tTiergesundheit\t\t\t<\/a>\n\t\t<\/h3>\n\t\t\t\t<div class=\"elementor-post__excerpt\">\n\t\t\t<p>Tiergesundheit als Grundlage f\u00fcr Langlebigkeit. Eine ausgezeichnete Tiergesundheit ist entscheidend f\u00fcr die Wirtschaftlichkeit der Milchproduktion.<\/p>\n\t\t<\/div>\n\t\t\n\t\t<a class=\"elementor-post__read-more\" href=\"https:\/\/solum.hu\/de\/forschung-und-entwicklung\/forschung-und-entwicklung-tiergesundheit\/\" aria-label=\"Read more about \u00c1llateg\u00e9szs\u00e9g\u00fcgy\" tabindex=\"-1\" >\n\t\t\t<i class=\"btn-icon button-before fa fa-chevron-right\"><\/i>&nbsp;Mehr erfahren\t\t<\/a>\n\n\t\t\t\t<\/div>\n\t\t\t\t\t<\/div>\n\t\t<\/article>\n\t\t\t\t<article class=\"elementor-post elementor-grid-item post-689 page type-page status-publish has-post-thumbnail hentry\" role=\"listitem\">\n\t\t\t<div class=\"elementor-post__card\">\n\t\t\t\t<a class=\"elementor-post__thumbnail__link\" href=\"https:\/\/solum.hu\/de\/forschung-und-entwicklung\/forschung-und-entwicklung-ausbildung\/\" tabindex=\"-1\" ><div class=\"elementor-post__thumbnail\"><img loading=\"lazy\" decoding=\"async\" width=\"768\" height=\"576\" src=\"https:\/\/solum.hu\/wp-content\/uploads\/2023\/07\/DSCN5400-768x576.jpg\" class=\"attachment-medium_large size-medium_large wp-image-1939\" alt=\"\" srcset=\"https:\/\/solum.hu\/wp-content\/uploads\/2023\/07\/DSCN5400-768x576.jpg 768w, https:\/\/solum.hu\/wp-content\/uploads\/2023\/07\/DSCN5400-300x225.jpg 300w, https:\/\/solum.hu\/wp-content\/uploads\/2023\/07\/DSCN5400-1280x960.jpg 1280w, https:\/\/solum.hu\/wp-content\/uploads\/2023\/07\/DSCN5400-1536x1152.jpg 1536w, https:\/\/solum.hu\/wp-content\/uploads\/2023\/07\/DSCN5400-2048x1536.jpg 2048w, https:\/\/solum.hu\/wp-content\/uploads\/2023\/07\/DSCN5400-16x12.jpg 16w\" sizes=\"(max-width: 768px) 100vw, 768px\" \/><\/div><\/a>\n\t\t\t\t<div class=\"elementor-post__text\">\n\t\t\t\t<h3 class=\"elementor-post__title\">\n\t\t\t<a href=\"https:\/\/solum.hu\/de\/forschung-und-entwicklung\/forschung-und-entwicklung-ausbildung\/\" >\n\t\t\t\tAusbildung\t\t\t<\/a>\n\t\t<\/h3>\n\t\t\t\t<div class=\"elementor-post__excerpt\">\n\t\t\t<p>Wissen ist die Basis f\u00fcr Fortschritt und Erfolg - Bei SOLUM AG setzen wir deshalb auf eine kontinuierliche Weiterbildung unserer Mitarbeiter.<\/p>\n\t\t<\/div>\n\t\t\n\t\t<a class=\"elementor-post__read-more\" href=\"https:\/\/solum.hu\/de\/forschung-und-entwicklung\/forschung-und-entwicklung-ausbildung\/\" aria-label=\"Read more about Oktat\u00e1s\" tabindex=\"-1\" >\n\t\t\t<i class=\"btn-icon button-before fa fa-chevron-right\"><\/i>&nbsp;Mehr erfahren\t\t<\/a>\n\n\t\t\t\t<\/div>\n\t\t\t\t\t<\/div>\n\t\t<\/article>\n\t\t\t\t<\/div>\n\t\t\n\t\t\t\t\t\t<\/div>\n\t\t\t\t<\/div>\n\t\t\t\t\t<\/div>\n\t\t<\/div>\n\t\t\t\t\t<\/div>\n\t\t<\/section>\n\t\t\t\t<\/div>","protected":false},"excerpt":{"rendered":"<p>A Sano Agrar Institut egyet jelent az innov\u00e1ci\u00f3kkal \u2013 Gyakorlatb\u00f3l a gyakorlat\u00e9rt A SOLUM Zrt. a Sano csal\u00e1d r\u00e9szek\u00e9nt v\u00e9gez a nemzetk\u00f6zi c\u00e9gcsoport \u00e9s partnerei sz\u00e1m\u00e1ra j\u00f6v\u0151be mutat\u00f3 vizsg\u00e1latokat \u00e9s k\u00eds\u00e9rleteket Sano Agrar Institut n\u00e9ven. A SOLUM Zrt. kutat\u00e1s-fejleszt\u00e9si tev\u00e9kenys\u00e9ge a borj\u00fanevel\u00e9sre, a tejgazd\u00e1lkod\u00e1sra \u00e9s olyan n\u00f6v\u00e9nyek termeszt\u00e9s\u00e9re szakosodott, amelyek k\u00e9s\u0151bb \u00e1llatok alaptakarm\u00e1nyak\u00e9nt szolg\u00e1lnak. A [&hellip;]<\/p>","protected":false},"author":1,"featured_media":0,"parent":0,"menu_order":0,"comment_status":"closed","ping_status":"closed","template":"","meta":{"footnotes":""},"class_list":["post-657","page","type-page","status-publish","hentry"],"_links":{"self":[{"href":"https:\/\/solum.hu\/de\/wp-json\/wp\/v2\/pages\/657","targetHints":{"allow":["GET"]}}],"collection":[{"href":"https:\/\/solum.hu\/de\/wp-json\/wp\/v2\/pages"}],"about":[{"href":"https:\/\/solum.hu\/de\/wp-json\/wp\/v2\/types\/page"}],"author":[{"embeddable":true,"href":"https:\/\/solum.hu\/de\/wp-json\/wp\/v2\/users\/1"}],"replies":[{"embeddable":true,"href":"https:\/\/solum.hu\/de\/wp-json\/wp\/v2\/comments?post=657"}],"version-history":[{"count":4,"href":"https:\/\/solum.hu\/de\/wp-json\/wp\/v2\/pages\/657\/revisions"}],"predecessor-version":[{"id":2343,"href":"https:\/\/solum.hu\/de\/wp-json\/wp\/v2\/pages\/657\/revisions\/2343"}],"wp:attachment":[{"href":"https:\/\/solum.hu\/de\/wp-json\/wp\/v2\/media?parent=657"}],"curies":[{"name":"wp","href":"https:\/\/api.w.org\/{rel}","templated":true}]}}