{"id":663,"date":"2023-02-16T07:41:57","date_gmt":"2023-02-16T06:41:57","guid":{"rendered":"https:\/\/solum.hu\/?page_id=663"},"modified":"2025-07-31T10:33:27","modified_gmt":"2025-07-31T08:33:27","slug":"forschung-und-entwicklung-pflanzenbau","status":"publish","type":"page","link":"https:\/\/solum.hu\/de\/forschung-und-entwicklung\/forschung-und-entwicklung-pflanzenbau\/","title":{"rendered":"Pflanzenbau"},"content":{"rendered":"<div data-elementor-type=\"wp-page\" data-elementor-id=\"663\" class=\"elementor elementor-663\" data-elementor-post-type=\"page\">\n\t\t\t\t\t\t<section class=\"elementor-section elementor-top-section elementor-element elementor-element-18ae165 elementor-section-boxed elementor-section-height-default elementor-section-height-default\" data-id=\"18ae165\" data-element_type=\"section\">\n\t\t\t\t\t\t<div class=\"elementor-container elementor-column-gap-default\">\n\t\t\t\t\t<div class=\"elementor-column elementor-col-100 elementor-top-column elementor-element elementor-element-c0491ca\" data-id=\"c0491ca\" data-element_type=\"column\">\n\t\t\t<div class=\"elementor-widget-wrap elementor-element-populated\">\n\t\t\t\t\t\t\t<\/div>\n\t\t<\/div>\n\t\t\t\t\t<\/div>\n\t\t<\/section>\n\t\t\t\t<section class=\"elementor-section elementor-top-section elementor-element elementor-element-2ab3f2f elementor-section-boxed elementor-section-height-default elementor-section-height-default\" data-id=\"2ab3f2f\" data-element_type=\"section\">\n\t\t\t\t\t\t<div class=\"elementor-container elementor-column-gap-default\">\n\t\t\t\t\t<div class=\"elementor-column elementor-col-100 elementor-top-column elementor-element elementor-element-5bd6f79\" data-id=\"5bd6f79\" data-element_type=\"column\">\n\t\t\t<div class=\"elementor-widget-wrap elementor-element-populated\">\n\t\t\t\t\t\t<div class=\"elementor-element elementor-element-efff613 elementor-widget elementor-widget-text-editor\" data-id=\"efff613\" data-element_type=\"widget\" data-widget_type=\"text-editor.default\">\n\t\t\t\t<div class=\"elementor-widget-container\">\n\t\t\t\t\t\t\t\t\t<h4><img fetchpriority=\"high\" decoding=\"async\" class=\"alignright wp-image-1118\" src=\"https:\/\/solum.hu\/wp-content\/uploads\/2023\/02\/pic87_kukorica-300x225.jpg\" alt=\"\" width=\"400\" height=\"300\" srcset=\"https:\/\/solum.hu\/wp-content\/uploads\/2023\/02\/pic87_kukorica-300x225.jpg 300w, https:\/\/solum.hu\/wp-content\/uploads\/2023\/02\/pic87_kukorica.jpg 547w\" sizes=\"(max-width: 400px) 100vw, 400px\" \/>Moderner Pflanzenbau f\u00fcr hochwertiges Grundfutter<\/h4><p>Auf \u00fcber 3.100 Hektar baut die SOLUM AG Mais, Sorghum, Luzerne, Roggen, Triticale, Feldgras und Kartoffeln an. Ein Drittel der Felder werden mit Donauwasser bew\u00e4ssert, was den Pflanzen erm\u00f6glicht, ihr volles genetisches Potenzial auszusch\u00f6pfen. Die Sortenwahl basiert auf den neuesten Forschungsergebnissen, um die bestm\u00f6gliche Grundfutterqualit\u00e4t f\u00fcr unsere 2.600 Tiere sicherzustellen. Nachhaltigkeit wird durch angepassten Pflanzenschutz, gesunde Bodenbewirtschaftung, pr\u00e4zise Ernte und optimale Silierung gew\u00e4hrleistet, was ganzj\u00e4hrig hochwertiges Futter f\u00fcr die Herde garantiert.<\/p>\t\t\t\t\t\t\t\t<\/div>\n\t\t\t\t<\/div>\n\t\t\t\t\t<\/div>\n\t\t<\/div>\n\t\t\t\t\t<\/div>\n\t\t<\/section>\n\t\t\t\t<\/div>","protected":false},"excerpt":{"rendered":"<p>Modern n\u00f6v\u00e9nytermeszt\u00e9s &#8211; A legjobb alaptakarm\u00e1ny\u00e9rt A SOLUM Zrt. saj\u00e1t \u00e9s integr\u00e1lt f\u00f6ldter\u00fcletein t\u00f6bb mint 3.100 hekt\u00e1ron termeszt kukoric\u00e1t, cirokot, lucern\u00e1t, rozst, tritik\u00e1l\u00e9t, f\u0171f\u00e9l\u00e9ket \u00e9s burgony\u00e1t. A m\u0171velt ter\u00fcletek harmada a Duna viz\u00e9vel \u00f6nt\u00f6zhet\u0151, mely hozz\u00e1j\u00e1rul a termesztett n\u00f6v\u00e9nyek genetikai potenci\u00e1lj\u00e1nak maxim\u00e1lis kihaszn\u00e1l\u00e1s\u00e1hoz. A n\u00f6v\u00e9nytermeszt\u00e9sben alkalmazott t\u00f6megtakarm\u00e1ny n\u00f6v\u00e9nyek fajtav\u00e1laszt\u00e1s\u00e1t m\u00e9lyrehat\u00f3 kutat\u00f3munka el\u0151zi meg, hogy \u00e1llatainknak [&hellip;]<\/p>","protected":false},"author":1,"featured_media":1118,"parent":657,"menu_order":0,"comment_status":"closed","ping_status":"closed","template":"","meta":{"footnotes":""},"class_list":["post-663","page","type-page","status-publish","has-post-thumbnail","hentry"],"_links":{"self":[{"href":"https:\/\/solum.hu\/de\/wp-json\/wp\/v2\/pages\/663","targetHints":{"allow":["GET"]}}],"collection":[{"href":"https:\/\/solum.hu\/de\/wp-json\/wp\/v2\/pages"}],"about":[{"href":"https:\/\/solum.hu\/de\/wp-json\/wp\/v2\/types\/page"}],"author":[{"embeddable":true,"href":"https:\/\/solum.hu\/de\/wp-json\/wp\/v2\/users\/1"}],"replies":[{"embeddable":true,"href":"https:\/\/solum.hu\/de\/wp-json\/wp\/v2\/comments?post=663"}],"version-history":[{"count":4,"href":"https:\/\/solum.hu\/de\/wp-json\/wp\/v2\/pages\/663\/revisions"}],"predecessor-version":[{"id":3090,"href":"https:\/\/solum.hu\/de\/wp-json\/wp\/v2\/pages\/663\/revisions\/3090"}],"up":[{"embeddable":true,"href":"https:\/\/solum.hu\/de\/wp-json\/wp\/v2\/pages\/657"}],"wp:featuredmedia":[{"embeddable":true,"href":"https:\/\/solum.hu\/de\/wp-json\/wp\/v2\/media\/1118"}],"wp:attachment":[{"href":"https:\/\/solum.hu\/de\/wp-json\/wp\/v2\/media?parent=663"}],"curies":[{"name":"wp","href":"https:\/\/api.w.org\/{rel}","templated":true}]}}