{"id":668,"date":"2023-02-16T07:43:59","date_gmt":"2023-02-16T06:43:59","guid":{"rendered":"https:\/\/solum.hu\/?page_id=668"},"modified":"2023-08-25T15:27:19","modified_gmt":"2023-08-25T13:27:19","slug":"forschung-und-entwicklung-silierung","status":"publish","type":"page","link":"https:\/\/solum.hu\/de\/forschung-und-entwicklung\/forschung-und-entwicklung-silierung\/","title":{"rendered":"Silierung"},"content":{"rendered":"<div data-elementor-type=\"wp-page\" data-elementor-id=\"668\" class=\"elementor elementor-668\" data-elementor-post-type=\"page\">\n\t\t\t\t\t\t<section class=\"elementor-section elementor-top-section elementor-element elementor-element-5a74ebe elementor-section-boxed elementor-section-height-default elementor-section-height-default\" data-id=\"5a74ebe\" data-element_type=\"section\">\n\t\t\t\t\t\t<div class=\"elementor-container elementor-column-gap-default\">\n\t\t\t\t\t<div class=\"elementor-column elementor-col-100 elementor-top-column elementor-element elementor-element-0bc86ad\" data-id=\"0bc86ad\" data-element_type=\"column\">\n\t\t\t<div class=\"elementor-widget-wrap elementor-element-populated\">\n\t\t\t\t\t\t\t<\/div>\n\t\t<\/div>\n\t\t\t\t\t<\/div>\n\t\t<\/section>\n\t\t\t\t<section class=\"elementor-section elementor-top-section elementor-element elementor-element-22b43e6 elementor-section-boxed elementor-section-height-default elementor-section-height-default\" data-id=\"22b43e6\" data-element_type=\"section\">\n\t\t\t\t\t\t<div class=\"elementor-container elementor-column-gap-default\">\n\t\t\t\t\t<div class=\"elementor-column elementor-col-100 elementor-top-column elementor-element elementor-element-1bc2755\" data-id=\"1bc2755\" data-element_type=\"column\">\n\t\t\t<div class=\"elementor-widget-wrap elementor-element-populated\">\n\t\t\t\t\t\t<div class=\"elementor-element elementor-element-9399ef5 elementor-widget elementor-widget-text-editor\" data-id=\"9399ef5\" data-element_type=\"widget\" data-widget_type=\"text-editor.default\">\n\t\t\t\t<div class=\"elementor-widget-container\">\n\t\t\t\t\t\t\t\t\t<h4><img fetchpriority=\"high\" decoding=\"async\" class=\"alignright wp-image-1933\" src=\"https:\/\/solum.hu\/wp-content\/uploads\/2023\/07\/DSCN4692-300x225.jpg\" alt=\"\" width=\"400\" height=\"300\" srcset=\"https:\/\/solum.hu\/wp-content\/uploads\/2023\/07\/DSCN4692-300x225.jpg 300w, https:\/\/solum.hu\/wp-content\/uploads\/2023\/07\/DSCN4692-1280x960.jpg 1280w, https:\/\/solum.hu\/wp-content\/uploads\/2023\/07\/DSCN4692-768x576.jpg 768w, https:\/\/solum.hu\/wp-content\/uploads\/2023\/07\/DSCN4692-1536x1152.jpg 1536w, https:\/\/solum.hu\/wp-content\/uploads\/2023\/07\/DSCN4692-2048x1536.jpg 2048w, https:\/\/solum.hu\/wp-content\/uploads\/2023\/07\/DSCN4692-16x12.jpg 16w\" sizes=\"(max-width: 400px) 100vw, 400px\" \/>Optimierte Silierung f\u00fcr beste Futterqualit\u00e4t<\/h4><p>Der Schl\u00fcssel zu hochwertigem Grundfutter liegt im Silierprozess. Ein guter Silierprozess verbessert den Futterwert und wirkt sich positiv auf die Tiergesundheit und Leistungsf\u00e4higkeit aus. Um den optimalen Erntezeitpunkt zu bestimmen, f\u00fchren wir regelm\u00e4\u00dfige Probenanalysen durch. Der gesamte Ernteprozess ist auf maximale Effizienz ausgelegt. Wir \u00fcberwachen die H\u00e4cksell\u00e4nge und den Corncracker sowie die Verdichtung der Silage, um eine gleichbleibend hohe Qualit\u00e4t zu gew\u00e4hrleisten. Siliermittel wie Labacsil\u00ae Stabil und Labacsil\u00ae Duo senken den pH-Wert und f\u00f6rdern den Milchs\u00e4ureg\u00e4rungsprozess, wodurch die Futterverluste minimiert und vor Nacherw\u00e4rmungen gesch\u00fctzt werden. So sichern wir h\u00f6chste Grundfutterqualit\u00e4t und senken gleichzeitig die Futterkosten.<\/p>\t\t\t\t\t\t\t\t<\/div>\n\t\t\t\t<\/div>\n\t\t\t\t\t<\/div>\n\t\t<\/div>\n\t\t\t\t\t<\/div>\n\t\t<\/section>\n\t\t\t\t<\/div>","protected":false},"excerpt":{"rendered":"<p>Sil\u00f3tart\u00f3s\u00edt\u00e1s a kiv\u00e1l\u00f3 min\u0151s\u00e9g\u00e9rt Min\u00e9l jobb az alaptakarm\u00e1ny sil\u00f3z\u00e1sa, ann\u00e1l jobb a takarm\u00e1nyoz\u00e1si \u00e9rt\u00e9ke, ami sz\u00e1mos el\u0151ny ny\u00fajt az \u00e1llateg\u00e9szs\u00e9g\u00fcgyben \u00e9s a termel\u00e9si adatokban. A sil\u00f3k\u00e9sz\u00edt\u00e9s els\u0151 l\u00e9p\u00e9sk\u00e9nt megkell hat\u00e1rozni a sil\u00f3z\u00e1s optim\u00e1lis idej\u00e9t, amit mintav\u00e9tellel \u00e9s laborvizsg\u00e1latokkal v\u00e9gz\u00fcnk. Ha az eredm\u00e9nyek k\u00f6zel\u00edtenek a sil\u00f3z\u00e1si \u00e9rt\u00e9kekhez indul a betakar\u00edt\u00e1s. Ez egy pontosan megtervezett folyamat a [&hellip;]<\/p>","protected":false},"author":1,"featured_media":1933,"parent":657,"menu_order":1,"comment_status":"closed","ping_status":"closed","template":"","meta":{"footnotes":""},"class_list":["post-668","page","type-page","status-publish","has-post-thumbnail","hentry"],"_links":{"self":[{"href":"https:\/\/solum.hu\/de\/wp-json\/wp\/v2\/pages\/668","targetHints":{"allow":["GET"]}}],"collection":[{"href":"https:\/\/solum.hu\/de\/wp-json\/wp\/v2\/pages"}],"about":[{"href":"https:\/\/solum.hu\/de\/wp-json\/wp\/v2\/types\/page"}],"author":[{"embeddable":true,"href":"https:\/\/solum.hu\/de\/wp-json\/wp\/v2\/users\/1"}],"replies":[{"embeddable":true,"href":"https:\/\/solum.hu\/de\/wp-json\/wp\/v2\/comments?post=668"}],"version-history":[{"count":4,"href":"https:\/\/solum.hu\/de\/wp-json\/wp\/v2\/pages\/668\/revisions"}],"predecessor-version":[{"id":2720,"href":"https:\/\/solum.hu\/de\/wp-json\/wp\/v2\/pages\/668\/revisions\/2720"}],"up":[{"embeddable":true,"href":"https:\/\/solum.hu\/de\/wp-json\/wp\/v2\/pages\/657"}],"wp:featuredmedia":[{"embeddable":true,"href":"https:\/\/solum.hu\/de\/wp-json\/wp\/v2\/media\/1933"}],"wp:attachment":[{"href":"https:\/\/solum.hu\/de\/wp-json\/wp\/v2\/media?parent=668"}],"curies":[{"name":"wp","href":"https:\/\/api.w.org\/{rel}","templated":true}]}}