{"id":673,"date":"2023-02-16T07:44:52","date_gmt":"2023-02-16T06:44:52","guid":{"rendered":"https:\/\/solum.hu\/?page_id=673"},"modified":"2023-08-25T15:54:03","modified_gmt":"2023-08-25T13:54:03","slug":"forschung-und-entwicklung-futterung","status":"publish","type":"page","link":"https:\/\/solum.hu\/de\/forschung-und-entwicklung\/forschung-und-entwicklung-futterung\/","title":{"rendered":"F\u00fctterung"},"content":{"rendered":"<div data-elementor-type=\"wp-page\" data-elementor-id=\"673\" class=\"elementor elementor-673\" data-elementor-post-type=\"page\">\n\t\t\t\t\t\t<section class=\"elementor-section elementor-top-section elementor-element elementor-element-ff4d729 elementor-section-boxed elementor-section-height-default elementor-section-height-default\" data-id=\"ff4d729\" data-element_type=\"section\">\n\t\t\t\t\t\t<div class=\"elementor-container elementor-column-gap-default\">\n\t\t\t\t\t<div class=\"elementor-column elementor-col-100 elementor-top-column elementor-element elementor-element-09bfe98\" data-id=\"09bfe98\" data-element_type=\"column\">\n\t\t\t<div class=\"elementor-widget-wrap elementor-element-populated\">\n\t\t\t\t\t\t\t<\/div>\n\t\t<\/div>\n\t\t\t\t\t<\/div>\n\t\t<\/section>\n\t\t\t\t<section class=\"elementor-section elementor-top-section elementor-element elementor-element-56dcc4d elementor-section-boxed elementor-section-height-default elementor-section-height-default\" data-id=\"56dcc4d\" data-element_type=\"section\">\n\t\t\t\t\t\t<div class=\"elementor-container elementor-column-gap-default\">\n\t\t\t\t\t<div class=\"elementor-column elementor-col-100 elementor-top-column elementor-element elementor-element-4600a6f\" data-id=\"4600a6f\" data-element_type=\"column\">\n\t\t\t<div class=\"elementor-widget-wrap elementor-element-populated\">\n\t\t\t\t\t\t<div class=\"elementor-element elementor-element-ba84b75 elementor-widget elementor-widget-text-editor\" data-id=\"ba84b75\" data-element_type=\"widget\" data-widget_type=\"text-editor.default\">\n\t\t\t\t<div class=\"elementor-widget-container\">\n\t\t\t\t\t\t\t\t\t<h4><img fetchpriority=\"high\" decoding=\"async\" class=\"alignright wp-image-1935\" src=\"https:\/\/solum.hu\/wp-content\/uploads\/2023\/07\/10_Gruppenfoto_144-300x200.jpg\" alt=\"\" width=\"400\" height=\"267\" srcset=\"https:\/\/solum.hu\/wp-content\/uploads\/2023\/07\/10_Gruppenfoto_144-300x200.jpg 300w, https:\/\/solum.hu\/wp-content\/uploads\/2023\/07\/10_Gruppenfoto_144-1280x853.jpg 1280w, https:\/\/solum.hu\/wp-content\/uploads\/2023\/07\/10_Gruppenfoto_144-768x512.jpg 768w, https:\/\/solum.hu\/wp-content\/uploads\/2023\/07\/10_Gruppenfoto_144-1536x1024.jpg 1536w, https:\/\/solum.hu\/wp-content\/uploads\/2023\/07\/10_Gruppenfoto_144-2048x1366.jpg 2048w, https:\/\/solum.hu\/wp-content\/uploads\/2023\/07\/10_Gruppenfoto_144-18x12.jpg 18w\" sizes=\"(max-width: 400px) 100vw, 400px\" \/>F\u00fctterungsforschung f\u00fcr nachhaltiges Wachstum<\/h4><p>Um eine effiziente und nachhaltige Milchproduktion zu gew\u00e4hrleisten, setzen wir auf zukunftsweisende Innovationen und ern\u00e4hrungsphysiologische Erkenntnisse. Dabei ber\u00fccksichtigen wir das Wohl unserer Tiere und optimieren die N\u00e4hrstoffversorgung entsprechend der Lebens- und Leistungsphase. Durch F\u00fctterungsversuche am Sano Agrar Institut entwickeln wir wissenschaftlich gepr\u00fcfte Futtermittel und F\u00fctterungskonzepte. Unsere Milchk\u00fche sind in modernen St\u00e4llen untergebracht, die mit Luftventilen, Duschtoren und automatisierter Wassersp\u00fclung ausgestattet sind, um den maximalen Komfort und die Gesundheit der Tiere zu f\u00f6rdern.\u00a0<\/p><p>A tejel\u0151 tehenek teljes\u00edtm\u00e9nye folyamatosan n\u00f6vekszik, ez\u00e9rt az optim\u00e1lis t\u00e1panyagell\u00e1t\u00e1s \u00e9let- \u00e9s teljes\u00edtm\u00e9ny f\u00e1zist\u00f3l f\u00fcgg\u0151en ma sokkal fontosabb, mint valaha. Ez\u00e9rt v\u00e9gz\u00fcnk folyamatosan k\u00fcl\u00f6nb\u00f6z\u0151 takarm\u00e1nyoz\u00e1si k\u00eds\u00e9rleteket a Sano Agrar Institutn\u00e1l. \u00cdgy a Sano az \u00e1llattart\u00f3k sz\u00e1m\u00e1ra kipr\u00f3b\u00e1lt, k\u00eds\u00e9rletekkel \u00e9s vizsg\u00e1latokkal al\u00e1t\u00e1masztott takarm\u00e1nykieg\u00e9sz\u00edt\u0151ket \u00e9s takarm\u00e1nyoz\u00e1si koncepci\u00f3t tud ny\u00fajtani.<\/p>\t\t\t\t\t\t\t\t<\/div>\n\t\t\t\t<\/div>\n\t\t\t\t\t<\/div>\n\t\t<\/div>\n\t\t\t\t\t<\/div>\n\t\t<\/section>\n\t\t\t\t<\/div>","protected":false},"excerpt":{"rendered":"<p>Takarm\u00e1nyoz\u00e1si k\u00eds\u00e9rletek a folyamatos fejl\u0151d\u00e9s\u00e9rt Az \u00e1llati takarm\u00e1nyok gazdas\u00e1gos \u00e9s hossz\u00fa t\u00e1v\u00fa el\u0151\u00e1ll\u00edt\u00e1sa \u00e9rdek\u00e9ben a tejtermel\u00e9sben tov\u00e1bbi hat\u00e9konys\u00e1gn\u00f6vel\u00e9s lehets\u00e9ges, \u00e9s sz\u00fcks\u00e9ges is. A sikeres \u00e9s fenntarthat\u00f3 tejtermel\u00e9s biztos\u00edt\u00e1s\u00e1hoz elengedhetetlen az \u00e1lland\u00f3 meg\u00fajul\u00e1s, mivel egyre szerte\u00e1gaz\u00f3bb kih\u00edv\u00e1sokkal \u00e1llunk szemben. Egyfel\u0151l fenntarthat\u00f3, gazdas\u00e1gos szarvasmarha teny\u00e9szt\u00e9sre \u00e9s tejtermel\u00e9sre van sz\u00fcks\u00e9g, m\u00e1sfel\u0151l viszont k\u00e9rd\u00e9ses, hogyan lehet hasznos\u00edtani a legfrissebb [&hellip;]<\/p>","protected":false},"author":1,"featured_media":1935,"parent":657,"menu_order":2,"comment_status":"closed","ping_status":"closed","template":"","meta":{"footnotes":""},"class_list":["post-673","page","type-page","status-publish","has-post-thumbnail","hentry"],"_links":{"self":[{"href":"https:\/\/solum.hu\/de\/wp-json\/wp\/v2\/pages\/673","targetHints":{"allow":["GET"]}}],"collection":[{"href":"https:\/\/solum.hu\/de\/wp-json\/wp\/v2\/pages"}],"about":[{"href":"https:\/\/solum.hu\/de\/wp-json\/wp\/v2\/types\/page"}],"author":[{"embeddable":true,"href":"https:\/\/solum.hu\/de\/wp-json\/wp\/v2\/users\/1"}],"replies":[{"embeddable":true,"href":"https:\/\/solum.hu\/de\/wp-json\/wp\/v2\/comments?post=673"}],"version-history":[{"count":4,"href":"https:\/\/solum.hu\/de\/wp-json\/wp\/v2\/pages\/673\/revisions"}],"predecessor-version":[{"id":2723,"href":"https:\/\/solum.hu\/de\/wp-json\/wp\/v2\/pages\/673\/revisions\/2723"}],"up":[{"embeddable":true,"href":"https:\/\/solum.hu\/de\/wp-json\/wp\/v2\/pages\/657"}],"wp:featuredmedia":[{"embeddable":true,"href":"https:\/\/solum.hu\/de\/wp-json\/wp\/v2\/media\/1935"}],"wp:attachment":[{"href":"https:\/\/solum.hu\/de\/wp-json\/wp\/v2\/media?parent=673"}],"curies":[{"name":"wp","href":"https:\/\/api.w.org\/{rel}","templated":true}]}}