{"id":678,"date":"2023-02-16T07:47:02","date_gmt":"2023-02-16T06:47:02","guid":{"rendered":"https:\/\/solum.hu\/?page_id=678"},"modified":"2023-08-25T15:55:31","modified_gmt":"2023-08-25T13:55:31","slug":"forschung-und-entwicklung-tierschutz","status":"publish","type":"page","link":"https:\/\/solum.hu\/de\/forschung-und-entwicklung\/forschung-und-entwicklung-tierschutz\/","title":{"rendered":"Tierschutz"},"content":{"rendered":"<div data-elementor-type=\"wp-page\" data-elementor-id=\"678\" class=\"elementor elementor-678\" data-elementor-post-type=\"page\">\n\t\t\t\t\t\t<section class=\"elementor-section elementor-top-section elementor-element elementor-element-603c7fe elementor-section-boxed elementor-section-height-default elementor-section-height-default\" data-id=\"603c7fe\" data-element_type=\"section\">\n\t\t\t\t\t\t<div class=\"elementor-container elementor-column-gap-default\">\n\t\t\t\t\t<div class=\"elementor-column elementor-col-100 elementor-top-column elementor-element elementor-element-d36a2da\" data-id=\"d36a2da\" data-element_type=\"column\">\n\t\t\t<div class=\"elementor-widget-wrap elementor-element-populated\">\n\t\t\t\t\t\t\t<\/div>\n\t\t<\/div>\n\t\t\t\t\t<\/div>\n\t\t<\/section>\n\t\t\t\t<section class=\"elementor-section elementor-top-section elementor-element elementor-element-621bf30 elementor-section-boxed elementor-section-height-default elementor-section-height-default\" data-id=\"621bf30\" data-element_type=\"section\">\n\t\t\t\t\t\t<div class=\"elementor-container elementor-column-gap-default\">\n\t\t\t\t\t<div class=\"elementor-column elementor-col-100 elementor-top-column elementor-element elementor-element-81fc823\" data-id=\"81fc823\" data-element_type=\"column\">\n\t\t\t<div class=\"elementor-widget-wrap elementor-element-populated\">\n\t\t\t\t\t\t<div class=\"elementor-element elementor-element-217a0b8 elementor-widget elementor-widget-text-editor\" data-id=\"217a0b8\" data-element_type=\"widget\" data-widget_type=\"text-editor.default\">\n\t\t\t\t<div class=\"elementor-widget-container\">\n\t\t\t\t\t\t\t\t\t<h4><img fetchpriority=\"high\" decoding=\"async\" class=\"alignright wp-image-1901\" src=\"https:\/\/solum.hu\/wp-content\/uploads\/2023\/07\/DSCN5806-300x225.jpg\" alt=\"\" width=\"400\" height=\"300\" srcset=\"https:\/\/solum.hu\/wp-content\/uploads\/2023\/07\/DSCN5806-300x225.jpg 300w, https:\/\/solum.hu\/wp-content\/uploads\/2023\/07\/DSCN5806-1280x960.jpg 1280w, https:\/\/solum.hu\/wp-content\/uploads\/2023\/07\/DSCN5806-768x576.jpg 768w, https:\/\/solum.hu\/wp-content\/uploads\/2023\/07\/DSCN5806-1536x1152.jpg 1536w, https:\/\/solum.hu\/wp-content\/uploads\/2023\/07\/DSCN5806-2048x1536.jpg 2048w, https:\/\/solum.hu\/wp-content\/uploads\/2023\/07\/DSCN5806-16x12.jpg 16w\" sizes=\"(max-width: 400px) 100vw, 400px\" \/>Hervorragendes Tierwohl ist die Grundlage f\u00fcr hohe Milchleistung.<\/h4><p>Nach dem Motto \u201eWenn es dem Tier gut geht, bringt es auch gute Leistungen\u201c legen wir bei SOLUM gro\u00dfen Wert auf den Komfort unserer Tiere. In unseren modernen St\u00e4llen sind die K\u00fche in Liegeboxen untergebracht, die mit Bel\u00fcftungssystemen, Luftbefeuchtern und Duschtoren ausgestattet sind. In den \u00e4lteren St\u00e4llen setzen wir auf Tiefstreutechnik, wobei wir t\u00e4glich frisches Stroh einstreuen. Unsere neuen St\u00e4lle verf\u00fcgen \u00fcber eine automatische Wassersp\u00fclanlage, um optimale Hygienebedingungen zu gew\u00e4hrleisten. So schaffen wir die bestm\u00f6glichen Bedingungen f\u00fcr die Gesundheit und das Wohlbefinden unserer Tiere, was wiederum zu hervorragenden Leistungen f\u00fchrt.<\/p>\t\t\t\t\t\t\t\t<\/div>\n\t\t\t\t<\/div>\n\t\t\t\t\t<\/div>\n\t\t<\/div>\n\t\t\t\t\t<\/div>\n\t\t<\/section>\n\t\t\t\t<\/div>","protected":false},"excerpt":{"rendered":"<p>Nagy teljes\u00edtm\u00e9nyhez kiemelked\u0151 \u00e1llatj\u00f3l\u00e9t sz\u00fcks\u00e9ges Ha j\u00f3l \u00e9rzi mag\u00e1t az \u00e1llat j\u00f3l termel \u2013 tartja a n\u00e9pszer\u0171 mond\u00e1s. Ennek f\u00e9ny\u00e9ben igyeksz\u00fcnk a SOLUM tehen\u00e9szeteiben \u00e1llataink sz\u00e1m\u00e1ra maxim\u00e1lis komfortot biztos\u00edtani. A teh\u00e9n\u00e1llom\u00e1ny korszer\u0171 pihen\u0151boxos ist\u00e1ll\u00f3kban van elhelyezve, melyekben ventill\u00e1ci\u00f3s rendszer, p\u00e1r\u00e1s\u00edt\u00f3 vagy zuhanykapu m\u0171k\u00f6dik. A r\u00e9gebbi ist\u00e1ll\u00f3kban m\u00e9lyalmos technol\u00f3gi\u00e1t alkalmazunk, melyekben szalm\u00e1val naponta almozunk. Az \u00fajabb [&hellip;]<\/p>","protected":false},"author":1,"featured_media":1901,"parent":657,"menu_order":3,"comment_status":"closed","ping_status":"closed","template":"","meta":{"footnotes":""},"class_list":["post-678","page","type-page","status-publish","has-post-thumbnail","hentry"],"_links":{"self":[{"href":"https:\/\/solum.hu\/de\/wp-json\/wp\/v2\/pages\/678","targetHints":{"allow":["GET"]}}],"collection":[{"href":"https:\/\/solum.hu\/de\/wp-json\/wp\/v2\/pages"}],"about":[{"href":"https:\/\/solum.hu\/de\/wp-json\/wp\/v2\/types\/page"}],"author":[{"embeddable":true,"href":"https:\/\/solum.hu\/de\/wp-json\/wp\/v2\/users\/1"}],"replies":[{"embeddable":true,"href":"https:\/\/solum.hu\/de\/wp-json\/wp\/v2\/comments?post=678"}],"version-history":[{"count":4,"href":"https:\/\/solum.hu\/de\/wp-json\/wp\/v2\/pages\/678\/revisions"}],"predecessor-version":[{"id":2726,"href":"https:\/\/solum.hu\/de\/wp-json\/wp\/v2\/pages\/678\/revisions\/2726"}],"up":[{"embeddable":true,"href":"https:\/\/solum.hu\/de\/wp-json\/wp\/v2\/pages\/657"}],"wp:featuredmedia":[{"embeddable":true,"href":"https:\/\/solum.hu\/de\/wp-json\/wp\/v2\/media\/1901"}],"wp:attachment":[{"href":"https:\/\/solum.hu\/de\/wp-json\/wp\/v2\/media?parent=678"}],"curies":[{"name":"wp","href":"https:\/\/api.w.org\/{rel}","templated":true}]}}