{"id":684,"date":"2023-02-16T07:48:36","date_gmt":"2023-02-16T06:48:36","guid":{"rendered":"https:\/\/solum.hu\/?page_id=684"},"modified":"2023-08-25T15:56:26","modified_gmt":"2023-08-25T13:56:26","slug":"forschung-und-entwicklung-tiergesundheit","status":"publish","type":"page","link":"https:\/\/solum.hu\/de\/forschung-und-entwicklung\/forschung-und-entwicklung-tiergesundheit\/","title":{"rendered":"Tiergesundheit"},"content":{"rendered":"<div data-elementor-type=\"wp-page\" data-elementor-id=\"684\" class=\"elementor elementor-684\" data-elementor-post-type=\"page\">\n\t\t\t\t\t\t<section class=\"elementor-section elementor-top-section elementor-element elementor-element-444a39f elementor-section-boxed elementor-section-height-default elementor-section-height-default\" data-id=\"444a39f\" data-element_type=\"section\">\n\t\t\t\t\t\t<div class=\"elementor-container elementor-column-gap-default\">\n\t\t\t\t\t<div class=\"elementor-column elementor-col-100 elementor-top-column elementor-element elementor-element-5c5c9b1\" data-id=\"5c5c9b1\" data-element_type=\"column\">\n\t\t\t<div class=\"elementor-widget-wrap elementor-element-populated\">\n\t\t\t\t\t\t\t<\/div>\n\t\t<\/div>\n\t\t\t\t\t<\/div>\n\t\t<\/section>\n\t\t\t\t<section class=\"elementor-section elementor-top-section elementor-element elementor-element-6df30de elementor-section-boxed elementor-section-height-default elementor-section-height-default\" data-id=\"6df30de\" data-element_type=\"section\">\n\t\t\t\t\t\t<div class=\"elementor-container elementor-column-gap-default\">\n\t\t\t\t\t<div class=\"elementor-column elementor-col-100 elementor-top-column elementor-element elementor-element-eaa2988\" data-id=\"eaa2988\" data-element_type=\"column\">\n\t\t\t<div class=\"elementor-widget-wrap elementor-element-populated\">\n\t\t\t\t\t\t<div class=\"elementor-element elementor-element-17e4712 elementor-widget elementor-widget-text-editor\" data-id=\"17e4712\" data-element_type=\"widget\" data-widget_type=\"text-editor.default\">\n\t\t\t\t<div class=\"elementor-widget-container\">\n\t\t\t\t\t\t\t\t\t<p><img fetchpriority=\"high\" decoding=\"async\" class=\"alignright wp-image-1889\" src=\"https:\/\/solum.hu\/wp-content\/uploads\/2023\/07\/IMG_0198-300x225.jpeg\" alt=\"\" width=\"400\" height=\"300\" srcset=\"https:\/\/solum.hu\/wp-content\/uploads\/2023\/07\/IMG_0198-300x225.jpeg 300w, https:\/\/solum.hu\/wp-content\/uploads\/2023\/07\/IMG_0198-1280x960.jpeg 1280w, https:\/\/solum.hu\/wp-content\/uploads\/2023\/07\/IMG_0198-768x576.jpeg 768w, https:\/\/solum.hu\/wp-content\/uploads\/2023\/07\/IMG_0198-1536x1152.jpeg 1536w, https:\/\/solum.hu\/wp-content\/uploads\/2023\/07\/IMG_0198-2048x1536.jpeg 2048w, https:\/\/solum.hu\/wp-content\/uploads\/2023\/07\/IMG_0198-16x12.jpeg 16w\" sizes=\"(max-width: 400px) 100vw, 400px\" \/>Tiergesundheit als Grundlage f\u00fcr Langlebigkeit.\nEine ausgezeichnete Tiergesundheit ist entscheidend f\u00fcr die Wirtschaftlichkeit der Milchproduktion. Unser Fokus liegt auf Hygiene, Pr\u00e4vention und schneller tier\u00e4rztlicher Versorgung bei Bedarf. Durch die Entwicklung eines eigenen Tiergesundheitssystems minimieren wir Krankheiten und Verluste und verl\u00e4ngern die Lebensdauer unserer Tiere.<\/p>\t\t\t\t\t\t\t\t<\/div>\n\t\t\t\t<\/div>\n\t\t\t\t\t<\/div>\n\t\t<\/div>\n\t\t\t\t\t<\/div>\n\t\t<\/section>\n\t\t\t\t<\/div>","protected":false},"excerpt":{"rendered":"<p>Tiergesundheit als Grundlage f\u00fcr Langlebigkeit.\nEine ausgezeichnete Tiergesundheit ist entscheidend f\u00fcr die Wirtschaftlichkeit der Milchproduktion. Unser Fokus liegt auf Hygiene, Pr\u00e4vention und schneller tier\u00e4rztlicher Versorgung bei Bedarf. Durch die Entwicklung eines eigenen Tiergesundheitssystems minimieren wir Krankheiten und Verluste und verl\u00e4ngern die Lebensdauer unserer Tiere.<\/p>","protected":false},"author":1,"featured_media":1889,"parent":657,"menu_order":4,"comment_status":"closed","ping_status":"closed","template":"","meta":{"footnotes":""},"class_list":["post-684","page","type-page","status-publish","has-post-thumbnail","hentry"],"_links":{"self":[{"href":"https:\/\/solum.hu\/de\/wp-json\/wp\/v2\/pages\/684","targetHints":{"allow":["GET"]}}],"collection":[{"href":"https:\/\/solum.hu\/de\/wp-json\/wp\/v2\/pages"}],"about":[{"href":"https:\/\/solum.hu\/de\/wp-json\/wp\/v2\/types\/page"}],"author":[{"embeddable":true,"href":"https:\/\/solum.hu\/de\/wp-json\/wp\/v2\/users\/1"}],"replies":[{"embeddable":true,"href":"https:\/\/solum.hu\/de\/wp-json\/wp\/v2\/comments?post=684"}],"version-history":[{"count":4,"href":"https:\/\/solum.hu\/de\/wp-json\/wp\/v2\/pages\/684\/revisions"}],"predecessor-version":[{"id":2729,"href":"https:\/\/solum.hu\/de\/wp-json\/wp\/v2\/pages\/684\/revisions\/2729"}],"up":[{"embeddable":true,"href":"https:\/\/solum.hu\/de\/wp-json\/wp\/v2\/pages\/657"}],"wp:featuredmedia":[{"embeddable":true,"href":"https:\/\/solum.hu\/de\/wp-json\/wp\/v2\/media\/1889"}],"wp:attachment":[{"href":"https:\/\/solum.hu\/de\/wp-json\/wp\/v2\/media?parent=684"}],"curies":[{"name":"wp","href":"https:\/\/api.w.org\/{rel}","templated":true}]}}