{"id":689,"date":"2023-02-16T07:49:57","date_gmt":"2023-02-16T06:49:57","guid":{"rendered":"https:\/\/solum.hu\/?page_id=689"},"modified":"2023-08-25T15:57:12","modified_gmt":"2023-08-25T13:57:12","slug":"forschung-und-entwicklung-ausbildung","status":"publish","type":"page","link":"https:\/\/solum.hu\/de\/forschung-und-entwicklung\/forschung-und-entwicklung-ausbildung\/","title":{"rendered":"Ausbildung"},"content":{"rendered":"<div data-elementor-type=\"wp-page\" data-elementor-id=\"689\" class=\"elementor elementor-689\" data-elementor-post-type=\"page\">\n\t\t\t\t\t\t<section class=\"elementor-section elementor-top-section elementor-element elementor-element-c9ad9ac elementor-section-boxed elementor-section-height-default elementor-section-height-default\" data-id=\"c9ad9ac\" data-element_type=\"section\">\n\t\t\t\t\t\t<div class=\"elementor-container elementor-column-gap-default\">\n\t\t\t\t\t<div class=\"elementor-column elementor-col-100 elementor-top-column elementor-element elementor-element-d9561dc\" data-id=\"d9561dc\" data-element_type=\"column\">\n\t\t\t<div class=\"elementor-widget-wrap elementor-element-populated\">\n\t\t\t\t\t\t\t<\/div>\n\t\t<\/div>\n\t\t\t\t\t<\/div>\n\t\t<\/section>\n\t\t\t\t<section class=\"elementor-section elementor-top-section elementor-element elementor-element-f30d704 elementor-section-boxed elementor-section-height-default elementor-section-height-default\" data-id=\"f30d704\" data-element_type=\"section\">\n\t\t\t\t\t\t<div class=\"elementor-container elementor-column-gap-default\">\n\t\t\t\t\t<div class=\"elementor-column elementor-col-100 elementor-top-column elementor-element elementor-element-62ce98b\" data-id=\"62ce98b\" data-element_type=\"column\">\n\t\t\t<div class=\"elementor-widget-wrap elementor-element-populated\">\n\t\t\t\t\t\t<div class=\"elementor-element elementor-element-c1598ca elementor-widget elementor-widget-text-editor\" data-id=\"c1598ca\" data-element_type=\"widget\" data-widget_type=\"text-editor.default\">\n\t\t\t\t<div class=\"elementor-widget-container\">\n\t\t\t\t\t\t\t\t\t<h4><img fetchpriority=\"high\" decoding=\"async\" class=\"alignright wp-image-1939\" src=\"https:\/\/solum.hu\/wp-content\/uploads\/2023\/07\/DSCN5400-300x225.jpg\" alt=\"\" width=\"400\" height=\"300\" srcset=\"https:\/\/solum.hu\/wp-content\/uploads\/2023\/07\/DSCN5400-300x225.jpg 300w, https:\/\/solum.hu\/wp-content\/uploads\/2023\/07\/DSCN5400-1280x960.jpg 1280w, https:\/\/solum.hu\/wp-content\/uploads\/2023\/07\/DSCN5400-768x576.jpg 768w, https:\/\/solum.hu\/wp-content\/uploads\/2023\/07\/DSCN5400-1536x1152.jpg 1536w, https:\/\/solum.hu\/wp-content\/uploads\/2023\/07\/DSCN5400-2048x1536.jpg 2048w, https:\/\/solum.hu\/wp-content\/uploads\/2023\/07\/DSCN5400-16x12.jpg 16w\" sizes=\"(max-width: 400px) 100vw, 400px\" \/>Wissen ist die Basis f\u00fcr Fortschritt und Erfolg.<\/h4><p>Bei SOLUM AG setzen wir deshalb auf eine kontinuierliche Weiterbildung unserer Mitarbeiter. Durch gezielte Schulungsprogramme f\u00f6rdern wir sowohl die fachliche als auch pers\u00f6nliche Entwicklung unserer Kollegen, um sicherzustellen, dass sie stets auf dem neuesten Stand der Technik und des Wissens sind.<\/p><p>Zus\u00e4tzlich bieten wir im Rahmen der Sano Akademie hochkar\u00e4tige Weiterbildungsprogramme f\u00fcr unsere Gesch\u00e4ftspartner, Mitarbeiter und Handelspartner an. Experten aus den Bereichen Tierern\u00e4hrung, Tiergesundheit, Technik und Management vermitteln aktuelles Wissen und bereiten die Teilnehmer auf die Herausforderungen der modernen Nutztierhaltung vor.<\/p><p>Auch die Ausbildung der n\u00e4chsten Generation liegt uns am Herzen. Deshalb engagieren wir uns aktiv in der Berufsausbildung vor Ort und kooperieren mit der Istv\u00e1n Sz\u00e9chenyi-Universit\u00e4t in Gy\u0151r. So sorgen wir f\u00fcr eine nachhaltige Wissensvermittlung und st\u00e4rken die Zukunft der Landwirtschaft.<\/p>\t\t\t\t\t\t\t\t<\/div>\n\t\t\t\t<\/div>\n\t\t\t\t\t<\/div>\n\t\t<\/div>\n\t\t\t\t\t<\/div>\n\t\t<\/section>\n\t\t\t\t<\/div>","protected":false},"excerpt":{"rendered":"<p>Kiemelked\u0151 tud\u00e1ssal mindig l\u00e9p\u00e9sel\u0151nyben A SOLUM Zrt-n\u00e9l elk\u00f6telezettek vagyunk munkat\u00e1rsaink folyamatos k\u00e9pz\u00e9s\u00e9ben. A c\u00e9lir\u00e1nyos oktat\u00e1si \u00e9s tov\u00e1bbk\u00e9pz\u00e9si programok lehet\u0151s\u00e9get ny\u00fajtanak koll\u00e9g\u00e1inknak, hogy szakmailag \u00e9s szem\u00e9lyesen is tov\u00e1bbfejl\u0151djenek. \u00cdgy biztos\u00edtjuk, hogy munkat\u00e1rsaink rendelkezzenek a legfrissebb szakmai tud\u00e1ssal, annak \u00e9rdek\u00e9ben, hogy a mindennapi feladatok elv\u00e9gz\u00e9se k\u00f6zben ad\u00f3d\u00f3 kih\u00edv\u00e1sokra optim\u00e1lis megold\u00e1st tal\u00e1ljanak. A Sano Akad\u00e9mia keret\u00e9ben gazd\u00e1lkod\u00f3 partnereinknek, [&hellip;]<\/p>","protected":false},"author":1,"featured_media":1939,"parent":657,"menu_order":5,"comment_status":"closed","ping_status":"closed","template":"","meta":{"footnotes":""},"class_list":["post-689","page","type-page","status-publish","has-post-thumbnail","hentry"],"_links":{"self":[{"href":"https:\/\/solum.hu\/de\/wp-json\/wp\/v2\/pages\/689","targetHints":{"allow":["GET"]}}],"collection":[{"href":"https:\/\/solum.hu\/de\/wp-json\/wp\/v2\/pages"}],"about":[{"href":"https:\/\/solum.hu\/de\/wp-json\/wp\/v2\/types\/page"}],"author":[{"embeddable":true,"href":"https:\/\/solum.hu\/de\/wp-json\/wp\/v2\/users\/1"}],"replies":[{"embeddable":true,"href":"https:\/\/solum.hu\/de\/wp-json\/wp\/v2\/comments?post=689"}],"version-history":[{"count":4,"href":"https:\/\/solum.hu\/de\/wp-json\/wp\/v2\/pages\/689\/revisions"}],"predecessor-version":[{"id":2732,"href":"https:\/\/solum.hu\/de\/wp-json\/wp\/v2\/pages\/689\/revisions\/2732"}],"up":[{"embeddable":true,"href":"https:\/\/solum.hu\/de\/wp-json\/wp\/v2\/pages\/657"}],"wp:featuredmedia":[{"embeddable":true,"href":"https:\/\/solum.hu\/de\/wp-json\/wp\/v2\/media\/1939"}],"wp:attachment":[{"href":"https:\/\/solum.hu\/de\/wp-json\/wp\/v2\/media?parent=689"}],"curies":[{"name":"wp","href":"https:\/\/api.w.org\/{rel}","templated":true}]}}