{"id":893,"date":"2023-02-16T17:49:53","date_gmt":"2023-02-16T16:49:53","guid":{"rendered":"https:\/\/solum.hu\/?page_id=893"},"modified":"2023-08-22T18:29:49","modified_gmt":"2023-08-22T16:29:49","slug":"impressum","status":"publish","type":"page","link":"https:\/\/solum.hu\/de\/impressum\/","title":{"rendered":"Impressum"},"content":{"rendered":"<div data-elementor-type=\"wp-page\" data-elementor-id=\"893\" class=\"elementor elementor-893\" data-elementor-post-type=\"page\">\n\t\t\t\t\t\t<section class=\"elementor-section elementor-top-section elementor-element elementor-element-fc77c33 elementor-section-boxed elementor-section-height-default elementor-section-height-default\" data-id=\"fc77c33\" data-element_type=\"section\">\n\t\t\t\t\t\t<div class=\"elementor-container elementor-column-gap-default\">\n\t\t\t\t\t<div class=\"elementor-column elementor-col-100 elementor-top-column elementor-element elementor-element-deda859\" data-id=\"deda859\" data-element_type=\"column\">\n\t\t\t<div class=\"elementor-widget-wrap elementor-element-populated\">\n\t\t\t\t\t\t\t<\/div>\n\t\t<\/div>\n\t\t\t\t\t<\/div>\n\t\t<\/section>\n\t\t\t\t<section class=\"elementor-section elementor-top-section elementor-element elementor-element-2f9a46e elementor-section-boxed elementor-section-height-default elementor-section-height-default\" data-id=\"2f9a46e\" data-element_type=\"section\">\n\t\t\t\t\t\t<div class=\"elementor-container elementor-column-gap-default\">\n\t\t\t\t\t<div class=\"elementor-column elementor-col-100 elementor-top-column elementor-element elementor-element-5dd3833\" data-id=\"5dd3833\" data-element_type=\"column\">\n\t\t\t<div class=\"elementor-widget-wrap elementor-element-populated\">\n\t\t\t\t\t\t<div class=\"elementor-element elementor-element-b115c58 elementor-widget elementor-widget-text-editor\" data-id=\"b115c58\" data-element_type=\"widget\" data-widget_type=\"text-editor.default\">\n\t\t\t\t<div class=\"elementor-widget-container\">\n\t\t\t\t\t\t\t\t\t<p><strong>Herausgeber:<\/strong><br \/>SOLUM Zrt.<br \/>H-2900 Kom\u00e1rom, V\u00e1rosmajor u. 30.<br \/>Telefon:\u00a0<span style=\"transition: color 0.3s;\">06-34\/540-<\/span><span style=\"transition: color 0.3s;\">670<\/span><br \/>Telefax:\u00a0<span style=\"transition: color 0.3s;\">06-34<\/span><span style=\"transition: color 0.3s;\">\/<\/span><span style=\"transition: color 0.3s;\">344<\/span><span style=\"transition: color 0.3s;\">-001<br \/><\/span>E-Mail:\u00a0<a style=\"background-color: #ffffff; caret-color: #000000; color: var( --e-global-color-text ); align-items: baseline; width: 620px; justify-content: flex-start;\" data-enc-email=\"fbyhzvasb[at]fbyhz.uh\" data-wpel-link=\"ignore\"><span style=\"transition: color 0.3s;\">soluminfo@solum.hu<\/span><\/a><\/p><div><div><p>Steuernummer: 10509469-2-11<br \/>Firmenregisternummer: 11-10-001367, eingetragen beim Registergericht Tatab\u00e1nya<\/p><\/div><\/div><div><div><p>Die Nutzung s\u00e4mtlicher Inhalte und sonstiger Informationen durch SOLUM Zrt. ist ohne schriftliche Genehmigung verboten. Alle auf dieser Website angezeigten Marken sind Eigentum der jeweiligen Unternehmen. \u00c4nderungen vorbehalten.<\/p><p>Haftungshinweis: Trotz sorgf\u00e4ltiger inhaltlicher Kontrolle \u00fcbernehmen wir keine Haftung f\u00fcr die Inhalte externer Links.<\/p><\/div><\/div>\t\t\t\t\t\t\t\t<\/div>\n\t\t\t\t<\/div>\n\t\t\t\t\t<\/div>\n\t\t<\/div>\n\t\t\t\t\t<\/div>\n\t\t<\/section>\n\t\t\t\t<\/div>","protected":false},"excerpt":{"rendered":"<p>Kiad\u00f3:SOLUM Zrt.H-2900 Kom\u00e1rom, V\u00e1rosmajor u. 30.Telefon:\u00a006-34\/540-670Telefax:\u00a006-34\/344-001E-Mail:\u00a0soluminfo@solum.hu Ad\u00f3sz\u00e1m: 10509469-2-11C\u00e9gjegyz\u00e9ksz\u00e1m: 11-10-001367, vezetve a Tatab\u00e1nyai T\u00f6rv\u00e9nysz\u00e9k C\u00e9gb\u00edr\u00f3s\u00e1g\u00e1n Mindennem\u0171 tartalom \u00e9s egy\u00e9b inform\u00e1ci\u00f3k felhaszn\u00e1l\u00e1sa a SOLUM Zrt. \u00edr\u00e1sbeli enged\u00e9lye n\u00e9lk\u00fcl tilos. Minden, ezen a honlapon felt\u00fcntetett m\u00e1rkajelz\u00e9s a mindenkori v\u00e1llalatok tulajdona. V\u00e1ltoztat\u00e1s joga fenntartva. Felel\u0151ss\u00e9g: A gondos tartalmi ellen\u0151rz\u00e9s ellen\u00e9re a kapcsol\u00f3d\u00f3 k\u00fcls\u0151 linkek tartalm\u00e1t illet\u0151en nem v\u00e1llalunk felel\u0151ss\u00e9get.<\/p>","protected":false},"author":1,"featured_media":0,"parent":0,"menu_order":0,"comment_status":"closed","ping_status":"closed","template":"","meta":{"footnotes":""},"class_list":["post-893","page","type-page","status-publish","hentry"],"_links":{"self":[{"href":"https:\/\/solum.hu\/de\/wp-json\/wp\/v2\/pages\/893","targetHints":{"allow":["GET"]}}],"collection":[{"href":"https:\/\/solum.hu\/de\/wp-json\/wp\/v2\/pages"}],"about":[{"href":"https:\/\/solum.hu\/de\/wp-json\/wp\/v2\/types\/page"}],"author":[{"embeddable":true,"href":"https:\/\/solum.hu\/de\/wp-json\/wp\/v2\/users\/1"}],"replies":[{"embeddable":true,"href":"https:\/\/solum.hu\/de\/wp-json\/wp\/v2\/comments?post=893"}],"version-history":[{"count":4,"href":"https:\/\/solum.hu\/de\/wp-json\/wp\/v2\/pages\/893\/revisions"}],"predecessor-version":[{"id":2373,"href":"https:\/\/solum.hu\/de\/wp-json\/wp\/v2\/pages\/893\/revisions\/2373"}],"wp:attachment":[{"href":"https:\/\/solum.hu\/de\/wp-json\/wp\/v2\/media?parent=893"}],"curies":[{"name":"wp","href":"https:\/\/api.w.org\/{rel}","templated":true}]}}