{"id":94,"date":"2023-02-13T17:21:04","date_gmt":"2023-02-13T16:21:04","guid":{"rendered":"https:\/\/solum.hu\/?page_id=94"},"modified":"2025-07-25T13:53:24","modified_gmt":"2025-07-25T11:53:24","slug":"tierhaltung-standort-csem","status":"publish","type":"page","link":"https:\/\/solum.hu\/de\/tierhaltung\/viehzuchtbetriebe\/tierhaltung-standort-csem\/","title":{"rendered":"Tierhaltung \u2013 Standort Cs\u00e9m"},"content":{"rendered":"<div data-elementor-type=\"wp-page\" data-elementor-id=\"94\" class=\"elementor elementor-94\" data-elementor-post-type=\"page\">\n\t\t\t\t\t\t<section class=\"elementor-section elementor-top-section elementor-element elementor-element-f72008c elementor-section-boxed elementor-section-height-default elementor-section-height-default\" data-id=\"f72008c\" data-element_type=\"section\">\n\t\t\t\t\t\t<div class=\"elementor-container elementor-column-gap-default\">\n\t\t\t\t\t<div class=\"elementor-column elementor-col-100 elementor-top-column elementor-element elementor-element-c9c784c\" data-id=\"c9c784c\" data-element_type=\"column\">\n\t\t\t<div class=\"elementor-widget-wrap elementor-element-populated\">\n\t\t\t\t\t\t\t<\/div>\n\t\t<\/div>\n\t\t\t\t\t<\/div>\n\t\t<\/section>\n\t\t\t\t<section class=\"elementor-section elementor-top-section elementor-element elementor-element-96fd2f2 elementor-section-boxed elementor-section-height-default elementor-section-height-default\" data-id=\"96fd2f2\" data-element_type=\"section\">\n\t\t\t\t\t\t<div class=\"elementor-container elementor-column-gap-default\">\n\t\t\t\t\t<div class=\"elementor-column elementor-col-100 elementor-top-column elementor-element elementor-element-beccd5e\" data-id=\"beccd5e\" data-element_type=\"column\">\n\t\t\t<div class=\"elementor-widget-wrap elementor-element-populated\">\n\t\t\t\t\t\t<div class=\"elementor-element elementor-element-043e72d elementor-widget elementor-widget-text-editor\" data-id=\"043e72d\" data-element_type=\"widget\" data-widget_type=\"text-editor.default\">\n\t\t\t\t<div class=\"elementor-widget-container\">\n\t\t\t\t\t\t\t\t\t<p><img fetchpriority=\"high\" decoding=\"async\" class=\"alignright wp-image-3058\" src=\"https:\/\/solum.hu\/wp-content\/uploads\/2025\/07\/4c-RET_20240514_165808_web-1280x577.jpg\" alt=\"\" width=\"600\" height=\"270\" srcset=\"https:\/\/solum.hu\/wp-content\/uploads\/2025\/07\/4c-RET_20240514_165808_web-1280x577.jpg 1280w, https:\/\/solum.hu\/wp-content\/uploads\/2025\/07\/4c-RET_20240514_165808_web-300x135.jpg 300w, https:\/\/solum.hu\/wp-content\/uploads\/2025\/07\/4c-RET_20240514_165808_web-768x346.jpg 768w, https:\/\/solum.hu\/wp-content\/uploads\/2025\/07\/4c-RET_20240514_165808_web-1536x692.jpg 1536w, https:\/\/solum.hu\/wp-content\/uploads\/2025\/07\/4c-RET_20240514_165808_web-2048x923.jpg 2048w, https:\/\/solum.hu\/wp-content\/uploads\/2025\/07\/4c-RET_20240514_165808_web-18x8.jpg 18w\" sizes=\"(max-width: 600px) 100vw, 600px\" \/><\/p><p>Der Milchviehbetrieb in Cs\u00e9m wurde 1976 im \u201eCalifornia Style\u201c gebaut und erstreckt sich \u00fcber eine Fl\u00e4che von mehr als 10 Hektar und wurde mehrmals umgebaut. Im Jahr 2022 erhielten wir im Rahmen des ATK-Subventionsprojekts F\u00f6rdermittel f\u00fcr den Bau von zwei neuen Kuhst\u00e4llen und eines neuen Melkhauses. Die St\u00e4lle bieten Platz f\u00fcr jeweils 600 K\u00fche, w\u00e4hrend das Melkhaus mit dem Boumatic Xpressway ausgestattet ist und \u00fcber zweimal 24 Melkpl\u00e4tze verf\u00fcgt.<\/p><p>\u00a0<\/p><p><strong>Ger\u00e4umige St\u00e4lle f\u00fcr eine leistungsf\u00e4hige Herde<\/strong><\/p><p>So entstanden an der Nordseite des Betriebsgel\u00e4ndes innerhalb zweieinhalbj\u00e4hriger Bauzeit zwei neue Boxenlaufst\u00e4lle mit jeweils 600 Tierpl\u00e4tzen und dazwischen ein neues Melkzentrum. Beide Kuhst\u00e4lle haben eine L\u00e4nge von 200 Metern und sind mit 30,5 Metern Breite als Doppel-2-Reiher mit mittigem Futtertisch gebaut. Bei der Dimensionierung der St\u00e4lle hat man sich bewusst an den praxisbew\u00e4hrten Ma\u00dfen der St\u00e4lle im Sano Agrar Institut am Standort Kom\u00e1rom orientiert und diese \u00fcbernommen. So auch die Schwanz-zu-Schwanz-Anordnung der beiden Liegeboxen-Reihen, die auch niederrangingen Tieren ein stressfreies Abliegen erm\u00f6glicht. Jeder der beiden St\u00e4lle ist in vier Haltungsgruppen zu je 150 Tieren aufgeteilt. Zum Melken gelangen die K\u00fche \u00fcber einen Treibgang, der die Boxenlaufst\u00e4lle mittig mit dem Melkzentrum verbindet. Die Laufg\u00e4nge sind planbefestigt betoniert mit eingepr\u00e4gter L\u00e4ngsrillenstruktur. Die Reinigung der G\u00e4nge erfolgt \u00fcber kettengezogene Schieber zur Mitte des Stalls. Von den dort gelegenen Abwurfsch\u00e4chten flie\u00dft die G\u00fclle \u00fcber Querkan\u00e4le in einen Sammelbeh\u00e4lter. Aus diesem wird die G\u00fclle zu vier Pressschneckenseparatoren gepumpt und separiert. Zur Lagerung der Fl\u00fcssiganteile wurde eine neue Lagune mit 20.000 m\u00b3 Lagerkapazit\u00e4t gebaut.<sup>3<\/sup>-es homogeniz\u00e1l\u00f3ba ker\u00fcl. A homogeniz\u00e1lt anyagot szepar\u00e1ljuk \u00e9s a szil\u00e1rd f\u00e1zissal p\u00f3toljuk a boxokat sz\u00fcks\u00e9g szerint. A h\u00edgf\u00e1zis sz\u0171r\u00e9s ut\u00e1n egy 20 000 m<sup>3<\/sup>-es gy\u0171jt\u0151be ker\u00fcl, amit center seg\u00edts\u00e9g\u00e9vel juttatunk ki.<\/p><p>\u00a0<\/p><p><strong>Frische Luft und weiche Betten<\/strong><\/p><p>Besonders im Bereich Tierkomfort und Stallklima verschafft der Neubau uns viele Vorteile. So wird sich die t\u00e4gliche Laufstrecke der K\u00fche mehr als halbieren. Durch die Architektur der St\u00e4lle mit 12,5 Metern Firsth\u00f6he verf\u00fcgen die St\u00e4lle \u00fcber ein gro\u00dfz\u00fcgiges Luftvolumen. Ventilatoren \u00fcber dem Fressgang und den Liegebereichen sorgen in Kombination mit den Curtain-Seitenw\u00e4nden und dem L\u00fcftungsfirst f\u00fcr viel Luftbewegung und Frischluftzufuhr. Besonders f\u00fcr die hei\u00dfen ungarischen Sommermonate sind Kuhduschen \u00fcber den Fressgittern zur zus\u00e4tzlichen K\u00fchlung installiert. Die Liegeboxen sind als Tiefboxen mit Stroh-Kalk-Einstreu angelegt. Mittelfristig ist hier der Einsatz von Feststoffen aus der Separation vorgesehen.<\/p><p>\u00a0<\/p><p><strong>Ger\u00e4uscharmes Melken und moderne Sensorik<\/strong><\/p><p>Gemolken werden die 1.200 K\u00fche fortan dreimal t\u00e4glich in einem Doppel-24er Side-by-Side BouMatic Xpressway Melkstand. Eine Besonderheit ist der Keller unter der Melkgrube, wo Milchmengenmessung und \u201eger\u00e4uschintensive\u201c Technik verbaut sind. Dies schafft eine angenehm ruhige und stressfreie Atmosph\u00e4re f\u00fcr Mensch und Tier. Mit der Neuinstallation von BouMatic RealTime Activity in Cs\u00e9m h\u00e4lt auch das erste vollumf\u00e4ngliche Brunsterkennungs- und Gesundheits\u00fcberwachungssystem Einzug im Sano Agrar Institut Rind. \u00dcber Halsbandsensoren werden so k\u00fcnftig Tieraktivit\u00e4t, Futteraufnahme- und Wiederk\u00e4uverhalten erfasst. In Kombination mit der automatischen Milchmengenmessung und Tierselektion am Melkstand-R\u00fccktrieb machen wir damit einen gro\u00dfen Schritt in Richtung digitalem Herdenmanagement. Im R\u00fccktrieb vom Melkstand ist au\u00dferdem ein Klauenbad mit Bef\u00fcll- und Reinigungsautomatik installiert. F\u00fcr Reproma\u00dfnahmen wie Besamungen und Tr\u00e4chtigkeitsuntersuchungen oder andere Herdenprophylaxen ist der gesamte Stall mit Sicherheits-Fangfressgittern ausgestattet. Dies hat sich am Standort Kom\u00e1rom \u00fcber Jahrzehnte bew\u00e4hrt und erm\u00f6glicht eine schnelle und einfache Arbeit in den Gruppen \u2013 sicher und stressfrei f\u00fcr Mensch und Tier.<\/p><p>\u00a0<\/p><p><strong>F\u00fctterung<\/strong><\/p><p>Das Grundfutter unserer K\u00fche besteht haupts\u00e4chlich aus Silomais und Roggen. Dank der engen Zusammenarbeit mit ungarischen und deutschen Fachberatern wurde die F\u00fctterung an die spezifischen Bed\u00fcrfnisse unseres Betriebs und der Tiere angepasst. Dies zeigt sich in der hohen Leistung unserer Herde \u2013 mit einer durchschnittlichen Milchleistung von 14.000 kg pro Kuh geh\u00f6ren wir zu den besten Milchproduzenten Ungarns.<\/p><p>\u00a0<\/p><p><strong>K\u00e4lber und F\u00e4rsenaufzucht<\/strong><\/p><p>Unsere K\u00e4lber sind die Zukunft unseres Betriebs, daher legen wir gro\u00dfen Wert auf eine hygienische und gesunde Aufzucht. Die K\u00e4lber kommen im Alter von zwei Tagen aus dem Abkalbestall in die K\u00e4lberaufzucht. Zwischen dem 67. und 73. Tag werden sie abgesetzt und im Alter von 120 bis 130 Tagen zu unserem Aufzuchtsstandort in \u00dajpuszta gebracht.<\/p><p>Der Standort in \u00dajpuszta, Kisigm\u00e1nd, beherbergt 950 bis 1.000 Jungtiere und 100 bis 120 Trockensteher. Unser Hauptziel ist es, gesunde und leistungsstarke Zuchtf\u00e4rsen in optimaler Kondition zu entwickeln, die sp\u00e4ter hohe Milchleistungen erbringen. Die Tiere werden in St\u00e4llen mit Tiefstreu und Liegeboxen gehalten und haben zudem Zugang zu einem Au\u00dfenbereich im Paddock. Unser Besamungsindex von 1,75 zeigt die gute Gesundheit und Leistungsf\u00e4higkeit unserer Herde.<\/p>\t\t\t\t\t\t\t\t<\/div>\n\t\t\t\t<\/div>\n\t\t\t\t\t<\/div>\n\t\t<\/div>\n\t\t\t\t\t<\/div>\n\t\t<\/section>\n\t\t<div class=\"elementor-element elementor-element-220fe71 e-flex e-con-boxed e-con e-parent\" data-id=\"220fe71\" data-element_type=\"container\">\n\t\t\t\t\t<div class=\"e-con-inner\">\n\t\t\t\t<div class=\"elementor-element elementor-element-a2a1ba4 elementor-widget elementor-widget-gallery\" data-id=\"a2a1ba4\" data-element_type=\"widget\" data-settings=\"{&quot;lazyload&quot;:&quot;yes&quot;,&quot;gallery_layout&quot;:&quot;grid&quot;,&quot;columns&quot;:4,&quot;columns_tablet&quot;:2,&quot;columns_mobile&quot;:1,&quot;gap&quot;:{&quot;unit&quot;:&quot;px&quot;,&quot;size&quot;:10,&quot;sizes&quot;:[]},&quot;gap_laptop&quot;:{&quot;unit&quot;:&quot;px&quot;,&quot;size&quot;:10,&quot;sizes&quot;:[]},&quot;gap_tablet_extra&quot;:{&quot;unit&quot;:&quot;px&quot;,&quot;size&quot;:10,&quot;sizes&quot;:[]},&quot;gap_tablet&quot;:{&quot;unit&quot;:&quot;px&quot;,&quot;size&quot;:10,&quot;sizes&quot;:[]},&quot;gap_mobile_extra&quot;:{&quot;unit&quot;:&quot;px&quot;,&quot;size&quot;:10,&quot;sizes&quot;:[]},&quot;gap_mobile&quot;:{&quot;unit&quot;:&quot;px&quot;,&quot;size&quot;:10,&quot;sizes&quot;:[]},&quot;link_to&quot;:&quot;file&quot;,&quot;aspect_ratio&quot;:&quot;3:2&quot;,&quot;overlay_background&quot;:&quot;yes&quot;,&quot;content_hover_animation&quot;:&quot;fade-in&quot;}\" data-widget_type=\"gallery.default\">\n\t\t\t\t<div class=\"elementor-widget-container\">\n\t\t\t\t\t\t\t<div class=\"elementor-gallery__container\">\n\t\t\t\t\t\t\t<a class=\"e-gallery-item elementor-gallery-item elementor-animated-content\" href=\"https:\/\/solum.hu\/wp-content\/uploads\/2025\/07\/20240910-_DSC4501_web.jpg\" data-elementor-open-lightbox=\"yes\" data-elementor-lightbox-slideshow=\"a2a1ba4\" data-elementor-lightbox-title=\"20240910-_DSC4501_web\" data-e-action-hash=\"#elementor-action%3Aaction%3Dlightbox%26settings%3DeyJpZCI6MzA1MSwidXJsIjoiaHR0cHM6XC9cL3NvbHVtLmh1XC93cC1jb250ZW50XC91cGxvYWRzXC8yMDI1XC8wN1wvMjAyNDA5MTAtX0RTQzQ1MDFfd2ViLmpwZyIsInNsaWRlc2hvdyI6ImEyYTFiYTQifQ%3D%3D\">\n\t\t\t\t\t<div class=\"e-gallery-image elementor-gallery-item__image\" data-thumbnail=\"https:\/\/solum.hu\/wp-content\/uploads\/2025\/07\/20240910-_DSC4501_web-300x200.jpg\" data-width=\"300\" data-height=\"200\" aria-label=\"\" role=\"img\" ><\/div>\n\t\t\t\t\t\t\t\t\t\t\t<div class=\"elementor-gallery-item__overlay\"><\/div>\n\t\t\t\t\t\t\t\t\t\t\t\t\t\t<\/a>\n\t\t\t\t\t\t\t<a class=\"e-gallery-item elementor-gallery-item elementor-animated-content\" href=\"https:\/\/solum.hu\/wp-content\/uploads\/2025\/07\/DJI_20240716141308_0003_D_ret_web.jpg\" data-elementor-open-lightbox=\"yes\" data-elementor-lightbox-slideshow=\"a2a1ba4\" data-elementor-lightbox-title=\"DJI_20240716141308_0003_D_ret_web\" data-e-action-hash=\"#elementor-action%3Aaction%3Dlightbox%26settings%3DeyJpZCI6MzA1NiwidXJsIjoiaHR0cHM6XC9cL3NvbHVtLmh1XC93cC1jb250ZW50XC91cGxvYWRzXC8yMDI1XC8wN1wvREpJXzIwMjQwNzE2MTQxMzA4XzAwMDNfRF9yZXRfd2ViLmpwZyIsInNsaWRlc2hvdyI6ImEyYTFiYTQifQ%3D%3D\">\n\t\t\t\t\t<div class=\"e-gallery-image elementor-gallery-item__image\" data-thumbnail=\"https:\/\/solum.hu\/wp-content\/uploads\/2025\/07\/DJI_20240716141308_0003_D_ret_web-300x225.jpg\" data-width=\"300\" data-height=\"225\" aria-label=\"\" role=\"img\" ><\/div>\n\t\t\t\t\t\t\t\t\t\t\t<div class=\"elementor-gallery-item__overlay\"><\/div>\n\t\t\t\t\t\t\t\t\t\t\t\t\t\t<\/a>\n\t\t\t\t\t\t\t<a class=\"e-gallery-item elementor-gallery-item elementor-animated-content\" href=\"https:\/\/solum.hu\/wp-content\/uploads\/2025\/07\/20240910-_DSC4900_web.jpg\" data-elementor-open-lightbox=\"yes\" data-elementor-lightbox-slideshow=\"a2a1ba4\" data-elementor-lightbox-title=\"20240910-_DSC4900_web\" data-e-action-hash=\"#elementor-action%3Aaction%3Dlightbox%26settings%3DeyJpZCI6MzA1MywidXJsIjoiaHR0cHM6XC9cL3NvbHVtLmh1XC93cC1jb250ZW50XC91cGxvYWRzXC8yMDI1XC8wN1wvMjAyNDA5MTAtX0RTQzQ5MDBfd2ViLmpwZyIsInNsaWRlc2hvdyI6ImEyYTFiYTQifQ%3D%3D\">\n\t\t\t\t\t<div class=\"e-gallery-image elementor-gallery-item__image\" data-thumbnail=\"https:\/\/solum.hu\/wp-content\/uploads\/2025\/07\/20240910-_DSC4900_web-300x200.jpg\" data-width=\"300\" data-height=\"200\" aria-label=\"\" role=\"img\" ><\/div>\n\t\t\t\t\t\t\t\t\t\t\t<div class=\"elementor-gallery-item__overlay\"><\/div>\n\t\t\t\t\t\t\t\t\t\t\t\t\t\t<\/a>\n\t\t\t\t\t\t\t<a class=\"e-gallery-item elementor-gallery-item elementor-animated-content\" href=\"https:\/\/solum.hu\/wp-content\/uploads\/2025\/07\/20240910-_DSC5159_web.jpg\" data-elementor-open-lightbox=\"yes\" data-elementor-lightbox-slideshow=\"a2a1ba4\" data-elementor-lightbox-title=\"20240910-_DSC5159_web\" data-e-action-hash=\"#elementor-action%3Aaction%3Dlightbox%26settings%3DeyJpZCI6MzA1NCwidXJsIjoiaHR0cHM6XC9cL3NvbHVtLmh1XC93cC1jb250ZW50XC91cGxvYWRzXC8yMDI1XC8wN1wvMjAyNDA5MTAtX0RTQzUxNTlfd2ViLmpwZyIsInNsaWRlc2hvdyI6ImEyYTFiYTQifQ%3D%3D\">\n\t\t\t\t\t<div class=\"e-gallery-image elementor-gallery-item__image\" data-thumbnail=\"https:\/\/solum.hu\/wp-content\/uploads\/2025\/07\/20240910-_DSC5159_web-300x200.jpg\" data-width=\"300\" data-height=\"200\" aria-label=\"\" role=\"img\" ><\/div>\n\t\t\t\t\t\t\t\t\t\t\t<div class=\"elementor-gallery-item__overlay\"><\/div>\n\t\t\t\t\t\t\t\t\t\t\t\t\t\t<\/a>\n\t\t\t\t\t\t\t<a class=\"e-gallery-item elementor-gallery-item elementor-animated-content\" href=\"https:\/\/solum.hu\/wp-content\/uploads\/2025\/07\/20240910-_DSC5176_web.jpg\" data-elementor-open-lightbox=\"yes\" data-elementor-lightbox-slideshow=\"a2a1ba4\" data-elementor-lightbox-title=\"20240910-_DSC5176_web\" data-e-action-hash=\"#elementor-action%3Aaction%3Dlightbox%26settings%3DeyJpZCI6MzA1NSwidXJsIjoiaHR0cHM6XC9cL3NvbHVtLmh1XC93cC1jb250ZW50XC91cGxvYWRzXC8yMDI1XC8wN1wvMjAyNDA5MTAtX0RTQzUxNzZfd2ViLmpwZyIsInNsaWRlc2hvdyI6ImEyYTFiYTQifQ%3D%3D\">\n\t\t\t\t\t<div class=\"e-gallery-image elementor-gallery-item__image\" data-thumbnail=\"https:\/\/solum.hu\/wp-content\/uploads\/2025\/07\/20240910-_DSC5176_web-300x200.jpg\" data-width=\"300\" data-height=\"200\" aria-label=\"\" role=\"img\" ><\/div>\n\t\t\t\t\t\t\t\t\t\t\t<div class=\"elementor-gallery-item__overlay\"><\/div>\n\t\t\t\t\t\t\t\t\t\t\t\t\t\t<\/a>\n\t\t\t\t\t\t\t<a class=\"e-gallery-item elementor-gallery-item elementor-animated-content\" href=\"https:\/\/solum.hu\/wp-content\/uploads\/2025\/07\/20240910-_DSC4748_web.jpg\" data-elementor-open-lightbox=\"yes\" data-elementor-lightbox-slideshow=\"a2a1ba4\" data-elementor-lightbox-title=\"20240910-_DSC4748_web\" data-e-action-hash=\"#elementor-action%3Aaction%3Dlightbox%26settings%3DeyJpZCI6MzA1MiwidXJsIjoiaHR0cHM6XC9cL3NvbHVtLmh1XC93cC1jb250ZW50XC91cGxvYWRzXC8yMDI1XC8wN1wvMjAyNDA5MTAtX0RTQzQ3NDhfd2ViLmpwZyIsInNsaWRlc2hvdyI6ImEyYTFiYTQifQ%3D%3D\">\n\t\t\t\t\t<div class=\"e-gallery-image elementor-gallery-item__image\" data-thumbnail=\"https:\/\/solum.hu\/wp-content\/uploads\/2025\/07\/20240910-_DSC4748_web-300x200.jpg\" data-width=\"300\" data-height=\"200\" aria-label=\"\" role=\"img\" ><\/div>\n\t\t\t\t\t\t\t\t\t\t\t<div class=\"elementor-gallery-item__overlay\"><\/div>\n\t\t\t\t\t\t\t\t\t\t\t\t\t\t<\/a>\n\t\t\t\t\t\t\t<a class=\"e-gallery-item elementor-gallery-item elementor-animated-content\" href=\"https:\/\/solum.hu\/wp-content\/uploads\/2025\/07\/DSCN6646_web.jpg\" data-elementor-open-lightbox=\"yes\" data-elementor-lightbox-slideshow=\"a2a1ba4\" data-elementor-lightbox-title=\"DSCN6646_web\" data-e-action-hash=\"#elementor-action%3Aaction%3Dlightbox%26settings%3DeyJpZCI6MzA1NywidXJsIjoiaHR0cHM6XC9cL3NvbHVtLmh1XC93cC1jb250ZW50XC91cGxvYWRzXC8yMDI1XC8wN1wvRFNDTjY2NDZfd2ViLmpwZyIsInNsaWRlc2hvdyI6ImEyYTFiYTQifQ%3D%3D\">\n\t\t\t\t\t<div class=\"e-gallery-image elementor-gallery-item__image\" data-thumbnail=\"https:\/\/solum.hu\/wp-content\/uploads\/2025\/07\/DSCN6646_web-300x225.jpg\" data-width=\"300\" data-height=\"225\" aria-label=\"\" role=\"img\" ><\/div>\n\t\t\t\t\t\t\t\t\t\t\t<div class=\"elementor-gallery-item__overlay\"><\/div>\n\t\t\t\t\t\t\t\t\t\t\t\t\t\t<\/a>\n\t\t\t\t\t\t\t<a class=\"e-gallery-item elementor-gallery-item elementor-animated-content\" href=\"https:\/\/solum.hu\/wp-content\/uploads\/2023\/07\/DSCN4699-scaled.jpg\" data-elementor-open-lightbox=\"yes\" data-elementor-lightbox-slideshow=\"a2a1ba4\" data-elementor-lightbox-title=\"DSCN4699\" data-e-action-hash=\"#elementor-action%3Aaction%3Dlightbox%26settings%3DeyJpZCI6MTg2NSwidXJsIjoiaHR0cHM6XC9cL3NvbHVtLmh1XC93cC1jb250ZW50XC91cGxvYWRzXC8yMDIzXC8wN1wvRFNDTjQ2OTktc2NhbGVkLmpwZyIsInNsaWRlc2hvdyI6ImEyYTFiYTQifQ%3D%3D\">\n\t\t\t\t\t<div class=\"e-gallery-image elementor-gallery-item__image\" data-thumbnail=\"https:\/\/solum.hu\/wp-content\/uploads\/2023\/07\/DSCN4699-300x225.jpg\" data-width=\"300\" data-height=\"225\" aria-label=\"\" role=\"img\" ><\/div>\n\t\t\t\t\t\t\t\t\t\t\t<div class=\"elementor-gallery-item__overlay\"><\/div>\n\t\t\t\t\t\t\t\t\t\t\t\t\t\t<\/a>\n\t\t\t\t\t\t\t<a class=\"e-gallery-item elementor-gallery-item elementor-animated-content\" href=\"https:\/\/solum.hu\/wp-content\/uploads\/2023\/07\/DSCN4720-scaled.jpg\" data-elementor-open-lightbox=\"yes\" data-elementor-lightbox-slideshow=\"a2a1ba4\" data-elementor-lightbox-title=\"DSCN4720\" data-e-action-hash=\"#elementor-action%3Aaction%3Dlightbox%26settings%3DeyJpZCI6MTg2NiwidXJsIjoiaHR0cHM6XC9cL3NvbHVtLmh1XC93cC1jb250ZW50XC91cGxvYWRzXC8yMDIzXC8wN1wvRFNDTjQ3MjAtc2NhbGVkLmpwZyIsInNsaWRlc2hvdyI6ImEyYTFiYTQifQ%3D%3D\">\n\t\t\t\t\t<div class=\"e-gallery-image elementor-gallery-item__image\" data-thumbnail=\"https:\/\/solum.hu\/wp-content\/uploads\/2023\/07\/DSCN4720-300x225.jpg\" data-width=\"300\" data-height=\"225\" aria-label=\"\" role=\"img\" ><\/div>\n\t\t\t\t\t\t\t\t\t\t\t<div class=\"elementor-gallery-item__overlay\"><\/div>\n\t\t\t\t\t\t\t\t\t\t\t\t\t\t<\/a>\n\t\t\t\t\t\t\t<a class=\"e-gallery-item elementor-gallery-item elementor-animated-content\" href=\"https:\/\/solum.hu\/wp-content\/uploads\/2023\/07\/DSCN4748-scaled.jpg\" data-elementor-open-lightbox=\"yes\" data-elementor-lightbox-slideshow=\"a2a1ba4\" data-elementor-lightbox-title=\"DSCN4748\" data-e-action-hash=\"#elementor-action%3Aaction%3Dlightbox%26settings%3DeyJpZCI6MTg2NywidXJsIjoiaHR0cHM6XC9cL3NvbHVtLmh1XC93cC1jb250ZW50XC91cGxvYWRzXC8yMDIzXC8wN1wvRFNDTjQ3NDgtc2NhbGVkLmpwZyIsInNsaWRlc2hvdyI6ImEyYTFiYTQifQ%3D%3D\">\n\t\t\t\t\t<div class=\"e-gallery-image elementor-gallery-item__image\" data-thumbnail=\"https:\/\/solum.hu\/wp-content\/uploads\/2023\/07\/DSCN4748-300x225.jpg\" data-width=\"300\" data-height=\"225\" aria-label=\"\" role=\"img\" ><\/div>\n\t\t\t\t\t\t\t\t\t\t\t<div class=\"elementor-gallery-item__overlay\"><\/div>\n\t\t\t\t\t\t\t\t\t\t\t\t\t\t<\/a>\n\t\t\t\t\t\t\t<a class=\"e-gallery-item elementor-gallery-item elementor-animated-content\" href=\"https:\/\/solum.hu\/wp-content\/uploads\/2023\/07\/DSCN4871-scaled.jpg\" data-elementor-open-lightbox=\"yes\" data-elementor-lightbox-slideshow=\"a2a1ba4\" data-elementor-lightbox-title=\"DSCN4871\" data-e-action-hash=\"#elementor-action%3Aaction%3Dlightbox%26settings%3DeyJpZCI6MTg3MSwidXJsIjoiaHR0cHM6XC9cL3NvbHVtLmh1XC93cC1jb250ZW50XC91cGxvYWRzXC8yMDIzXC8wN1wvRFNDTjQ4NzEtc2NhbGVkLmpwZyIsInNsaWRlc2hvdyI6ImEyYTFiYTQifQ%3D%3D\">\n\t\t\t\t\t<div class=\"e-gallery-image elementor-gallery-item__image\" data-thumbnail=\"https:\/\/solum.hu\/wp-content\/uploads\/2023\/07\/DSCN4871-300x225.jpg\" data-width=\"300\" data-height=\"225\" aria-label=\"\" role=\"img\" ><\/div>\n\t\t\t\t\t\t\t\t\t\t\t<div class=\"elementor-gallery-item__overlay\"><\/div>\n\t\t\t\t\t\t\t\t\t\t\t\t\t\t<\/a>\n\t\t\t\t\t\t\t<a class=\"e-gallery-item elementor-gallery-item elementor-animated-content\" href=\"https:\/\/solum.hu\/wp-content\/uploads\/2023\/07\/DSCN4493-scaled.jpg\" data-elementor-open-lightbox=\"yes\" data-elementor-lightbox-slideshow=\"a2a1ba4\" data-elementor-lightbox-title=\"DSCN4493\" data-e-action-hash=\"#elementor-action%3Aaction%3Dlightbox%26settings%3DeyJpZCI6MTg1OCwidXJsIjoiaHR0cHM6XC9cL3NvbHVtLmh1XC93cC1jb250ZW50XC91cGxvYWRzXC8yMDIzXC8wN1wvRFNDTjQ0OTMtc2NhbGVkLmpwZyIsInNsaWRlc2hvdyI6ImEyYTFiYTQifQ%3D%3D\">\n\t\t\t\t\t<div class=\"e-gallery-image elementor-gallery-item__image\" data-thumbnail=\"https:\/\/solum.hu\/wp-content\/uploads\/2023\/07\/DSCN4493-300x225.jpg\" data-width=\"300\" data-height=\"225\" aria-label=\"\" role=\"img\" ><\/div>\n\t\t\t\t\t\t\t\t\t\t\t<div class=\"elementor-gallery-item__overlay\"><\/div>\n\t\t\t\t\t\t\t\t\t\t\t\t\t\t<\/a>\n\t\t\t\t\t<\/div>\n\t\t\t\t\t<\/div>\n\t\t\t\t<\/div>\n\t\t\t\t\t<\/div>\n\t\t\t\t<\/div>\n\t\t<div class=\"elementor-element elementor-element-8adb8a7 e-flex e-con-boxed e-con e-parent\" data-id=\"8adb8a7\" data-element_type=\"container\">\n\t\t\t\t\t<div class=\"e-con-inner\">\n\t\t\t\t<div class=\"elementor-element elementor-element-354d891 elementor-widget elementor-widget-spacer\" data-id=\"354d891\" data-element_type=\"widget\" data-widget_type=\"spacer.default\">\n\t\t\t\t<div class=\"elementor-widget-container\">\n\t\t\t\t\t\t\t<div class=\"elementor-spacer\">\n\t\t\t<div class=\"elementor-spacer-inner\"><\/div>\n\t\t<\/div>\n\t\t\t\t\t\t<\/div>\n\t\t\t\t<\/div>\n\t\t\t\t\t<\/div>\n\t\t\t\t<\/div>\n\t\t\t\t<\/div>","protected":false},"excerpt":{"rendered":"<p>A cs\u00e9mi tehen\u00e9szeti telep 1976-ban \u00e9p\u00fclt kaliforniai mint\u00e1ra. A t\u00f6bb mint 10 hekt\u00e1ron elhelyezked\u0151 telep t\u00f6bbsz\u00f6r is \u00e1t\u00e9p\u00edt\u00e9sre ker\u00fclt. 2022-ben ATK p\u00e1ly\u00e1zat keret\u00e9ben a telep t\u00e1mogat\u00e1st nyert kett\u0151 600 f\u00e9r\u0151helyes ist\u00e1ll\u00f3 \u00e9s egy 2 x 24 fej\u0151\u00e1ll\u00e1st mag\u00e1ba foglal\u00f3 Boumatic Xpressway fej\u0151h\u00e1z meg\u00e9p\u00edt\u00e9s\u00e9re. \u00a0 T\u00e1gas ist\u00e1ll\u00f3k egy produkt\u00edv \u00e1llom\u00e1ny sz\u00e1m\u00e1ra K\u00e9t \u00e9s f\u00e9l \u00e9v alatt [&hellip;]<\/p>","protected":false},"author":1,"featured_media":3058,"parent":647,"menu_order":0,"comment_status":"closed","ping_status":"closed","template":"","meta":{"footnotes":""},"class_list":["post-94","page","type-page","status-publish","has-post-thumbnail","hentry"],"_links":{"self":[{"href":"https:\/\/solum.hu\/de\/wp-json\/wp\/v2\/pages\/94","targetHints":{"allow":["GET"]}}],"collection":[{"href":"https:\/\/solum.hu\/de\/wp-json\/wp\/v2\/pages"}],"about":[{"href":"https:\/\/solum.hu\/de\/wp-json\/wp\/v2\/types\/page"}],"author":[{"embeddable":true,"href":"https:\/\/solum.hu\/de\/wp-json\/wp\/v2\/users\/1"}],"replies":[{"embeddable":true,"href":"https:\/\/solum.hu\/de\/wp-json\/wp\/v2\/comments?post=94"}],"version-history":[{"count":4,"href":"https:\/\/solum.hu\/de\/wp-json\/wp\/v2\/pages\/94\/revisions"}],"predecessor-version":[{"id":3065,"href":"https:\/\/solum.hu\/de\/wp-json\/wp\/v2\/pages\/94\/revisions\/3065"}],"up":[{"embeddable":true,"href":"https:\/\/solum.hu\/de\/wp-json\/wp\/v2\/pages\/647"}],"wp:featuredmedia":[{"embeddable":true,"href":"https:\/\/solum.hu\/de\/wp-json\/wp\/v2\/media\/3058"}],"wp:attachment":[{"href":"https:\/\/solum.hu\/de\/wp-json\/wp\/v2\/media?parent=94"}],"curies":[{"name":"wp","href":"https:\/\/api.w.org\/{rel}","templated":true}]}}